{"id":2619,"date":"2024-03-22T13:38:08","date_gmt":"2024-03-22T16:38:08","guid":{"rendered":"https:\/\/energis8brasil.byteforce-ai.com\/?post_type=product&#038;p=2619"},"modified":"2024-03-22T13:41:18","modified_gmt":"2024-03-22T16:41:18","slug":"hercon-vaccum-pump-oil","status":"publish","type":"product","link":"https:\/\/energis8brasil.byteforce-ai.com\/en\/product\/hercon-vaccum-pump-oil\/","title":{"rendered":"Hercon Vaccum Pump Oil"},"content":{"rendered":"","protected":false},"excerpt":{"rendered":"<p>\u00d3leo lubrificante mineral especialmente desenvolvido para utiliza\u00e7\u00e3o em bombas a v\u00e1cuo acopladas em sistemas de ordenhadeiras. Proporciona maior prote\u00e7\u00e3o contra o desgaste, corros\u00e3o e forma\u00e7\u00e3o de espuma, al\u00e9m de garantir maior demulsibilidade.<\/p>\n<p><strong>Atende \u00e0s Especifica\u00e7\u00f5es:<\/strong>\u00a0Parker Denison: HF-0\/HF-1\/HF-2; Eaton Brochure for 35VQ35A (formerly M-2950-S and I-286-S); Cincinnati Machine P-69; DIN 51524-Part 2; GM LS2; ISO 11158 Categories (HM); ASTM 6158 Type (HM); Afnor NF E 48-603 (HM)<br \/>\n<strong>Dispon\u00edvel nas Viscosidades ISO VG:<\/strong>\u00a068<br \/>\n<strong>Embalagens:<\/strong>\u00a012x1L<\/p>","protected":false},"featured_media":2623,"template":"","meta":{"neve_meta_sidebar":"","neve_meta_container":"","neve_meta_enable_content_width":"off","neve_meta_content_width":100,"neve_meta_title_alignment":"","neve_meta_author_avatar":"","neve_post_elements_order":"","neve_meta_disable_header":"","neve_meta_disable_footer":"","neve_meta_disable_title":""},"product_cat":[26,34],"product_tag":[39],"class_list":{"0":"post-2619","1":"product","2":"type-product","3":"status-publish","4":"has-post-thumbnail","6":"product_cat-lubrificantes","7":"product_cat-transmissoes-automaticas","8":"product_tag-industrial","10":"first","11":"instock","12":"shipping-taxable","13":"product-type-simple"},"_links":{"self":[{"href":"https:\/\/energis8brasil.byteforce-ai.com\/en\/wp-json\/wp\/v2\/product\/2619","targetHints":{"allow":["GET"]}}],"collection":[{"href":"https:\/\/energis8brasil.byteforce-ai.com\/en\/wp-json\/wp\/v2\/product"}],"about":[{"href":"https:\/\/energis8brasil.byteforce-ai.com\/en\/wp-json\/wp\/v2\/types\/product"}],"wp:featuredmedia":[{"embeddable":true,"href":"https:\/\/energis8brasil.byteforce-ai.com\/en\/wp-json\/wp\/v2\/media\/2623"}],"wp:attachment":[{"href":"https:\/\/energis8brasil.byteforce-ai.com\/en\/wp-json\/wp\/v2\/media?parent=2619"}],"wp:term":[{"taxonomy":"product_cat","embeddable":true,"href":"https:\/\/energis8brasil.byteforce-ai.com\/en\/wp-json\/wp\/v2\/product_cat?post=2619"},{"taxonomy":"product_tag","embeddable":true,"href":"https:\/\/energis8brasil.byteforce-ai.com\/en\/wp-json\/wp\/v2\/product_tag?post=2619"}],"curies":[{"name":"wp","href":"https:\/\/api.w.org\/{rel}","templated":true}]}}