{"id":2618,"date":"2024-03-22T13:38:05","date_gmt":"2024-03-22T16:38:05","guid":{"rendered":"https:\/\/energis8brasil.byteforce-ai.com\/?post_type=product&#038;p=2618"},"modified":"2024-03-22T13:40:47","modified_gmt":"2024-03-22T16:40:47","slug":"cpsr-iii-series","status":"publish","type":"product","link":"https:\/\/energis8brasil.byteforce-ai.com\/en\/product\/cpsr-iii-series\/","title":{"rendered":"CPSR-III Series"},"content":{"rendered":"","protected":false},"excerpt":{"rendered":"<p>Lubrificante mineral indicado para redutores industriais, equipamentos de constru\u00e7\u00e3o civil e mineradoras que possuam engrenagens de dentes retos, c\u00f4nicos ou helicoidais, onde seja necessi\u00e1rio um produto que suporte regimes severos e cargas elevadas de opera\u00e7\u00e3o. Este produto foi desenvolvido com aditivos especiais que lhe conferem boa estabilidade \u00e0 oxida\u00e7\u00e3o, prote\u00e7\u00e3o contra a corros\u00e3o, resist\u00eancia a altas temperaturas e ao desgaste.<\/p>\n<p><strong>Atende \u00e0s Especifica\u00e7\u00f5es:<\/strong>\u00a0U.S Steel 224; Agma 250.04; Din 51517-Parte 3.<br \/>\n<strong>Dispon\u00edvel nas Viscosidades ISO VG:<\/strong>\u00a068, 100, 150, 220, 320, 460 e 680<br \/>\n<strong>Embalagens:<\/strong>\u00a0Granel \u2013 20L \u2013 200L<\/p>","protected":false},"featured_media":2620,"template":"","meta":{"neve_meta_sidebar":"","neve_meta_container":"","neve_meta_enable_content_width":"off","neve_meta_content_width":100,"neve_meta_title_alignment":"","neve_meta_author_avatar":"","neve_post_elements_order":"","neve_meta_disable_header":"","neve_meta_disable_footer":"","neve_meta_disable_title":""},"product_cat":[26,34],"product_tag":[39],"class_list":{"0":"post-2618","1":"product","2":"type-product","3":"status-publish","4":"has-post-thumbnail","6":"product_cat-lubrificantes","7":"product_cat-transmissoes-automaticas","8":"product_tag-industrial","10":"first","11":"instock","12":"shipping-taxable","13":"product-type-simple"},"_links":{"self":[{"href":"https:\/\/energis8brasil.byteforce-ai.com\/en\/wp-json\/wp\/v2\/product\/2618","targetHints":{"allow":["GET"]}}],"collection":[{"href":"https:\/\/energis8brasil.byteforce-ai.com\/en\/wp-json\/wp\/v2\/product"}],"about":[{"href":"https:\/\/energis8brasil.byteforce-ai.com\/en\/wp-json\/wp\/v2\/types\/product"}],"wp:featuredmedia":[{"embeddable":true,"href":"https:\/\/energis8brasil.byteforce-ai.com\/en\/wp-json\/wp\/v2\/media\/2620"}],"wp:attachment":[{"href":"https:\/\/energis8brasil.byteforce-ai.com\/en\/wp-json\/wp\/v2\/media?parent=2618"}],"wp:term":[{"taxonomy":"product_cat","embeddable":true,"href":"https:\/\/energis8brasil.byteforce-ai.com\/en\/wp-json\/wp\/v2\/product_cat?post=2618"},{"taxonomy":"product_tag","embeddable":true,"href":"https:\/\/energis8brasil.byteforce-ai.com\/en\/wp-json\/wp\/v2\/product_tag?post=2618"}],"curies":[{"name":"wp","href":"https:\/\/api.w.org\/{rel}","templated":true}]}}