{"id":2617,"date":"2024-03-22T13:38:01","date_gmt":"2024-03-22T16:38:01","guid":{"rendered":"https:\/\/energis8brasil.byteforce-ai.com\/?post_type=product&#038;p=2617"},"modified":"2024-03-22T13:40:10","modified_gmt":"2024-03-22T16:40:10","slug":"emul-synthetic","status":"publish","type":"product","link":"https:\/\/energis8brasil.byteforce-ai.com\/en\/product\/emul-synthetic\/","title":{"rendered":"Emul Synthetic"},"content":{"rendered":"","protected":false},"excerpt":{"rendered":"<p>\u00d3leo de corte sol\u00favel 100% sint\u00e9tico, desenvolvido com aditivos anticorrosivos, antiespumantes e bactericidas. Produto indicado para opera\u00e7\u00f5es de ret\u00edfica e usinagem de materiais n\u00e3o ferrosos, pois n\u00e3o provoca manchas nas pe\u00e7as. Pode ser utilizado tamb\u00e9m em materiais ferrosos com baixo teor de carbono.<\/p>\n<p><strong>Embalagens:<\/strong>\u00a0Granel \u2013 20L \u2013 200L<\/p>","protected":false},"featured_media":2622,"template":"","meta":{"neve_meta_sidebar":"","neve_meta_container":"","neve_meta_enable_content_width":"off","neve_meta_content_width":100,"neve_meta_title_alignment":"","neve_meta_author_avatar":"","neve_post_elements_order":"","neve_meta_disable_header":"","neve_meta_disable_footer":"","neve_meta_disable_title":""},"product_cat":[26,34],"product_tag":[39],"class_list":{"0":"post-2617","1":"product","2":"type-product","3":"status-publish","4":"has-post-thumbnail","6":"product_cat-lubrificantes","7":"product_cat-transmissoes-automaticas","8":"product_tag-industrial","10":"first","11":"instock","12":"shipping-taxable","13":"product-type-simple"},"_links":{"self":[{"href":"https:\/\/energis8brasil.byteforce-ai.com\/en\/wp-json\/wp\/v2\/product\/2617","targetHints":{"allow":["GET"]}}],"collection":[{"href":"https:\/\/energis8brasil.byteforce-ai.com\/en\/wp-json\/wp\/v2\/product"}],"about":[{"href":"https:\/\/energis8brasil.byteforce-ai.com\/en\/wp-json\/wp\/v2\/types\/product"}],"wp:featuredmedia":[{"embeddable":true,"href":"https:\/\/energis8brasil.byteforce-ai.com\/en\/wp-json\/wp\/v2\/media\/2622"}],"wp:attachment":[{"href":"https:\/\/energis8brasil.byteforce-ai.com\/en\/wp-json\/wp\/v2\/media?parent=2617"}],"wp:term":[{"taxonomy":"product_cat","embeddable":true,"href":"https:\/\/energis8brasil.byteforce-ai.com\/en\/wp-json\/wp\/v2\/product_cat?post=2617"},{"taxonomy":"product_tag","embeddable":true,"href":"https:\/\/energis8brasil.byteforce-ai.com\/en\/wp-json\/wp\/v2\/product_tag?post=2617"}],"curies":[{"name":"wp","href":"https:\/\/api.w.org\/{rel}","templated":true}]}}