{"id":2615,"date":"2024-03-22T13:37:58","date_gmt":"2024-03-22T16:37:58","guid":{"rendered":"https:\/\/energis8brasil.byteforce-ai.com\/?post_type=product&#038;p=2615"},"modified":"2024-03-22T13:39:17","modified_gmt":"2024-03-22T16:39:17","slug":"lg-lavavel-tex","status":"publish","type":"product","link":"https:\/\/energis8brasil.byteforce-ai.com\/en\/product\/lg-lavavel-tex\/","title":{"rendered":"LG Lav\u00e1vel Tex"},"content":{"rendered":"","protected":false},"excerpt":{"rendered":"<p>Lubrificante indicado para agulhas de m\u00e1quinas t\u00eaxteis, formulado a partir de \u00f3leos b\u00e1sicos minerais de alta qualidade e aditivos especiais que conferem ao produto caracter\u00edsticas especiais de resist\u00eancia \u00e0 oxida\u00e7\u00e3o, aquecimento e desgaste, promovendo uma excelente lavabilidade ao tecido. Por ser um lubrificante sol\u00favel, este produto \u00e9 facilmente removido, n\u00e3o causando manchas aos tecidos.<\/p>\n<p><strong>Dispon\u00edvel nas Viscosidades ISO VG:<\/strong>\u00a010, 22, 32, 46, 68, 100 e 150<br \/>\n<strong>Embalagens:<\/strong>\u00a0Granel \u2013 20L \u2013 200L<\/p>","protected":false},"featured_media":2624,"template":"","meta":{"neve_meta_sidebar":"","neve_meta_container":"","neve_meta_enable_content_width":"off","neve_meta_content_width":100,"neve_meta_title_alignment":"","neve_meta_author_avatar":"","neve_post_elements_order":"","neve_meta_disable_header":"","neve_meta_disable_footer":"","neve_meta_disable_title":""},"product_cat":[26,34],"product_tag":[39],"class_list":{"0":"post-2615","1":"product","2":"type-product","3":"status-publish","4":"has-post-thumbnail","6":"product_cat-lubrificantes","7":"product_cat-transmissoes-automaticas","8":"product_tag-industrial","10":"first","11":"instock","12":"shipping-taxable","13":"product-type-simple"},"_links":{"self":[{"href":"https:\/\/energis8brasil.byteforce-ai.com\/en\/wp-json\/wp\/v2\/product\/2615","targetHints":{"allow":["GET"]}}],"collection":[{"href":"https:\/\/energis8brasil.byteforce-ai.com\/en\/wp-json\/wp\/v2\/product"}],"about":[{"href":"https:\/\/energis8brasil.byteforce-ai.com\/en\/wp-json\/wp\/v2\/types\/product"}],"wp:featuredmedia":[{"embeddable":true,"href":"https:\/\/energis8brasil.byteforce-ai.com\/en\/wp-json\/wp\/v2\/media\/2624"}],"wp:attachment":[{"href":"https:\/\/energis8brasil.byteforce-ai.com\/en\/wp-json\/wp\/v2\/media?parent=2615"}],"wp:term":[{"taxonomy":"product_cat","embeddable":true,"href":"https:\/\/energis8brasil.byteforce-ai.com\/en\/wp-json\/wp\/v2\/product_cat?post=2615"},{"taxonomy":"product_tag","embeddable":true,"href":"https:\/\/energis8brasil.byteforce-ai.com\/en\/wp-json\/wp\/v2\/product_tag?post=2615"}],"curies":[{"name":"wp","href":"https:\/\/api.w.org\/{rel}","templated":true}]}}