{"id":2613,"date":"2024-03-22T13:35:41","date_gmt":"2024-03-22T16:35:41","guid":{"rendered":"https:\/\/energis8brasil.byteforce-ai.com\/?post_type=product&#038;p=2613"},"modified":"2024-03-22T13:36:17","modified_gmt":"2024-03-22T16:36:17","slug":"lg-series","status":"publish","type":"product","link":"https:\/\/energis8brasil.byteforce-ai.com\/en\/product\/lg-series\/","title":{"rendered":"LG Series"},"content":{"rendered":"","protected":false},"excerpt":{"rendered":"<p>Formulado a partir de \u00f3leos b\u00e1sicos minerais, a fam\u00edlia dos lubrificantes LG apresenta excelentes caracter\u00edsticas de resist\u00eancia a oxida\u00e7\u00e3o. \u00c9 indicado para a lubrifica\u00e7\u00e3o da grande maioria dos compressores de pist\u00e3o (alternativos), sistemas hidr\u00e1ulicos (leves), mancais, sistemas de circula\u00e7\u00e3o e m\u00e1quinas operatrizes.<\/p>\n<p><strong>Dispon\u00edvel nas Viscosidades ISO VG:<\/strong>\u00a010, 22, 32, 46, 68, 100 e 150<br \/>\n<strong>Embalagens:<\/strong>\u00a0Granel \u2013 20L \u2013 200L \u2013 CT. 1000L<\/p>","protected":false},"featured_media":2614,"template":"","meta":{"neve_meta_sidebar":"","neve_meta_container":"","neve_meta_enable_content_width":"off","neve_meta_content_width":100,"neve_meta_title_alignment":"","neve_meta_author_avatar":"","neve_post_elements_order":"","neve_meta_disable_header":"","neve_meta_disable_footer":"","neve_meta_disable_title":""},"product_cat":[26,34],"product_tag":[39],"class_list":{"0":"post-2613","1":"product","2":"type-product","3":"status-publish","4":"has-post-thumbnail","6":"product_cat-lubrificantes","7":"product_cat-transmissoes-automaticas","8":"product_tag-industrial","10":"first","11":"instock","12":"shipping-taxable","13":"product-type-simple"},"_links":{"self":[{"href":"https:\/\/energis8brasil.byteforce-ai.com\/en\/wp-json\/wp\/v2\/product\/2613","targetHints":{"allow":["GET"]}}],"collection":[{"href":"https:\/\/energis8brasil.byteforce-ai.com\/en\/wp-json\/wp\/v2\/product"}],"about":[{"href":"https:\/\/energis8brasil.byteforce-ai.com\/en\/wp-json\/wp\/v2\/types\/product"}],"wp:featuredmedia":[{"embeddable":true,"href":"https:\/\/energis8brasil.byteforce-ai.com\/en\/wp-json\/wp\/v2\/media\/2614"}],"wp:attachment":[{"href":"https:\/\/energis8brasil.byteforce-ai.com\/en\/wp-json\/wp\/v2\/media?parent=2613"}],"wp:term":[{"taxonomy":"product_cat","embeddable":true,"href":"https:\/\/energis8brasil.byteforce-ai.com\/en\/wp-json\/wp\/v2\/product_cat?post=2613"},{"taxonomy":"product_tag","embeddable":true,"href":"https:\/\/energis8brasil.byteforce-ai.com\/en\/wp-json\/wp\/v2\/product_tag?post=2613"}],"curies":[{"name":"wp","href":"https:\/\/api.w.org\/{rel}","templated":true}]}}