{"id":2611,"date":"2024-03-22T13:34:52","date_gmt":"2024-03-22T16:34:52","guid":{"rendered":"https:\/\/energis8brasil.byteforce-ai.com\/?post_type=product&#038;p=2611"},"modified":"2024-03-22T13:35:27","modified_gmt":"2024-03-22T16:35:27","slug":"text-series","status":"publish","type":"product","link":"https:\/\/energis8brasil.byteforce-ai.com\/en\/product\/text-series\/","title":{"rendered":"Text Series"},"content":{"rendered":"","protected":false},"excerpt":{"rendered":"<p>Lubrificante indicado para opera\u00e7\u00f5es ou equipamentos industriais que seja necess\u00e1rio a utiliza\u00e7\u00e3o de um produto atigotejante, que n\u00e3o respingue ou escorra, mantendo sempre uma perfeita pel\u00edcula de lubrifica\u00e7\u00e3o. Este produto \u00e9 indicado para m\u00e1quinas t\u00eaxteis para aplica\u00e7\u00e3o nas guias, colunas e barramentos, operando em diversos posicionamentos e dire\u00e7\u00f5es.<\/p>\n<p><strong>Atende \u00e0s Especifica\u00e7\u00f5es:<\/strong>\u00a0DIN 51524-Parte 2; Eaton Vickers I-286S e M-2950-S; Racine Variable Volume Vane Pumps; Jeffrey 87; USS 136 e 127; GM LH-04-01, LH-06-1, LH-15-1; Afnor E 58-603; Parker Hannifin France HF-1, HF-2 e HF-0; Cincinatti Machine P-68,P-69 e P-70; Lee Norse 100-1; Ford M6C32; BF Goodrich 152 e Comercial Hydraulics.<br \/>\n<strong>Dispon\u00edvel nas Viscosidades ISO VG:<\/strong>\u00a068, 100, 150, 220, 320, 460 e 680<br \/>\n<strong>Embalagens:<\/strong>\u00a0Granel \u2013 20L \u2013 200L<\/p>","protected":false},"featured_media":2612,"template":"","meta":{"neve_meta_sidebar":"","neve_meta_container":"","neve_meta_enable_content_width":"off","neve_meta_content_width":100,"neve_meta_title_alignment":"","neve_meta_author_avatar":"","neve_post_elements_order":"","neve_meta_disable_header":"","neve_meta_disable_footer":"","neve_meta_disable_title":""},"product_cat":[26,34],"product_tag":[39],"class_list":{"0":"post-2611","1":"product","2":"type-product","3":"status-publish","4":"has-post-thumbnail","6":"product_cat-lubrificantes","7":"product_cat-transmissoes-automaticas","8":"product_tag-industrial","10":"first","11":"instock","12":"shipping-taxable","13":"product-type-simple"},"_links":{"self":[{"href":"https:\/\/energis8brasil.byteforce-ai.com\/en\/wp-json\/wp\/v2\/product\/2611","targetHints":{"allow":["GET"]}}],"collection":[{"href":"https:\/\/energis8brasil.byteforce-ai.com\/en\/wp-json\/wp\/v2\/product"}],"about":[{"href":"https:\/\/energis8brasil.byteforce-ai.com\/en\/wp-json\/wp\/v2\/types\/product"}],"wp:featuredmedia":[{"embeddable":true,"href":"https:\/\/energis8brasil.byteforce-ai.com\/en\/wp-json\/wp\/v2\/media\/2612"}],"wp:attachment":[{"href":"https:\/\/energis8brasil.byteforce-ai.com\/en\/wp-json\/wp\/v2\/media?parent=2611"}],"wp:term":[{"taxonomy":"product_cat","embeddable":true,"href":"https:\/\/energis8brasil.byteforce-ai.com\/en\/wp-json\/wp\/v2\/product_cat?post=2611"},{"taxonomy":"product_tag","embeddable":true,"href":"https:\/\/energis8brasil.byteforce-ai.com\/en\/wp-json\/wp\/v2\/product_tag?post=2611"}],"curies":[{"name":"wp","href":"https:\/\/api.w.org\/{rel}","templated":true}]}}