{"id":2608,"date":"2024-03-22T13:31:32","date_gmt":"2024-03-22T16:31:32","guid":{"rendered":"https:\/\/energis8brasil.byteforce-ai.com\/?post_type=product&#038;p=2608"},"modified":"2024-03-22T13:32:50","modified_gmt":"2024-03-22T16:32:50","slug":"hercon-aw-series","status":"publish","type":"product","link":"https:\/\/energis8brasil.byteforce-ai.com\/en\/product\/hercon-aw-series\/","title":{"rendered":"Hercon AW Series"},"content":{"rendered":"","protected":false},"excerpt":{"rendered":"<p>Lubrificante de base mineral e aditivos de elevada tecnologia para sistemas hidr\u00e1ulicos com aditiva\u00e7\u00e3o ANTIWEAR e categoria HLP que propiciam excelentes propriedades antidesgaste, antioxidante, anticorrosiva e antiespumante. Indicado para sistemas hidr\u00e1ulicos industriais, automotivos, mar\u00edtimos, constru\u00e7\u00e3o civil, mineradoras e agr\u00edcolas que requeiram um \u00f3leo lubrificante hidr\u00e1ulico com caracter\u00edsticas especiais de desempenho e atenda as mais severas condi\u00e7\u00f5es operacionais de press\u00e3o e temperatura. Tamb\u00e9m indicado para lubrifica\u00e7\u00e3o de compressores de ar do tipo Pist\u00e3o (alternativos).<\/p>\n<p><strong>Atende \u00e0s Especifica\u00e7\u00f5es:<\/strong>\u00a0DIN 51524-Parte 2; Eaton Vickers I-286S e M-2950-S; Racine Variable Volume Vane Pumps; Jeffrey 87; USS 136 e 127; GM LH-04-01, LH-06-1, LH-15-1; Afnor E 58-603; Parker Hannifin France HF-1, HF-2 e HF-0; Cincinatti Machine P-68, P-69 e P-70; Lee Norse 100-1; Ford M6C32; BF Goodrich 152 e Comercial Hydraulics.<br \/>\n<strong>Dispon\u00edvel nas Viscosidades ISO VG:<\/strong>\u00a010, 22, 32, 46, 68, 100 e 150<br \/>\n<strong>Embalagens:<\/strong>\u00a0Granel \u2013 20L \u2013 200L \u2013 CT. 1000L<\/p>","protected":false},"featured_media":2609,"template":"","meta":{"neve_meta_sidebar":"","neve_meta_container":"","neve_meta_enable_content_width":"off","neve_meta_content_width":100,"neve_meta_title_alignment":"","neve_meta_author_avatar":"","neve_post_elements_order":"","neve_meta_disable_header":"","neve_meta_disable_footer":"","neve_meta_disable_title":""},"product_cat":[26,34],"product_tag":[39],"class_list":{"0":"post-2608","1":"product","2":"type-product","3":"status-publish","4":"has-post-thumbnail","6":"product_cat-lubrificantes","7":"product_cat-transmissoes-automaticas","8":"product_tag-industrial","10":"first","11":"instock","12":"shipping-taxable","13":"product-type-simple"},"_links":{"self":[{"href":"https:\/\/energis8brasil.byteforce-ai.com\/en\/wp-json\/wp\/v2\/product\/2608","targetHints":{"allow":["GET"]}}],"collection":[{"href":"https:\/\/energis8brasil.byteforce-ai.com\/en\/wp-json\/wp\/v2\/product"}],"about":[{"href":"https:\/\/energis8brasil.byteforce-ai.com\/en\/wp-json\/wp\/v2\/types\/product"}],"wp:featuredmedia":[{"embeddable":true,"href":"https:\/\/energis8brasil.byteforce-ai.com\/en\/wp-json\/wp\/v2\/media\/2609"}],"wp:attachment":[{"href":"https:\/\/energis8brasil.byteforce-ai.com\/en\/wp-json\/wp\/v2\/media?parent=2608"}],"wp:term":[{"taxonomy":"product_cat","embeddable":true,"href":"https:\/\/energis8brasil.byteforce-ai.com\/en\/wp-json\/wp\/v2\/product_cat?post=2608"},{"taxonomy":"product_tag","embeddable":true,"href":"https:\/\/energis8brasil.byteforce-ai.com\/en\/wp-json\/wp\/v2\/product_tag?post=2608"}],"curies":[{"name":"wp","href":"https:\/\/api.w.org\/{rel}","templated":true}]}}