{"id":2607,"date":"2024-03-22T13:28:59","date_gmt":"2024-03-22T16:28:59","guid":{"rendered":"https:\/\/energis8brasil.byteforce-ai.com\/?post_type=product&#038;p=2607"},"modified":"2024-03-22T13:29:34","modified_gmt":"2024-03-22T16:29:34","slug":"maxi-granz","status":"publish","type":"product","link":"https:\/\/energis8brasil.byteforce-ai.com\/en\/product\/maxi-granz\/","title":{"rendered":"Maxi Granz"},"content":{"rendered":"","protected":false},"excerpt":{"rendered":"<p>\u00d3leo lubrificante mineral monoviscoso desenvolvido para sistemas hidr\u00e1ulicos de equipamentos fora de estrada que propicia menor desgate e menor corros\u00e3o das partes lubrificadas, al\u00e9m de promover excelente resist\u00eancia \u00e1 forma\u00e7\u00e3o de espuma.<\/p>\n<p><strong>Atende \u00e0s Especifica\u00e7\u00f5es:<\/strong>\u00a0API CF\/CF-2; ZF TE-ML-03C; ZF TE-ML-37F; CAT TO-4, CAT TO-4M; Alisson C4; Komatsu KES 07.868.1 (2002); API MT1<br \/>\n<strong>Dispon\u00edvel nas Viscosidades SAE:\u00a0<\/strong>10W<br \/>\n<strong>Embalagens:\u00a0<\/strong>Granel \u2013 20L \u2013 200L<\/p>","protected":false},"featured_media":2604,"template":"","meta":{"neve_meta_sidebar":"","neve_meta_container":"","neve_meta_enable_content_width":"off","neve_meta_content_width":100,"neve_meta_title_alignment":"","neve_meta_author_avatar":"","neve_post_elements_order":"","neve_meta_disable_header":"","neve_meta_disable_footer":"","neve_meta_disable_title":""},"product_cat":[26,34],"product_tag":[38],"class_list":{"0":"post-2607","1":"product","2":"type-product","3":"status-publish","4":"has-post-thumbnail","6":"product_cat-lubrificantes","7":"product_cat-transmissoes-automaticas","8":"product_tag-off-road","10":"first","11":"instock","12":"shipping-taxable","13":"product-type-simple"},"_links":{"self":[{"href":"https:\/\/energis8brasil.byteforce-ai.com\/en\/wp-json\/wp\/v2\/product\/2607","targetHints":{"allow":["GET"]}}],"collection":[{"href":"https:\/\/energis8brasil.byteforce-ai.com\/en\/wp-json\/wp\/v2\/product"}],"about":[{"href":"https:\/\/energis8brasil.byteforce-ai.com\/en\/wp-json\/wp\/v2\/types\/product"}],"wp:featuredmedia":[{"embeddable":true,"href":"https:\/\/energis8brasil.byteforce-ai.com\/en\/wp-json\/wp\/v2\/media\/2604"}],"wp:attachment":[{"href":"https:\/\/energis8brasil.byteforce-ai.com\/en\/wp-json\/wp\/v2\/media?parent=2607"}],"wp:term":[{"taxonomy":"product_cat","embeddable":true,"href":"https:\/\/energis8brasil.byteforce-ai.com\/en\/wp-json\/wp\/v2\/product_cat?post=2607"},{"taxonomy":"product_tag","embeddable":true,"href":"https:\/\/energis8brasil.byteforce-ai.com\/en\/wp-json\/wp\/v2\/product_tag?post=2607"}],"curies":[{"name":"wp","href":"https:\/\/api.w.org\/{rel}","templated":true}]}}