{"id":2606,"date":"2024-03-22T13:27:51","date_gmt":"2024-03-22T16:27:51","guid":{"rendered":"https:\/\/energis8brasil.byteforce-ai.com\/?post_type=product&#038;p=2606"},"modified":"2024-03-22T13:28:28","modified_gmt":"2024-03-22T16:28:28","slug":"maxi-tractor-to-4-series","status":"publish","type":"product","link":"https:\/\/energis8brasil.byteforce-ai.com\/en\/product\/maxi-tractor-to-4-series\/","title":{"rendered":"Maxi Tractor TO-4 Series"},"content":{"rendered":"","protected":false},"excerpt":{"rendered":"<p>S\u00e3o \u00f3leos lubrificantes minerais desenvolvidos para aplica\u00e7\u00e3o em sistemas hidr\u00e1ulicos, conversores de torque, transmiss\u00f5es mec\u00e2nicas, autom\u00e1ticas, diferenciais, comandos finais e trens de acionamento de equipamentos pesados e comerciais. Seu uso constante evita o desgaste e a corros\u00e3o das partes lubrificadas. Sua aditiva\u00e7\u00e3o garante maior resist\u00eancia \u00e0 forma\u00e7\u00e3o de espuma, elevada estabilidade a oxida\u00e7\u00e3o, al\u00e9m de conferir excelentes propriedades antifric\u00e7\u00e3o.<\/p>\n<p><strong>Atende \u00e0s Especifica\u00e7\u00f5es:<\/strong>\u00a0Caterpillar TO-4 (Em todas as viscosidades dispon\u00edveis); ZF TE-ML 03C (Nas viscosidades SAE 10W e 30); ZF TE-ML 07F (Na viscosidade SAE 30); Allison C-4 (Nas viscosidades SAE 10W,30 e 40); Komatsu KES 07.8681 (Em todas as viscosidades dispon\u00edveis); Dana Powershift (Nas viscosidades SAE 10W e 30); API CF (Em todas as viscosidades dispon\u00edveis); API CF-2 (Nas viscosidades SAE 30,40 e 50).<br \/>\n<strong>Dispon\u00edvel nas Viscosidades SAE:<\/strong>\u00a010W, 30, 40 e 50<br \/>\n<strong>Embalagens:<\/strong>\u00a0Granel \u2013 20L \u2013 200L<\/p>","protected":false},"featured_media":2605,"template":"","meta":{"neve_meta_sidebar":"","neve_meta_container":"","neve_meta_enable_content_width":"off","neve_meta_content_width":100,"neve_meta_title_alignment":"","neve_meta_author_avatar":"","neve_post_elements_order":"","neve_meta_disable_header":"","neve_meta_disable_footer":"","neve_meta_disable_title":""},"product_cat":[26,34],"product_tag":[38],"class_list":{"0":"post-2606","1":"product","2":"type-product","3":"status-publish","4":"has-post-thumbnail","6":"product_cat-lubrificantes","7":"product_cat-transmissoes-automaticas","8":"product_tag-off-road","10":"first","11":"instock","12":"shipping-taxable","13":"product-type-simple"},"_links":{"self":[{"href":"https:\/\/energis8brasil.byteforce-ai.com\/en\/wp-json\/wp\/v2\/product\/2606","targetHints":{"allow":["GET"]}}],"collection":[{"href":"https:\/\/energis8brasil.byteforce-ai.com\/en\/wp-json\/wp\/v2\/product"}],"about":[{"href":"https:\/\/energis8brasil.byteforce-ai.com\/en\/wp-json\/wp\/v2\/types\/product"}],"wp:featuredmedia":[{"embeddable":true,"href":"https:\/\/energis8brasil.byteforce-ai.com\/en\/wp-json\/wp\/v2\/media\/2605"}],"wp:attachment":[{"href":"https:\/\/energis8brasil.byteforce-ai.com\/en\/wp-json\/wp\/v2\/media?parent=2606"}],"wp:term":[{"taxonomy":"product_cat","embeddable":true,"href":"https:\/\/energis8brasil.byteforce-ai.com\/en\/wp-json\/wp\/v2\/product_cat?post=2606"},{"taxonomy":"product_tag","embeddable":true,"href":"https:\/\/energis8brasil.byteforce-ai.com\/en\/wp-json\/wp\/v2\/product_tag?post=2606"}],"curies":[{"name":"wp","href":"https:\/\/api.w.org\/{rel}","templated":true}]}}