{"id":2602,"date":"2024-03-22T13:22:21","date_gmt":"2024-03-22T16:22:21","guid":{"rendered":"https:\/\/energis8brasil.byteforce-ai.com\/?post_type=product&#038;p=2602"},"modified":"2024-03-22T13:27:19","modified_gmt":"2024-03-22T16:27:19","slug":"maxi-gear-htf-ii","status":"publish","type":"product","link":"https:\/\/energis8brasil.byteforce-ai.com\/en\/product\/maxi-gear-htf-ii\/","title":{"rendered":"Maxi Gear HTF II"},"content":{"rendered":"","protected":false},"excerpt":{"rendered":"<p>Com caracter\u00edsticas antidesgaste para equipamentos submetidos a altas cargas e severas condi\u00e7\u00f5es de opera\u00e7\u00e3o, este produto \u00e9 especialmente indicado para tratores agr\u00edcolas, para lubrifica\u00e7\u00e3o da transmiss\u00e3o, sistema de freios banhados a \u00f3leo, sistemas hidr\u00e1ulicos e acionamento final dos tratores. Confere baixo n\u00edvel de ru\u00eddo aos sistemas de freio banhados a \u00f3leo.<\/p>\n<p><strong>Atende \u00e0s Especifica\u00e7\u00f5es:<\/strong>\u00a0API GL-4;ALISSON C-4;MASSEY FERGUSON M-1145, M-1143, M-1141, M-1138, M-1135; PERMATRAN IIII;WHITE Q-1826; CASE NEW HOLLAND MAT 3505, 3525, 3526; ESN M2C86B; EATON VICKERS; JCMAS-HKP-041 e P-042, JOHN DEERE J-20C\/D; KOMATSU KUBOTA UDT e Super UDT; PARKER DENISON UTTO; HF-0 THRU-02; VOLVO VCE 1273.03 e WB 101: ZF TE-ML-03E e 05F<br \/>\n<strong>Dispon\u00edvel nas Viscosidades SAE:<\/strong>\u00a010W-30<br \/>\n<strong>Embalagens:\u00a0<\/strong>Granel \u2013 20L \u2013 200L<\/p>","protected":false},"featured_media":2603,"template":"","meta":{"neve_meta_sidebar":"","neve_meta_container":"","neve_meta_enable_content_width":"off","neve_meta_content_width":100,"neve_meta_title_alignment":"","neve_meta_author_avatar":"","neve_post_elements_order":"","neve_meta_disable_header":"","neve_meta_disable_footer":"","neve_meta_disable_title":""},"product_cat":[26,34],"product_tag":[38],"class_list":{"0":"post-2602","1":"product","2":"type-product","3":"status-publish","4":"has-post-thumbnail","6":"product_cat-lubrificantes","7":"product_cat-transmissoes-automaticas","8":"product_tag-off-road","10":"first","11":"instock","12":"shipping-taxable","13":"product-type-simple"},"_links":{"self":[{"href":"https:\/\/energis8brasil.byteforce-ai.com\/en\/wp-json\/wp\/v2\/product\/2602","targetHints":{"allow":["GET"]}}],"collection":[{"href":"https:\/\/energis8brasil.byteforce-ai.com\/en\/wp-json\/wp\/v2\/product"}],"about":[{"href":"https:\/\/energis8brasil.byteforce-ai.com\/en\/wp-json\/wp\/v2\/types\/product"}],"wp:featuredmedia":[{"embeddable":true,"href":"https:\/\/energis8brasil.byteforce-ai.com\/en\/wp-json\/wp\/v2\/media\/2603"}],"wp:attachment":[{"href":"https:\/\/energis8brasil.byteforce-ai.com\/en\/wp-json\/wp\/v2\/media?parent=2602"}],"wp:term":[{"taxonomy":"product_cat","embeddable":true,"href":"https:\/\/energis8brasil.byteforce-ai.com\/en\/wp-json\/wp\/v2\/product_cat?post=2602"},{"taxonomy":"product_tag","embeddable":true,"href":"https:\/\/energis8brasil.byteforce-ai.com\/en\/wp-json\/wp\/v2\/product_tag?post=2602"}],"curies":[{"name":"wp","href":"https:\/\/api.w.org\/{rel}","templated":true}]}}