{"id":2601,"date":"2024-03-22T13:18:19","date_gmt":"2024-03-22T16:18:19","guid":{"rendered":"https:\/\/energis8brasil.byteforce-ai.com\/?post_type=product&#038;p=2601"},"modified":"2024-03-22T13:19:07","modified_gmt":"2024-03-22T16:19:07","slug":"maxi-gear-gl-5","status":"publish","type":"product","link":"https:\/\/energis8brasil.byteforce-ai.com\/en\/product\/maxi-gear-gl-5\/","title":{"rendered":"Maxi Gear GL-5"},"content":{"rendered":"","protected":false},"excerpt":{"rendered":"<p>Desenvolvido para garantir maior prote\u00e7\u00e3o, desempenho e redu\u00e7\u00e3o do desgaste em transmiss\u00f5es automotivas, com excelentes caracter\u00edsticas de resist\u00eancia \u00e0 oxida\u00e7\u00e3o. Recomendado para engrenagens hipoides e aplica\u00e7\u00e3o em caixas de mudan\u00e7as que operem com altas velocidades e alto torque, tais como: diferenciais, caixas de dire\u00e7\u00e3o e juntas universais. N\u00e3o \u00e9 indicado para os sistemas autoblocantes.<\/p>\n<p><strong>Atende \u00e0 Especifica\u00e7\u00e3o:\u00a0<\/strong>API GL-5<br \/>\n<strong>Dispon\u00edvel nas Viscosidades SAE:\u00a0<\/strong>80W-90, 85W-140, 80W, 90 e 140<br \/>\n<strong>Embalagens:\u00a0<\/strong>Granel \u2013 12x1L \u2013 200L \u2013 CT. 1000L<\/p>","protected":false},"featured_media":2600,"template":"","meta":{"neve_meta_sidebar":"","neve_meta_container":"","neve_meta_enable_content_width":"off","neve_meta_content_width":100,"neve_meta_title_alignment":"","neve_meta_author_avatar":"","neve_post_elements_order":"","neve_meta_disable_header":"","neve_meta_disable_footer":"","neve_meta_disable_title":""},"product_cat":[26,35],"product_tag":[37],"class_list":{"0":"post-2601","1":"product","2":"type-product","3":"status-publish","4":"has-post-thumbnail","6":"product_cat-lubrificantes","7":"product_cat-transmissoes-mecanicas-e-sistemas-diferenciais","8":"product_tag-engrenagens-automotivas","10":"first","11":"instock","12":"shipping-taxable","13":"product-type-simple"},"_links":{"self":[{"href":"https:\/\/energis8brasil.byteforce-ai.com\/en\/wp-json\/wp\/v2\/product\/2601","targetHints":{"allow":["GET"]}}],"collection":[{"href":"https:\/\/energis8brasil.byteforce-ai.com\/en\/wp-json\/wp\/v2\/product"}],"about":[{"href":"https:\/\/energis8brasil.byteforce-ai.com\/en\/wp-json\/wp\/v2\/types\/product"}],"wp:featuredmedia":[{"embeddable":true,"href":"https:\/\/energis8brasil.byteforce-ai.com\/en\/wp-json\/wp\/v2\/media\/2600"}],"wp:attachment":[{"href":"https:\/\/energis8brasil.byteforce-ai.com\/en\/wp-json\/wp\/v2\/media?parent=2601"}],"wp:term":[{"taxonomy":"product_cat","embeddable":true,"href":"https:\/\/energis8brasil.byteforce-ai.com\/en\/wp-json\/wp\/v2\/product_cat?post=2601"},{"taxonomy":"product_tag","embeddable":true,"href":"https:\/\/energis8brasil.byteforce-ai.com\/en\/wp-json\/wp\/v2\/product_tag?post=2601"}],"curies":[{"name":"wp","href":"https:\/\/api.w.org\/{rel}","templated":true}]}}