{"id":2598,"date":"2024-03-22T13:15:48","date_gmt":"2024-03-22T16:15:48","guid":{"rendered":"https:\/\/energis8brasil.byteforce-ai.com\/?post_type=product&#038;p=2598"},"modified":"2024-03-22T13:17:54","modified_gmt":"2024-03-22T16:17:54","slug":"maxi-gear-gl-4","status":"publish","type":"product","link":"https:\/\/energis8brasil.byteforce-ai.com\/en\/product\/maxi-gear-gl-4\/","title":{"rendered":"Maxi Gear GL-4"},"content":{"rendered":"","protected":false},"excerpt":{"rendered":"<p>Lubrificante de alta performance para servi\u00e7os de engrenagens, particularmente as do tipo hipoide, garantindo redu\u00e7\u00e3o do desgaste em diferenciais, transmiss\u00f5es automotivas, caixas de dire\u00e7\u00e3o e juntas universais. Utilizado em caixas de mudan\u00e7a que operem com alta velocidade e baixo torque ou baixa velocidade e alto torque.<\/p>\n<p><strong>Atende \u00e0 Especifica\u00e7\u00e3o:<\/strong>\u00a0API GL-4<br \/>\n<strong>Dispon\u00edvel nas Viscosidades SAE:<\/strong>\u00a080W, 90 e 140<br \/>\n<strong>Embalagens:<\/strong>\u00a0Granel \u2013 12x1L \u2013 200L \u2013 CT. 1000L<\/p>","protected":false},"featured_media":2599,"template":"","meta":{"neve_meta_sidebar":"","neve_meta_container":"","neve_meta_enable_content_width":"off","neve_meta_content_width":100,"neve_meta_title_alignment":"","neve_meta_author_avatar":"","neve_post_elements_order":"","neve_meta_disable_header":"","neve_meta_disable_footer":"","neve_meta_disable_title":""},"product_cat":[26,35],"product_tag":[37],"class_list":{"0":"post-2598","1":"product","2":"type-product","3":"status-publish","4":"has-post-thumbnail","6":"product_cat-lubrificantes","7":"product_cat-transmissoes-mecanicas-e-sistemas-diferenciais","8":"product_tag-engrenagens-automotivas","10":"first","11":"instock","12":"shipping-taxable","13":"product-type-simple"},"_links":{"self":[{"href":"https:\/\/energis8brasil.byteforce-ai.com\/en\/wp-json\/wp\/v2\/product\/2598","targetHints":{"allow":["GET"]}}],"collection":[{"href":"https:\/\/energis8brasil.byteforce-ai.com\/en\/wp-json\/wp\/v2\/product"}],"about":[{"href":"https:\/\/energis8brasil.byteforce-ai.com\/en\/wp-json\/wp\/v2\/types\/product"}],"wp:featuredmedia":[{"embeddable":true,"href":"https:\/\/energis8brasil.byteforce-ai.com\/en\/wp-json\/wp\/v2\/media\/2599"}],"wp:attachment":[{"href":"https:\/\/energis8brasil.byteforce-ai.com\/en\/wp-json\/wp\/v2\/media?parent=2598"}],"wp:term":[{"taxonomy":"product_cat","embeddable":true,"href":"https:\/\/energis8brasil.byteforce-ai.com\/en\/wp-json\/wp\/v2\/product_cat?post=2598"},{"taxonomy":"product_tag","embeddable":true,"href":"https:\/\/energis8brasil.byteforce-ai.com\/en\/wp-json\/wp\/v2\/product_tag?post=2598"}],"curies":[{"name":"wp","href":"https:\/\/api.w.org\/{rel}","templated":true}]}}