{"id":2597,"date":"2024-03-22T13:13:08","date_gmt":"2024-03-22T16:13:08","guid":{"rendered":"https:\/\/energis8brasil.byteforce-ai.com\/?post_type=product&#038;p=2597"},"modified":"2024-03-22T13:13:49","modified_gmt":"2024-03-22T16:13:49","slug":"maxi-atf-cvt","status":"publish","type":"product","link":"https:\/\/energis8brasil.byteforce-ai.com\/en\/product\/maxi-atf-cvt\/","title":{"rendered":"Maxi ATF CVT"},"content":{"rendered":"","protected":false},"excerpt":{"rendered":"<p>\u00d3leo lubrificante 100% sint\u00e9tico de elevado desempenho, especialmente recomendado para uso em transmiss\u00f5es autom\u00e1ticas de varia\u00e7\u00e3o continua (CVT) que transferem a tra\u00e7\u00e3o atrav\u00e9s de correntes ou correias de tra\u00e7\u00e3o feitas em a\u00e7o. Sua f\u00f3rmula altamente balanceada permite sua utiliza\u00e7\u00e3o nos principais fabricantes de ve\u00edculos.<\/p>\n<p><strong>Atende \u00e0 Especifica\u00e7\u00e3o:<\/strong>\u00a0Caixas de transmiss\u00f5es autom\u00e1ticas tipo CVT<br \/>\n<strong>Dispon\u00edvel nas Viscosidades SAE:<\/strong>\u00a075W<br \/>\n<strong>Embalagens:\u00a0<\/strong>Granel \u2013 12x1L \u2013 200L \u2013 CT. 1000L<\/p>","protected":false},"featured_media":2593,"template":"","meta":{"neve_meta_sidebar":"","neve_meta_container":"","neve_meta_enable_content_width":"off","neve_meta_content_width":100,"neve_meta_title_alignment":"","neve_meta_author_avatar":"","neve_post_elements_order":"","neve_meta_disable_header":"","neve_meta_disable_footer":"","neve_meta_disable_title":""},"product_cat":[26,34],"product_tag":[36],"class_list":{"0":"post-2597","1":"product","2":"type-product","3":"status-publish","4":"has-post-thumbnail","6":"product_cat-lubrificantes","7":"product_cat-transmissoes-automaticas","8":"product_tag-direcao-hidraulica","10":"first","11":"instock","12":"shipping-taxable","13":"product-type-simple"},"_links":{"self":[{"href":"https:\/\/energis8brasil.byteforce-ai.com\/en\/wp-json\/wp\/v2\/product\/2597","targetHints":{"allow":["GET"]}}],"collection":[{"href":"https:\/\/energis8brasil.byteforce-ai.com\/en\/wp-json\/wp\/v2\/product"}],"about":[{"href":"https:\/\/energis8brasil.byteforce-ai.com\/en\/wp-json\/wp\/v2\/types\/product"}],"wp:featuredmedia":[{"embeddable":true,"href":"https:\/\/energis8brasil.byteforce-ai.com\/en\/wp-json\/wp\/v2\/media\/2593"}],"wp:attachment":[{"href":"https:\/\/energis8brasil.byteforce-ai.com\/en\/wp-json\/wp\/v2\/media?parent=2597"}],"wp:term":[{"taxonomy":"product_cat","embeddable":true,"href":"https:\/\/energis8brasil.byteforce-ai.com\/en\/wp-json\/wp\/v2\/product_cat?post=2597"},{"taxonomy":"product_tag","embeddable":true,"href":"https:\/\/energis8brasil.byteforce-ai.com\/en\/wp-json\/wp\/v2\/product_tag?post=2597"}],"curies":[{"name":"wp","href":"https:\/\/api.w.org\/{rel}","templated":true}]}}