{"id":2596,"date":"2024-03-22T13:12:13","date_gmt":"2024-03-22T16:12:13","guid":{"rendered":"https:\/\/energis8brasil.byteforce-ai.com\/?post_type=product&#038;p=2596"},"modified":"2024-03-22T13:12:55","modified_gmt":"2024-03-22T16:12:55","slug":"maxi-atf-dexron-iii","status":"publish","type":"product","link":"https:\/\/energis8brasil.byteforce-ai.com\/en\/product\/maxi-atf-dexron-iii\/","title":{"rendered":"Maxi ATF DEXRON III"},"content":{"rendered":"","protected":false},"excerpt":{"rendered":"<p>Flu\u00eddo para transmiss\u00f5es autom\u00e1ticas e dire\u00e7\u00f5es hidr\u00e1ulicas automotivas de ve\u00edculos de passeio, caminh\u00f5es, \u00f4nibus e tratores. Este produto possui um pacote de aditivos mais elaborado que permite uma melhor prote\u00e7\u00e3o \u00e0s partes metalicas evitando assim a oxida\u00e7\u00e3o precoce, al\u00e9m de minimizar os danos causados pelas severas condi\u00e7\u00f5es de opera\u00e7\u00e3o.<\/p>\n<p><strong>Atende \u00e0s Especifica\u00e7\u00f5es:<\/strong>\u00a0GM Dexron III; MERCON e ALLISON C-4<br \/>\n<strong>Dispon\u00edvel nas Viscosidades SAE:<\/strong>\u00a075W<br \/>\n<strong>Embalagens:<\/strong>\u00a0Granel \u2013 12x1L \u2013 200L \u2013 CT. 1000L<\/p>","protected":false},"featured_media":2594,"template":"","meta":{"neve_meta_sidebar":"","neve_meta_container":"","neve_meta_enable_content_width":"off","neve_meta_content_width":100,"neve_meta_title_alignment":"","neve_meta_author_avatar":"","neve_post_elements_order":"","neve_meta_disable_header":"","neve_meta_disable_footer":"","neve_meta_disable_title":""},"product_cat":[26,34],"product_tag":[36],"class_list":{"0":"post-2596","1":"product","2":"type-product","3":"status-publish","4":"has-post-thumbnail","6":"product_cat-lubrificantes","7":"product_cat-transmissoes-automaticas","8":"product_tag-direcao-hidraulica","10":"first","11":"instock","12":"shipping-taxable","13":"product-type-simple"},"_links":{"self":[{"href":"https:\/\/energis8brasil.byteforce-ai.com\/en\/wp-json\/wp\/v2\/product\/2596","targetHints":{"allow":["GET"]}}],"collection":[{"href":"https:\/\/energis8brasil.byteforce-ai.com\/en\/wp-json\/wp\/v2\/product"}],"about":[{"href":"https:\/\/energis8brasil.byteforce-ai.com\/en\/wp-json\/wp\/v2\/types\/product"}],"wp:featuredmedia":[{"embeddable":true,"href":"https:\/\/energis8brasil.byteforce-ai.com\/en\/wp-json\/wp\/v2\/media\/2594"}],"wp:attachment":[{"href":"https:\/\/energis8brasil.byteforce-ai.com\/en\/wp-json\/wp\/v2\/media?parent=2596"}],"wp:term":[{"taxonomy":"product_cat","embeddable":true,"href":"https:\/\/energis8brasil.byteforce-ai.com\/en\/wp-json\/wp\/v2\/product_cat?post=2596"},{"taxonomy":"product_tag","embeddable":true,"href":"https:\/\/energis8brasil.byteforce-ai.com\/en\/wp-json\/wp\/v2\/product_tag?post=2596"}],"curies":[{"name":"wp","href":"https:\/\/api.w.org\/{rel}","templated":true}]}}