{"id":2590,"date":"2024-03-22T13:02:05","date_gmt":"2024-03-22T16:02:05","guid":{"rendered":"https:\/\/energis8brasil.byteforce-ai.com\/?post_type=product&#038;p=2590"},"modified":"2024-03-22T13:04:59","modified_gmt":"2024-03-22T16:04:59","slug":"maxi-turbo-top-plus-cj-4","status":"publish","type":"product","link":"https:\/\/energis8brasil.byteforce-ai.com\/en\/product\/maxi-turbo-top-plus-cj-4\/","title":{"rendered":"Maxi Turbo Top Plus CJ-4"},"content":{"rendered":"","protected":false},"excerpt":{"rendered":"<p>\u00d3leo lubrificante multiviscoso a base de \u00f3leos minerais hidroprocessados de alt\u00edssimo desempenho, projetado para cumprir com os requisitos mais exigentes dos motores a diesel turbinados de baixa emiss\u00e3o que operem em condi\u00e7\u00f5es severas. Seu baixo teor de cinzas assegura um perfeito funcionamento do sistema p\u00f3s-tratamento dos gases de escape, utilizados nos mais modernos ve\u00edculos EURO V. Recomendado para motores que exijam um n\u00edvel de desempenho API: CJ-4\/SN\/SL e utilizam diesel com baixo teor de enxofre. Proporciona extraordin\u00e1ria prote\u00e7\u00e3o aos mais exigentes motores a diesel do tipo Caterpillar, Cummins, Detroit Diesel, Mack, Navistar, Volvo e outros. MAXI TURBO TOP PLUS tamb\u00e9m pode ser utilizado em motores a gasolina ou de frotas mistas que tenham a recomenda\u00e7\u00e3o do fabricante para um produto API: SN\/SL.<\/p>\n<p><strong>Atende \u00e0s Especifica\u00e7\u00f5es:<\/strong>\u00a0API CJ-4\/SN\/SL; ACEA E9-12; CUMMINS CES 20081; CAT ECF-3; DETROIT DIESEL 93K218; MAN M3575; MB 228.3; VOLVO VDS-4; MTU CATEGORY 2.1<br \/>\n<strong>Dispon\u00edvel nas Viscosidades SAE:<\/strong>\u00a010W-30 (Mineral e Semissint\u00e9tico), 15W-40 (Mineral e Semissint\u00e9tico), 10W-40 Semissint\u00e9tico.<br \/>\n<strong>Embalagens:<\/strong>\u00a0Granel \u2013 12x1L \u2013 200L \u2013 CT. 1000L<\/p>","protected":false},"featured_media":2591,"template":"","meta":{"neve_meta_sidebar":"","neve_meta_container":"","neve_meta_enable_content_width":"off","neve_meta_content_width":100,"neve_meta_title_alignment":"","neve_meta_author_avatar":"","neve_post_elements_order":"","neve_meta_disable_header":"","neve_meta_disable_footer":"","neve_meta_disable_title":""},"product_cat":[26,33],"product_tag":[],"class_list":{"0":"post-2590","1":"product","2":"type-product","3":"status-publish","4":"has-post-thumbnail","6":"product_cat-lubrificantes","7":"product_cat-veiculos-pesados","9":"first","10":"instock","11":"shipping-taxable","12":"product-type-simple"},"_links":{"self":[{"href":"https:\/\/energis8brasil.byteforce-ai.com\/en\/wp-json\/wp\/v2\/product\/2590","targetHints":{"allow":["GET"]}}],"collection":[{"href":"https:\/\/energis8brasil.byteforce-ai.com\/en\/wp-json\/wp\/v2\/product"}],"about":[{"href":"https:\/\/energis8brasil.byteforce-ai.com\/en\/wp-json\/wp\/v2\/types\/product"}],"wp:featuredmedia":[{"embeddable":true,"href":"https:\/\/energis8brasil.byteforce-ai.com\/en\/wp-json\/wp\/v2\/media\/2591"}],"wp:attachment":[{"href":"https:\/\/energis8brasil.byteforce-ai.com\/en\/wp-json\/wp\/v2\/media?parent=2590"}],"wp:term":[{"taxonomy":"product_cat","embeddable":true,"href":"https:\/\/energis8brasil.byteforce-ai.com\/en\/wp-json\/wp\/v2\/product_cat?post=2590"},{"taxonomy":"product_tag","embeddable":true,"href":"https:\/\/energis8brasil.byteforce-ai.com\/en\/wp-json\/wp\/v2\/product_tag?post=2590"}],"curies":[{"name":"wp","href":"https:\/\/api.w.org\/{rel}","templated":true}]}}