{"id":2588,"date":"2024-03-21T17:28:36","date_gmt":"2024-03-21T20:28:36","guid":{"rendered":"https:\/\/energis8brasil.byteforce-ai.com\/?post_type=product&#038;p=2588"},"modified":"2024-03-21T17:32:45","modified_gmt":"2024-03-21T20:32:45","slug":"maxi-turbo-ci-4","status":"publish","type":"product","link":"https:\/\/energis8brasil.byteforce-ai.com\/en\/product\/maxi-turbo-ci-4\/","title":{"rendered":"Maxi Turbo CI-4"},"content":{"rendered":"","protected":false},"excerpt":{"rendered":"<p>\u00d3leo multiviscoso formulado para atender as especifica\u00e7\u00f5es de motores ciclo diesel de \u00faltima gera\u00e7\u00e3o, turboalimentados ou aspirados de alta pot\u00eancia, utilizados em diversos tipos de servi\u00e7os. Este produto possui composi\u00e7\u00e3o balanceada, impedindo qualquer processo de desgate e sua avan\u00e7ada aditiva\u00e7\u00e3o, garante redu\u00e7\u00e3o no consumo de diesel e tamb\u00e9m do lubrificante. Melhora a partida a frio e propicia melhor prote\u00e7\u00e3o as partes lubrificadas, com melhor manuten\u00e7\u00e3o e limpeza do motor assim como um \u00f3timo controle do espelhamento dos cilindros.<\/p>\n<p><strong>Atende \u00e0s Especifica\u00e7\u00f5es:\u00a0<\/strong>API CI-4\/CH-4\/CF\/SL; ACEA E3\/B4\/E5\/E3\/E7-08; CUMMINS 20078; GLOBAL-DHD-1;MB 228.3; MACK EO-M, EOM PLUS,EO-L; MAN M3275; VOLVO VDS-3<br \/>\n<strong>Dispon\u00edvel nas Viscosidades SAE:<\/strong>\u00a015W-40<br \/>\n<strong>Embalagens:<\/strong>\u00a0Granel \u2013 12x1L \u2013 200L \u2013 CT. 1000L<\/p>","protected":false},"featured_media":2589,"template":"","meta":{"neve_meta_sidebar":"","neve_meta_container":"","neve_meta_enable_content_width":"off","neve_meta_content_width":100,"neve_meta_title_alignment":"","neve_meta_author_avatar":"","neve_post_elements_order":"","neve_meta_disable_header":"","neve_meta_disable_footer":"","neve_meta_disable_title":""},"product_cat":[26,33],"product_tag":[],"class_list":{"0":"post-2588","1":"product","2":"type-product","3":"status-publish","4":"has-post-thumbnail","6":"product_cat-lubrificantes","7":"product_cat-veiculos-pesados","9":"first","10":"instock","11":"shipping-taxable","12":"product-type-simple"},"_links":{"self":[{"href":"https:\/\/energis8brasil.byteforce-ai.com\/en\/wp-json\/wp\/v2\/product\/2588","targetHints":{"allow":["GET"]}}],"collection":[{"href":"https:\/\/energis8brasil.byteforce-ai.com\/en\/wp-json\/wp\/v2\/product"}],"about":[{"href":"https:\/\/energis8brasil.byteforce-ai.com\/en\/wp-json\/wp\/v2\/types\/product"}],"wp:featuredmedia":[{"embeddable":true,"href":"https:\/\/energis8brasil.byteforce-ai.com\/en\/wp-json\/wp\/v2\/media\/2589"}],"wp:attachment":[{"href":"https:\/\/energis8brasil.byteforce-ai.com\/en\/wp-json\/wp\/v2\/media?parent=2588"}],"wp:term":[{"taxonomy":"product_cat","embeddable":true,"href":"https:\/\/energis8brasil.byteforce-ai.com\/en\/wp-json\/wp\/v2\/product_cat?post=2588"},{"taxonomy":"product_tag","embeddable":true,"href":"https:\/\/energis8brasil.byteforce-ai.com\/en\/wp-json\/wp\/v2\/product_tag?post=2588"}],"curies":[{"name":"wp","href":"https:\/\/api.w.org\/{rel}","templated":true}]}}