{"id":2586,"date":"2024-03-21T17:26:18","date_gmt":"2024-03-21T20:26:18","guid":{"rendered":"https:\/\/energis8brasil.byteforce-ai.com\/?post_type=product&#038;p=2586"},"modified":"2024-03-21T17:27:04","modified_gmt":"2024-03-21T20:27:04","slug":"vorax-moto-racing","status":"publish","type":"product","link":"https:\/\/energis8brasil.byteforce-ai.com\/en\/product\/vorax-moto-racing\/","title":{"rendered":"Vorax Moto Racing"},"content":{"rendered":"","protected":false},"excerpt":{"rendered":"<p>Lubrificante semissint\u00e9tico indicado para motocicletas com motores 4 tempos que operam em condi\u00e7\u00f5es extremas e temperatura elevadas. Utilizando uma combina\u00e7\u00e3o perfeita entre b\u00e1sicos minerais e sint\u00e9ticos e um avan\u00e7ado pacote de aditivos que proporciona excelente desempenho na lubrifica\u00e7\u00e3o, contribuindo para troca de marchas mais suaves, reduz o ru\u00eddo e vibra\u00e7\u00e3o do motor. Seu grau de viscosidade a baixa temperaturas facilita o arranque nas diversas faixas de opera\u00e7\u00e3o, al\u00e9m de assegurar uma melhor lubrifica\u00e7\u00e3o das diferentes partes do motor e um menor desgaste do conjunto de engrenagens de transmiss\u00e3o e sistema de embreagem.<\/p>\n<p><strong>Atende \u00e0 Especifica\u00e7\u00e3o:<\/strong>\u00a0API SL &#8211; JASO MA2<br \/>\n<strong>Dispon\u00edvel nas Viscosidades SAE:<\/strong>\u00a010W-30<br \/>\n<strong>Embalagens:<\/strong>\u00a0Granel &#8211; 12x1L &#8211; 200L &#8211; CT. 1000L<\/p>","protected":false},"featured_media":2587,"template":"","meta":{"neve_meta_sidebar":"","neve_meta_container":"","neve_meta_enable_content_width":"off","neve_meta_content_width":100,"neve_meta_title_alignment":"","neve_meta_author_avatar":"","neve_post_elements_order":"","neve_meta_disable_header":"","neve_meta_disable_footer":"","neve_meta_disable_title":""},"product_cat":[26,32],"product_tag":[],"class_list":{"0":"post-2586","1":"product","2":"type-product","3":"status-publish","4":"has-post-thumbnail","6":"product_cat-lubrificantes","7":"product_cat-motos","9":"first","10":"instock","11":"shipping-taxable","12":"product-type-simple"},"_links":{"self":[{"href":"https:\/\/energis8brasil.byteforce-ai.com\/en\/wp-json\/wp\/v2\/product\/2586","targetHints":{"allow":["GET"]}}],"collection":[{"href":"https:\/\/energis8brasil.byteforce-ai.com\/en\/wp-json\/wp\/v2\/product"}],"about":[{"href":"https:\/\/energis8brasil.byteforce-ai.com\/en\/wp-json\/wp\/v2\/types\/product"}],"wp:featuredmedia":[{"embeddable":true,"href":"https:\/\/energis8brasil.byteforce-ai.com\/en\/wp-json\/wp\/v2\/media\/2587"}],"wp:attachment":[{"href":"https:\/\/energis8brasil.byteforce-ai.com\/en\/wp-json\/wp\/v2\/media?parent=2586"}],"wp:term":[{"taxonomy":"product_cat","embeddable":true,"href":"https:\/\/energis8brasil.byteforce-ai.com\/en\/wp-json\/wp\/v2\/product_cat?post=2586"},{"taxonomy":"product_tag","embeddable":true,"href":"https:\/\/energis8brasil.byteforce-ai.com\/en\/wp-json\/wp\/v2\/product_tag?post=2586"}],"curies":[{"name":"wp","href":"https:\/\/api.w.org\/{rel}","templated":true}]}}