{"id":2584,"date":"2024-03-21T17:20:38","date_gmt":"2024-03-21T20:20:38","guid":{"rendered":"https:\/\/energis8brasil.byteforce-ai.com\/?post_type=product&#038;p=2584"},"modified":"2024-03-21T17:24:57","modified_gmt":"2024-03-21T20:24:57","slug":"vorax-4t-special-sl","status":"publish","type":"product","link":"https:\/\/energis8brasil.byteforce-ai.com\/en\/product\/vorax-4t-special-sl\/","title":{"rendered":"Vorax 4T Special SL"},"content":{"rendered":"","protected":false},"excerpt":{"rendered":"<p>Lubrificante mineral multiviscoso de alta performance para motocicletas equipadas com motores 4 tempos. Especialmente desenvolvido para todos os tipos de motocicletas que necessitam de um \u00f3leo com essas caracter\u00edsticas. Formulado a partir de \u00f3leos minerais altamente refinados em conjunto com avan\u00e7ado pacote de aditivos, que promove pot\u00eancia extra ao motor, refor\u00e7ando a limpeza dos pist\u00f5es, an\u00e9is, al\u00e9m de prevenir \u00e0 forma\u00e7\u00e3o de dep\u00f3sitos, espuma e verniz, garantindo maior prote\u00e7\u00e3o contra desgaste e corros\u00e3o. Sua f\u00f3rmula permite tamb\u00e9m a prote\u00e7\u00e3o do conjunto de engrenagens de transmiss\u00e3o e sistema de embreagem.<\/p>\n<p><strong>Atende \u00e0 Especifica\u00e7\u00e3o:<\/strong>\u00a0API SL &#8211; JASO MA<br \/>\n<strong>Dispon\u00edvel na Viscosidade SAE:<\/strong>\u00a020W-50<br \/>\n<strong>Embalagens:<\/strong>\u00a0Granel &#8211; 12x1L &#8211; 200L &#8211; CT. 1000L<\/p>","protected":false},"featured_media":2585,"template":"","meta":{"neve_meta_sidebar":"","neve_meta_container":"","neve_meta_enable_content_width":"off","neve_meta_content_width":100,"neve_meta_title_alignment":"","neve_meta_author_avatar":"","neve_post_elements_order":"","neve_meta_disable_header":"","neve_meta_disable_footer":"","neve_meta_disable_title":""},"product_cat":[26,32],"product_tag":[],"class_list":{"0":"post-2584","1":"product","2":"type-product","3":"status-publish","4":"has-post-thumbnail","6":"product_cat-lubrificantes","7":"product_cat-motos","9":"first","10":"instock","11":"shipping-taxable","12":"product-type-simple"},"_links":{"self":[{"href":"https:\/\/energis8brasil.byteforce-ai.com\/en\/wp-json\/wp\/v2\/product\/2584","targetHints":{"allow":["GET"]}}],"collection":[{"href":"https:\/\/energis8brasil.byteforce-ai.com\/en\/wp-json\/wp\/v2\/product"}],"about":[{"href":"https:\/\/energis8brasil.byteforce-ai.com\/en\/wp-json\/wp\/v2\/types\/product"}],"wp:featuredmedia":[{"embeddable":true,"href":"https:\/\/energis8brasil.byteforce-ai.com\/en\/wp-json\/wp\/v2\/media\/2585"}],"wp:attachment":[{"href":"https:\/\/energis8brasil.byteforce-ai.com\/en\/wp-json\/wp\/v2\/media?parent=2584"}],"wp:term":[{"taxonomy":"product_cat","embeddable":true,"href":"https:\/\/energis8brasil.byteforce-ai.com\/en\/wp-json\/wp\/v2\/product_cat?post=2584"},{"taxonomy":"product_tag","embeddable":true,"href":"https:\/\/energis8brasil.byteforce-ai.com\/en\/wp-json\/wp\/v2\/product_tag?post=2584"}],"curies":[{"name":"wp","href":"https:\/\/api.w.org\/{rel}","templated":true}]}}