{"id":2326,"date":"2024-03-05T21:45:30","date_gmt":"2024-03-06T00:45:30","guid":{"rendered":"https:\/\/energis8brasil.byteforce-ai.com\/?post_type=product&#038;p=2326"},"modified":"2024-03-05T21:45:58","modified_gmt":"2024-03-06T00:45:58","slug":"vorax-synthetic-dx2","status":"publish","type":"product","link":"https:\/\/energis8brasil.byteforce-ai.com\/en\/product\/vorax-synthetic-dx2\/","title":{"rendered":"Vorax Synthetic DX2"},"content":{"rendered":"","protected":false},"excerpt":{"rendered":"<p>Linha de lubrificantes multiviscosos constitu\u00edda por bases semisint\u00e9ticas de elevado desempenho. Especialmente desenvolvido para todos os tipos de ve\u00edculos nacionais ou importados que necessitem de um lubrificante com essas caracter\u00edsticas. Formulado a partir de \u00f3leos semissint\u00e9ticos premium, altamente refinados em conjunto com avan\u00e7ado pacote de aditivos, que promove pot\u00eancia extra ao motor, refor\u00e7ando a limpeza dos pist\u00f5es e an\u00e9is, al\u00e9m de prevenir a forma\u00e7\u00e3o de dep\u00f3sitos, espuma e verniz, garantindo maior prote\u00e7\u00e3o contra desgaste e corros\u00e3o.<\/p>\n<p><strong>Atende \u00e0 Especifica\u00e7\u00e3o:<\/strong>\u00a0API SN<br \/>\n<strong>Dispon\u00edvel nas Viscosidades SAE:<\/strong>\u00a05W-30<br \/>\n<strong>Embalagens:<\/strong>\u00a0Granel &#8211; 12x1L &#8211; 200L &#8211; CT. 1000L<\/p>","protected":false},"featured_media":2309,"template":"","meta":{"neve_meta_sidebar":"","neve_meta_container":"","neve_meta_enable_content_width":"off","neve_meta_content_width":100,"neve_meta_title_alignment":"","neve_meta_author_avatar":"","neve_post_elements_order":"","neve_meta_disable_header":"","neve_meta_disable_footer":"","neve_meta_disable_title":""},"product_cat":[26,27],"product_tag":[31],"class_list":{"0":"post-2326","1":"product","2":"type-product","3":"status-publish","4":"has-post-thumbnail","6":"product_cat-lubrificantes","7":"product_cat-veiculos-leves","8":"product_tag-sinteticos","10":"first","11":"instock","12":"shipping-taxable","13":"product-type-simple"},"_links":{"self":[{"href":"https:\/\/energis8brasil.byteforce-ai.com\/en\/wp-json\/wp\/v2\/product\/2326","targetHints":{"allow":["GET"]}}],"collection":[{"href":"https:\/\/energis8brasil.byteforce-ai.com\/en\/wp-json\/wp\/v2\/product"}],"about":[{"href":"https:\/\/energis8brasil.byteforce-ai.com\/en\/wp-json\/wp\/v2\/types\/product"}],"wp:featuredmedia":[{"embeddable":true,"href":"https:\/\/energis8brasil.byteforce-ai.com\/en\/wp-json\/wp\/v2\/media\/2309"}],"wp:attachment":[{"href":"https:\/\/energis8brasil.byteforce-ai.com\/en\/wp-json\/wp\/v2\/media?parent=2326"}],"wp:term":[{"taxonomy":"product_cat","embeddable":true,"href":"https:\/\/energis8brasil.byteforce-ai.com\/en\/wp-json\/wp\/v2\/product_cat?post=2326"},{"taxonomy":"product_tag","embeddable":true,"href":"https:\/\/energis8brasil.byteforce-ai.com\/en\/wp-json\/wp\/v2\/product_tag?post=2326"}],"curies":[{"name":"wp","href":"https:\/\/api.w.org\/{rel}","templated":true}]}}