{"id":2325,"date":"2024-03-05T21:44:45","date_gmt":"2024-03-06T00:44:45","guid":{"rendered":"https:\/\/energis8brasil.byteforce-ai.com\/?post_type=product&#038;p=2325"},"modified":"2024-03-05T21:45:12","modified_gmt":"2024-03-06T00:45:12","slug":"vorax-synthetic-dx1","status":"publish","type":"product","link":"https:\/\/energis8brasil.byteforce-ai.com\/en\/product\/vorax-synthetic-dx1\/","title":{"rendered":"Vorax Synthetic DX1"},"content":{"rendered":"","protected":false},"excerpt":{"rendered":"<p>Lubrificante 100% sint\u00e9tico, especialmente desenvolvido para atender aos mais modernos motores movidos a gasolina, etanol, biocombust\u00edvel e GNV. Sua formula\u00e7\u00e3o sint\u00e9tica altamente balanceada proporciona maior efici\u00eancia energ\u00e9tica \u201cFuel Economy\u201d, reduzindo o consumo de combust\u00edvel, al\u00e9m de proporcionar um menor desgaste do motor quando da partida a frio. Formulado a partir de \u00f3leos sint\u00e9ticos premium, com avan\u00e7ado pacote de aditivos que promovem uma maior limpeza dos pist\u00f5es, an\u00e9is, al\u00e9m de prevenir a forma\u00e7\u00e3o de dep\u00f3sitos, espuma e verniz, garantindo maior prote\u00e7\u00e3o contra desgaste e corros\u00e3o.<\/p>\n<p><strong>Atende \u00e0s Especifica\u00e7\u00f5es:<\/strong>\u00a0(A) API SN &#8211; GM Dexos 1 \u2122 &#8211; ILSAC GF-5 &#8211; Ford WSS-M2C-947A<br \/>\n(B) API SN &#8211; GM Dexos 1 \u2122 &#8211; ILSAC GF-5; Ford WSS-M2C-946A; Chrysler MS6395; Fiat 9.55535-CR 1; GM 6094M<br \/>\n<strong>Dispon\u00edvel nas Viscosidades SAE:<\/strong>\u00a0(A) 0W-20<br \/>\n(B) 5W-30<br \/>\n<strong>Embalagens:<\/strong>\u00a0Granel &#8211; 12x1L &#8211; 200L &#8211; CT. 1000L<\/p>","protected":false},"featured_media":2308,"template":"","meta":{"neve_meta_sidebar":"","neve_meta_container":"","neve_meta_enable_content_width":"off","neve_meta_content_width":100,"neve_meta_title_alignment":"","neve_meta_author_avatar":"","neve_post_elements_order":"","neve_meta_disable_header":"","neve_meta_disable_footer":"","neve_meta_disable_title":""},"product_cat":[26,27],"product_tag":[31],"class_list":{"0":"post-2325","1":"product","2":"type-product","3":"status-publish","4":"has-post-thumbnail","6":"product_cat-lubrificantes","7":"product_cat-veiculos-leves","8":"product_tag-sinteticos","10":"first","11":"instock","12":"shipping-taxable","13":"product-type-simple"},"_links":{"self":[{"href":"https:\/\/energis8brasil.byteforce-ai.com\/en\/wp-json\/wp\/v2\/product\/2325","targetHints":{"allow":["GET"]}}],"collection":[{"href":"https:\/\/energis8brasil.byteforce-ai.com\/en\/wp-json\/wp\/v2\/product"}],"about":[{"href":"https:\/\/energis8brasil.byteforce-ai.com\/en\/wp-json\/wp\/v2\/types\/product"}],"wp:featuredmedia":[{"embeddable":true,"href":"https:\/\/energis8brasil.byteforce-ai.com\/en\/wp-json\/wp\/v2\/media\/2308"}],"wp:attachment":[{"href":"https:\/\/energis8brasil.byteforce-ai.com\/en\/wp-json\/wp\/v2\/media?parent=2325"}],"wp:term":[{"taxonomy":"product_cat","embeddable":true,"href":"https:\/\/energis8brasil.byteforce-ai.com\/en\/wp-json\/wp\/v2\/product_cat?post=2325"},{"taxonomy":"product_tag","embeddable":true,"href":"https:\/\/energis8brasil.byteforce-ai.com\/en\/wp-json\/wp\/v2\/product_tag?post=2325"}],"curies":[{"name":"wp","href":"https:\/\/api.w.org\/{rel}","templated":true}]}}