{"id":2324,"date":"2024-03-05T21:43:53","date_gmt":"2024-03-06T00:43:53","guid":{"rendered":"https:\/\/energis8brasil.byteforce-ai.com\/?post_type=product&#038;p=2324"},"modified":"2024-03-05T21:44:25","modified_gmt":"2024-03-06T00:44:25","slug":"vorax-synthetic-sn","status":"publish","type":"product","link":"https:\/\/energis8brasil.byteforce-ai.com\/en\/product\/vorax-synthetic-sn\/","title":{"rendered":"Vorax Synthetic SN"},"content":{"rendered":"","protected":false},"excerpt":{"rendered":"<p>Lubrificante de \u00faltima gera\u00e7\u00e3o 100% sint\u00e9tico especialmente desenvolvido para os modernos motores movidos a Gasolina, Etanol, GNV, Flex e Diesel tais como comerciais leves, autom\u00f3veis, SUVs e pick-ups. Sua f\u00f3rmula combina \u00f3leos b\u00e1sicos sint\u00e9ticos de alto desempenho e aditivos de avan\u00e7ada tecnologia, criando uma excelente prote\u00e7\u00e3o ao motor e proporcionando per\u00edodos estendidos de troca do \u00f3leo(*). Oferece desempenho e prote\u00e7\u00e3o superior aos oferecidos pelos lubrificantes convencionais minerais e semissint\u00e9ticos. Sua f\u00f3rmula foi projetada para proporcionar uma melhor economia de combust\u00edvel, maior durabilidade do sistema de emiss\u00e3o, refor\u00e7ando a limpeza dos pist\u00f5es e preven\u00e7\u00e3o \u00e0 forma\u00e7\u00e3o de dep\u00f3sitos e verniz. \u00c9 particularmente recomendado para aplica\u00e7\u00f5es de alta severidade, onde seja requerido um lubrificante sint\u00e9tico com essas caracter\u00edsticas.<\/p>\n<p><strong>Atende \u00e0s Especifica\u00e7\u00f5es:<\/strong>\u00a0API SN\/SM\/SL\/SJ\/CF &#8211; ILSAC GF-5; ACEA A3\/B3-12; A3\/B4-12; BMW Longlife 01; MB 226.5\/229.3\/229.6; Porsche A40; PSA B12296; Renault RN0700\/RN0701; VW 502.00\/505.00<br \/>\n<strong>Dispon\u00edvel na Viscosidade SAE:<\/strong>\u00a05W-40<br \/>\n<strong>Embalagens:<\/strong>\u00a0Granel &#8211; 12x1L &#8211; 200L &#8211; CT. 1000L<\/p>","protected":false},"featured_media":2311,"template":"","meta":{"neve_meta_sidebar":"","neve_meta_container":"","neve_meta_enable_content_width":"off","neve_meta_content_width":100,"neve_meta_title_alignment":"","neve_meta_author_avatar":"","neve_post_elements_order":"","neve_meta_disable_header":"","neve_meta_disable_footer":"","neve_meta_disable_title":""},"product_cat":[26,27],"product_tag":[31],"class_list":{"0":"post-2324","1":"product","2":"type-product","3":"status-publish","4":"has-post-thumbnail","6":"product_cat-lubrificantes","7":"product_cat-veiculos-leves","8":"product_tag-sinteticos","10":"first","11":"instock","12":"shipping-taxable","13":"product-type-simple"},"_links":{"self":[{"href":"https:\/\/energis8brasil.byteforce-ai.com\/en\/wp-json\/wp\/v2\/product\/2324","targetHints":{"allow":["GET"]}}],"collection":[{"href":"https:\/\/energis8brasil.byteforce-ai.com\/en\/wp-json\/wp\/v2\/product"}],"about":[{"href":"https:\/\/energis8brasil.byteforce-ai.com\/en\/wp-json\/wp\/v2\/types\/product"}],"wp:featuredmedia":[{"embeddable":true,"href":"https:\/\/energis8brasil.byteforce-ai.com\/en\/wp-json\/wp\/v2\/media\/2311"}],"wp:attachment":[{"href":"https:\/\/energis8brasil.byteforce-ai.com\/en\/wp-json\/wp\/v2\/media?parent=2324"}],"wp:term":[{"taxonomy":"product_cat","embeddable":true,"href":"https:\/\/energis8brasil.byteforce-ai.com\/en\/wp-json\/wp\/v2\/product_cat?post=2324"},{"taxonomy":"product_tag","embeddable":true,"href":"https:\/\/energis8brasil.byteforce-ai.com\/en\/wp-json\/wp\/v2\/product_tag?post=2324"}],"curies":[{"name":"wp","href":"https:\/\/api.w.org\/{rel}","templated":true}]}}