{"id":2323,"date":"2024-03-05T21:42:19","date_gmt":"2024-03-06T00:42:19","guid":{"rendered":"https:\/\/energis8brasil.byteforce-ai.com\/?post_type=product&#038;p=2323"},"modified":"2024-03-05T21:43:09","modified_gmt":"2024-03-06T00:43:09","slug":"vorax-synthetic-sm","status":"publish","type":"product","link":"https:\/\/energis8brasil.byteforce-ai.com\/en\/product\/vorax-synthetic-sm\/","title":{"rendered":"Vorax Synthetic SM"},"content":{"rendered":"","protected":false},"excerpt":{"rendered":"<p>Lubrificante de base 100% sint\u00e9tica de alta tecnologia e \u00faltima gera\u00e7\u00e3o, desenvolvido para motores de alta performance, aspirados, com inje\u00e7\u00e3o multiponto, catalisadores, multiv\u00e1lvulas ou turbinados, o que garante melhor desempenho e prote\u00e7\u00e3o contra desgaste e corros\u00e3o em baixas e altas temperaturas, proporcionando partidas mais r\u00e1pidas, com melhor prote\u00e7\u00e3o contra forma\u00e7\u00e3o de borras e desgaste prematuro das partes lubrificadas do motor. Indicado para motores movidos a gasolina, etanol, GNV ou Flex.<\/p>\n<p><strong>Atende \u00e0 Especifica\u00e7\u00e3o:<\/strong>\u00a0API SM<br \/>\n<strong>Dispon\u00edvel nas Viscosidades SAE:<\/strong>\u00a05W-30 e 5W-40<br \/>\n<strong>Embalagens:<\/strong>\u00a0Granel &#8211; 12x1L &#8211; 200L &#8211; CT. 1000L<\/p>","protected":false},"featured_media":2310,"template":"","meta":{"neve_meta_sidebar":"","neve_meta_container":"","neve_meta_enable_content_width":"off","neve_meta_content_width":100,"neve_meta_title_alignment":"","neve_meta_author_avatar":"","neve_post_elements_order":"","neve_meta_disable_header":"","neve_meta_disable_footer":"","neve_meta_disable_title":""},"product_cat":[26,27],"product_tag":[31],"class_list":{"0":"post-2323","1":"product","2":"type-product","3":"status-publish","4":"has-post-thumbnail","6":"product_cat-lubrificantes","7":"product_cat-veiculos-leves","8":"product_tag-sinteticos","10":"first","11":"instock","12":"shipping-taxable","13":"product-type-simple"},"_links":{"self":[{"href":"https:\/\/energis8brasil.byteforce-ai.com\/en\/wp-json\/wp\/v2\/product\/2323","targetHints":{"allow":["GET"]}}],"collection":[{"href":"https:\/\/energis8brasil.byteforce-ai.com\/en\/wp-json\/wp\/v2\/product"}],"about":[{"href":"https:\/\/energis8brasil.byteforce-ai.com\/en\/wp-json\/wp\/v2\/types\/product"}],"wp:featuredmedia":[{"embeddable":true,"href":"https:\/\/energis8brasil.byteforce-ai.com\/en\/wp-json\/wp\/v2\/media\/2310"}],"wp:attachment":[{"href":"https:\/\/energis8brasil.byteforce-ai.com\/en\/wp-json\/wp\/v2\/media?parent=2323"}],"wp:term":[{"taxonomy":"product_cat","embeddable":true,"href":"https:\/\/energis8brasil.byteforce-ai.com\/en\/wp-json\/wp\/v2\/product_cat?post=2323"},{"taxonomy":"product_tag","embeddable":true,"href":"https:\/\/energis8brasil.byteforce-ai.com\/en\/wp-json\/wp\/v2\/product_tag?post=2323"}],"curies":[{"name":"wp","href":"https:\/\/api.w.org\/{rel}","templated":true}]}}