{"id":2321,"date":"2024-03-05T21:36:53","date_gmt":"2024-03-06T00:36:53","guid":{"rendered":"https:\/\/energis8brasil.byteforce-ai.com\/?post_type=product&#038;p=2321"},"modified":"2024-03-05T21:37:54","modified_gmt":"2024-03-06T00:37:54","slug":"vorax-premium-sl-2","status":"publish","type":"product","link":"https:\/\/energis8brasil.byteforce-ai.com\/en\/product\/vorax-premium-sl-2\/","title":{"rendered":"Vorax Premium SL"},"content":{"rendered":"","protected":false},"excerpt":{"rendered":"<p>A f\u00f3rmula dos lubrificantes da linha Vorax Premium Semissint\u00e9tica alia alta tecnologia dos pacotes de aditivos com uma combina\u00e7\u00e3o de \u00f3leos b\u00e1sicos sint\u00e9ticos e minerais indicados para lubrificar os modernos motores aspirados, com inje\u00e7\u00e3o multiponto, catalisadores, multivalvulas ou turbinados, movidos a gasolina, etanol, GNV ou Flex.<\/p>\n<p><strong>Atende \u00e0 Especifica\u00e7\u00e3o:<\/strong>\u00a0API SL<br \/>\n<strong>Dispon\u00edvel nas Viscosidades SAE:<\/strong>\u00a05W-30, 10W-30, 10W-40 e 15W-40<br \/>\n<strong>Embalagens:<\/strong>\u00a0Granel &#8211; 12x1L &#8211; 200L &#8211; CT. 1000L<\/p>","protected":false},"featured_media":2305,"template":"","meta":{"neve_meta_sidebar":"","neve_meta_container":"","neve_meta_enable_content_width":"off","neve_meta_content_width":100,"neve_meta_title_alignment":"","neve_meta_author_avatar":"","neve_post_elements_order":"","neve_meta_disable_header":"","neve_meta_disable_footer":"","neve_meta_disable_title":""},"product_cat":[26,27],"product_tag":[30],"class_list":{"0":"post-2321","1":"product","2":"type-product","3":"status-publish","4":"has-post-thumbnail","6":"product_cat-lubrificantes","7":"product_cat-veiculos-leves","8":"product_tag-semissinteticos","10":"first","11":"instock","12":"shipping-taxable","13":"product-type-simple"},"_links":{"self":[{"href":"https:\/\/energis8brasil.byteforce-ai.com\/en\/wp-json\/wp\/v2\/product\/2321","targetHints":{"allow":["GET"]}}],"collection":[{"href":"https:\/\/energis8brasil.byteforce-ai.com\/en\/wp-json\/wp\/v2\/product"}],"about":[{"href":"https:\/\/energis8brasil.byteforce-ai.com\/en\/wp-json\/wp\/v2\/types\/product"}],"wp:featuredmedia":[{"embeddable":true,"href":"https:\/\/energis8brasil.byteforce-ai.com\/en\/wp-json\/wp\/v2\/media\/2305"}],"wp:attachment":[{"href":"https:\/\/energis8brasil.byteforce-ai.com\/en\/wp-json\/wp\/v2\/media?parent=2321"}],"wp:term":[{"taxonomy":"product_cat","embeddable":true,"href":"https:\/\/energis8brasil.byteforce-ai.com\/en\/wp-json\/wp\/v2\/product_cat?post=2321"},{"taxonomy":"product_tag","embeddable":true,"href":"https:\/\/energis8brasil.byteforce-ai.com\/en\/wp-json\/wp\/v2\/product_tag?post=2321"}],"curies":[{"name":"wp","href":"https:\/\/api.w.org\/{rel}","templated":true}]}}