{"id":2312,"date":"2024-03-05T21:06:40","date_gmt":"2024-03-06T00:06:40","guid":{"rendered":"https:\/\/energis8brasil.byteforce-ai.com\/?post_type=product&#038;p=2312"},"modified":"2024-03-05T21:06:40","modified_gmt":"2024-03-06T00:06:40","slug":"vorax-premium-sl","status":"publish","type":"product","link":"https:\/\/energis8brasil.byteforce-ai.com\/en\/product\/vorax-premium-sl\/","title":{"rendered":"Vorax Premium SL"},"content":{"rendered":"","protected":false},"excerpt":{"rendered":"<p>Lubrificante multiviscoso de base mineral, indicado para motores movidos a gasolina, etanol, GNV ou Flex. Sua aditiva\u00e7\u00e3o promove perfeita lubrifica\u00e7\u00e3o interna dos componentes do motor, protegendo contra o desgaste e corros\u00e3o.<\/p>\n<p><strong>Atende \u00e0 Especifica\u00e7\u00e3o:<\/strong>\u00a0API SL<br \/>\n<strong>Dispon\u00edvel nas Viscosidades SAE:<\/strong>\u00a015W-50 e 20W-50<br \/>\n<strong>Embalagens:<\/strong>\u00a0Granel &#8211; 12x1L &#8211; 200L &#8211; CT. 1000L<\/p>","protected":false},"featured_media":2304,"template":"","meta":{"neve_meta_sidebar":"","neve_meta_container":"","neve_meta_enable_content_width":"off","neve_meta_content_width":100,"neve_meta_title_alignment":"","neve_meta_author_avatar":"","neve_post_elements_order":"","neve_meta_disable_header":"","neve_meta_disable_footer":"","neve_meta_disable_title":""},"product_cat":[26,27],"product_tag":[29],"class_list":{"0":"post-2312","1":"product","2":"type-product","3":"status-publish","4":"has-post-thumbnail","6":"product_cat-lubrificantes","7":"product_cat-veiculos-leves","8":"product_tag-minerais","10":"first","11":"instock","12":"shipping-taxable","13":"product-type-simple"},"_links":{"self":[{"href":"https:\/\/energis8brasil.byteforce-ai.com\/en\/wp-json\/wp\/v2\/product\/2312","targetHints":{"allow":["GET"]}}],"collection":[{"href":"https:\/\/energis8brasil.byteforce-ai.com\/en\/wp-json\/wp\/v2\/product"}],"about":[{"href":"https:\/\/energis8brasil.byteforce-ai.com\/en\/wp-json\/wp\/v2\/types\/product"}],"wp:featuredmedia":[{"embeddable":true,"href":"https:\/\/energis8brasil.byteforce-ai.com\/en\/wp-json\/wp\/v2\/media\/2304"}],"wp:attachment":[{"href":"https:\/\/energis8brasil.byteforce-ai.com\/en\/wp-json\/wp\/v2\/media?parent=2312"}],"wp:term":[{"taxonomy":"product_cat","embeddable":true,"href":"https:\/\/energis8brasil.byteforce-ai.com\/en\/wp-json\/wp\/v2\/product_cat?post=2312"},{"taxonomy":"product_tag","embeddable":true,"href":"https:\/\/energis8brasil.byteforce-ai.com\/en\/wp-json\/wp\/v2\/product_tag?post=2312"}],"curies":[{"name":"wp","href":"https:\/\/api.w.org\/{rel}","templated":true}]}}