{"id":825,"date":"2023-11-29T20:45:48","date_gmt":"2023-11-29T23:45:48","guid":{"rendered":"https:\/\/energis8brasil.byteforce-ai.com\/?page_id=825"},"modified":"2024-03-28T10:25:58","modified_gmt":"2024-03-28T13:25:58","slug":"noticias","status":"publish","type":"page","link":"https:\/\/energis8brasil.byteforce-ai.com\/en\/noticias\/","title":{"rendered":"News"},"content":{"rendered":"<div data-elementor-type=\"wp-page\" data-elementor-id=\"825\" class=\"elementor elementor-825\">\n\t\t\t\t<div class=\"elementor-element elementor-element-cbb39af e-flex e-con-boxed e-con e-parent\" data-id=\"cbb39af\" data-element_type=\"container\" data-settings=\"{&quot;background_background&quot;:&quot;classic&quot;}\">\n\t\t\t\t\t<div class=\"e-con-inner\">\n\t\t\t\t<div class=\"elementor-element elementor-element-9b081fb animated-slow elementor-invisible elementor-widget elementor-widget-heading\" data-id=\"9b081fb\" data-element_type=\"widget\" data-settings=\"{&quot;_animation&quot;:&quot;fadeInRight&quot;,&quot;_animation_tablet&quot;:&quot;fadeIn&quot;}\" data-widget_type=\"heading.default\">\n\t\t\t\t<div class=\"elementor-widget-container\">\n\t\t\t<style>\/*! elementor - v3.22.0 - 26-06-2024 *\/\n.elementor-heading-title{padding:0;margin:0;line-height:1}.elementor-widget-heading .elementor-heading-title[class*=elementor-size-]>a{color:inherit;font-size:inherit;line-height:inherit}.elementor-widget-heading .elementor-heading-title.elementor-size-small{font-size:15px}.elementor-widget-heading .elementor-heading-title.elementor-size-medium{font-size:19px}.elementor-widget-heading .elementor-heading-title.elementor-size-large{font-size:29px}.elementor-widget-heading .elementor-heading-title.elementor-size-xl{font-size:39px}.elementor-widget-heading .elementor-heading-title.elementor-size-xxl{font-size:59px}<\/style><h2 class=\"elementor-heading-title elementor-size-default\">News<\/h2>\t\t<\/div>\n\t\t\t\t<\/div>\n\t\t\t\t\t<\/div>\n\t\t\t\t<\/div>\n\t\t<div class=\"elementor-element elementor-element-2495357 e-flex e-con-boxed e-con e-parent\" data-id=\"2495357\" data-element_type=\"container\" data-settings=\"{&quot;background_background&quot;:&quot;classic&quot;}\">\n\t\t\t\t\t<div class=\"e-con-inner\">\n\t\t\t\t<div class=\"elementor-element elementor-element-574fa23 elementor-widget elementor-widget-text-editor\" data-id=\"574fa23\" data-element_type=\"widget\" data-widget_type=\"text-editor.default\">\n\t\t\t\t<div class=\"elementor-widget-container\">\n\t\t\t<style>\/*! elementor - v3.22.0 - 26-06-2024 *\/\n.elementor-widget-text-editor.elementor-drop-cap-view-stacked .elementor-drop-cap{background-color:#69727d;color:#fff}.elementor-widget-text-editor.elementor-drop-cap-view-framed .elementor-drop-cap{color:#69727d;border:3px solid;background-color:transparent}.elementor-widget-text-editor:not(.elementor-drop-cap-view-default) .elementor-drop-cap{margin-top:8px}.elementor-widget-text-editor:not(.elementor-drop-cap-view-default) .elementor-drop-cap-letter{width:1em;height:1em}.elementor-widget-text-editor .elementor-drop-cap{float:left;text-align:center;line-height:1;font-size:50px}.elementor-widget-text-editor .elementor-drop-cap-letter{display:inline-block}<\/style>\t\t\t\t<p>Acompanhe nosso site e fique atualizado com as a\u00e7\u00f5es, feiras e lan\u00e7amentos do <strong>Grupo Energis 8 Brasil<\/strong>.<\/p>\t\t\t\t\t\t<\/div>\n\t\t\t\t<\/div>\n\t\t\t\t<div class=\"elementor-element elementor-element-01972b8 premium-blog-align-left elementor-widget elementor-widget-premium-addon-blog\" data-id=\"01972b8\" data-element_type=\"widget\" data-settings=\"{&quot;force_height&quot;:&quot;true&quot;,&quot;premium_blog_columns_number&quot;:&quot;100%&quot;,&quot;premium_blog_grid&quot;:&quot;yes&quot;,&quot;premium_blog_layout&quot;:&quot;even&quot;,&quot;premium_blog_columns_number_tablet&quot;:&quot;50%&quot;,&quot;premium_blog_columns_number_mobile&quot;:&quot;100%&quot;,&quot;scroll_to_offset&quot;:&quot;yes&quot;}\" data-widget_type=\"premium-addon-blog.default\">\n\t\t\t\t<div class=\"elementor-widget-container\">\n\t\t\t\n\t\t\t\t<div class=\"premium-blog-wrap  premium-blog-even\" data-page=\"825\" data-pagination=\"true\">\n\t\t\t\t\t<div class=\"premium-blog-post-outer-container\" data-total=\"3\">\n\t\t\t<div class=\"premium-blog-post-container premium-blog-skin-side\">\n\t\t\t\t\t\t\t\t\t<div class=\"premium-blog-thumb-effect-wrapper\">\n\t\t\t\t\t\t<div class=\"premium-blog-thumbnail-container premium-blog-zoomin-effect\">\n\t\t\t\t\t\t\t<img fetchpriority=\"high\" decoding=\"async\" width=\"1024\" height=\"768\" src=\"https:\/\/energis8brasil.byteforce-ai.com\/wp-content\/uploads\/2020\/04\/24042020d.jpg\" class=\"attachment-full size-full wp-image-1376\" alt=\"\" srcset=\"https:\/\/energis8brasil.byteforce-ai.com\/wp-content\/uploads\/2020\/04\/24042020d.jpg 1024w, https:\/\/energis8brasil.byteforce-ai.com\/wp-content\/uploads\/2020\/04\/24042020d-600x450.jpg 600w, https:\/\/energis8brasil.byteforce-ai.com\/wp-content\/uploads\/2020\/04\/24042020d-64x48.jpg 64w, https:\/\/energis8brasil.byteforce-ai.com\/wp-content\/uploads\/2020\/04\/24042020d-300x225.jpg 300w, https:\/\/energis8brasil.byteforce-ai.com\/wp-content\/uploads\/2020\/04\/24042020d-768x576.jpg 768w, https:\/\/energis8brasil.byteforce-ai.com\/wp-content\/uploads\/2020\/04\/24042020d-16x12.jpg 16w, https:\/\/energis8brasil.byteforce-ai.com\/wp-content\/uploads\/2020\/04\/24042020d-200x150.jpg 200w\" sizes=\"(max-width: 1024px) 100vw, 1024px\" \/>\t\t\t\t\t\t<\/div>\n\t\t\t\t\t\t\t\t\t\t\t\t\t<div class=\"premium-blog-thumbnail-overlay\">\n\t\t\t\t\t\t\t\t<a class=\"elementor-icon\" href=\"https:\/\/energis8brasil.byteforce-ai.com\/en\/doacao-de-itens-hospitalares-para-a-rede-publica-de-saude-de-santo-andre\/\" target=\"_self\" aria-hidden=\"true\"><span>Doa\u00e7\u00e3o de itens hospitalares para a rede p\u00fablica de sa\u00fade de Santo Andr\u00e9<\/span><\/a>\n\t\t\t\t\t\t\t<\/div>\n\n\t\t\t\t\t\t\t\t\t\t\t\t\t\t\t\t\t\t<\/div>\n\t\t\t\t\t\t\t\t\t\t\t\t<div class=\"premium-blog-content-wrapper\">\n\n\t\t\t\t\t<div class=\"premium-blog-inner-container\">\n\n\t\t\t\t\t\t\t\t\t\t\t\t\t\t<h2 class=\"premium-blog-entry-title\">\n\t\t\t<a href=\"https:\/\/energis8brasil.byteforce-ai.com\/en\/doacao-de-itens-hospitalares-para-a-rede-publica-de-saude-de-santo-andre\/\" target=\"_self\">\n\t\t\t\tDoa\u00e7\u00e3o de itens hospitalares para a rede p\u00fablica de sa\u00fade de Santo Andr\u00e9\t\t\t<\/a>\n\t\t<\/h2>\n\t\t\t\t<div class=\"premium-blog-entry-meta\">\n\t\t\t\n\t\t\t\t\t\t\t<span class=\"premium-blog-meta-separator\">\u2022<\/span>\n\t\t\t\t<div class=\"premium-blog-post-time premium-blog-meta-data\">\n\t\t\t\t\t<i class=\"fa fa-calendar-alt\" aria-hidden=\"true\"><\/i>\n\t\t\t\t\t<span>24 de April de 2020<\/span>\n\t\t\t\t<\/div>\n\t\t\t\n\t\t\t\n\t\t\t\t\t<\/div>\n\t\t\n\t\t\t\t\t<\/div>\n\n\t\t\t\t\t\t\t<div class=\"premium-blog-content-inner-wrapper\">\n\t\t<p class=\"premium-blog-post-content\">O Grupo Energis 8 Brasil efetuou em 16\/04 a doa\u00e7\u00e3o de uma grande quantidade de itens de uso hospitalar para o fundo de solidariedade de Santo Andr\u00e9, que ser\u00e3o distribu\u00eddos em todos os hospitais da rede p\u00fablica da cidade, al\u00e9m dos hospitais campanha criados contra o COVID-19. Juntos venceremos esse desafio!<\/p>\t\t<\/div>\n\t\t\t\t\t\t\t\n\t\t\t\t<\/div>\n\t\t\t<\/div>\n\t\t<\/div>\n\n\t\t\t\t<div class=\"premium-blog-post-outer-container\" data-total=\"3\">\n\t\t\t<div class=\"premium-blog-post-container premium-blog-skin-side\">\n\t\t\t\t\t\t\t\t\t<div class=\"premium-blog-thumb-effect-wrapper\">\n\t\t\t\t\t\t<div class=\"premium-blog-thumbnail-container premium-blog-zoomin-effect\">\n\t\t\t\t\t\t\t<img decoding=\"async\" width=\"1280\" height=\"853\" src=\"https:\/\/energis8brasil.byteforce-ai.com\/wp-content\/uploads\/2020\/02\/27022020j.jpg\" class=\"attachment-full size-full wp-image-1366\" alt=\"\" srcset=\"https:\/\/energis8brasil.byteforce-ai.com\/wp-content\/uploads\/2020\/02\/27022020j.jpg 1280w, https:\/\/energis8brasil.byteforce-ai.com\/wp-content\/uploads\/2020\/02\/27022020j-600x400.jpg 600w, https:\/\/energis8brasil.byteforce-ai.com\/wp-content\/uploads\/2020\/02\/27022020j-64x43.jpg 64w, https:\/\/energis8brasil.byteforce-ai.com\/wp-content\/uploads\/2020\/02\/27022020j-300x200.jpg 300w, https:\/\/energis8brasil.byteforce-ai.com\/wp-content\/uploads\/2020\/02\/27022020j-1024x682.jpg 1024w, https:\/\/energis8brasil.byteforce-ai.com\/wp-content\/uploads\/2020\/02\/27022020j-768x512.jpg 768w, https:\/\/energis8brasil.byteforce-ai.com\/wp-content\/uploads\/2020\/02\/27022020j-18x12.jpg 18w, https:\/\/energis8brasil.byteforce-ai.com\/wp-content\/uploads\/2020\/02\/27022020j-200x133.jpg 200w, https:\/\/energis8brasil.byteforce-ai.com\/wp-content\/uploads\/2020\/02\/27022020j-930x620.jpg 930w\" sizes=\"(max-width: 1280px) 100vw, 1280px\" \/>\t\t\t\t\t\t<\/div>\n\t\t\t\t\t\t\t\t\t\t\t\t\t<div class=\"premium-blog-thumbnail-overlay\">\n\t\t\t\t\t\t\t\t<a class=\"elementor-icon\" href=\"https:\/\/energis8brasil.byteforce-ai.com\/en\/grupo-energis-8-brasil-participa-do-show-tecnologico-em-ponta-grossa-pr\/\" target=\"_self\" aria-hidden=\"true\"><span>Grupo Energis 8 Brasil participa do Show Tecnol\u00f3gico em Ponta Grossa \u2013 PR<\/span><\/a>\n\t\t\t\t\t\t\t<\/div>\n\n\t\t\t\t\t\t\t\t\t\t\t\t\t\t\t\t\t\t<\/div>\n\t\t\t\t\t\t\t\t\t\t\t\t<div class=\"premium-blog-content-wrapper\">\n\n\t\t\t\t\t<div class=\"premium-blog-inner-container\">\n\n\t\t\t\t\t\t\t\t\t\t\t\t\t\t<h2 class=\"premium-blog-entry-title\">\n\t\t\t<a href=\"https:\/\/energis8brasil.byteforce-ai.com\/en\/grupo-energis-8-brasil-participa-do-show-tecnologico-em-ponta-grossa-pr\/\" target=\"_self\">\n\t\t\t\tGrupo Energis 8 Brasil participa do Show Tecnol\u00f3gico em Ponta Grossa \u2013 PR\t\t\t<\/a>\n\t\t<\/h2>\n\t\t\t\t<div class=\"premium-blog-entry-meta\">\n\t\t\t\n\t\t\t\t\t\t\t<span class=\"premium-blog-meta-separator\">\u2022<\/span>\n\t\t\t\t<div class=\"premium-blog-post-time premium-blog-meta-data\">\n\t\t\t\t\t<i class=\"fa fa-calendar-alt\" aria-hidden=\"true\"><\/i>\n\t\t\t\t\t<span>27 de February de 2020<\/span>\n\t\t\t\t<\/div>\n\t\t\t\n\t\t\t\n\t\t\t\t\t<\/div>\n\t\t\n\t\t\t\t\t<\/div>\n\n\t\t\t\t\t\t\t<div class=\"premium-blog-content-inner-wrapper\">\n\t\t<p class=\"premium-blog-post-content\">O Grupo Energis 8 Brasil participou de evento organizado pela Funda\u00e7\u00e3o ABC na cidade de Ponta Grossa no estado do Paran\u00e1, nos dia 19 e 20 de fevereiro. O evento contou com palestras realizadas pela organizadora e empresas expositoras. O evento contou com 4.254 visitantes, ao longo dos dois dias.<\/p>\t\t<\/div>\n\t\t\t\t\t\t\t\n\t\t\t\t<\/div>\n\t\t\t<\/div>\n\t\t<\/div>\n\n\t\t\t\t<div class=\"premium-blog-post-outer-container\" data-total=\"3\">\n\t\t\t<div class=\"premium-blog-post-container premium-blog-skin-side\">\n\t\t\t\t\t\t\t\t\t<div class=\"premium-blog-thumb-effect-wrapper\">\n\t\t\t\t\t\t<div class=\"premium-blog-thumbnail-container premium-blog-zoomin-effect\">\n\t\t\t\t\t\t\t<img decoding=\"async\" width=\"800\" height=\"533\" src=\"https:\/\/energis8brasil.byteforce-ai.com\/wp-content\/uploads\/2020\/01\/16012020d.jpg\" class=\"attachment-full size-full wp-image-1352\" alt=\"\" srcset=\"https:\/\/energis8brasil.byteforce-ai.com\/wp-content\/uploads\/2020\/01\/16012020d.jpg 800w, https:\/\/energis8brasil.byteforce-ai.com\/wp-content\/uploads\/2020\/01\/16012020d-600x400.jpg 600w, https:\/\/energis8brasil.byteforce-ai.com\/wp-content\/uploads\/2020\/01\/16012020d-64x43.jpg 64w, https:\/\/energis8brasil.byteforce-ai.com\/wp-content\/uploads\/2020\/01\/16012020d-300x200.jpg 300w, https:\/\/energis8brasil.byteforce-ai.com\/wp-content\/uploads\/2020\/01\/16012020d-768x512.jpg 768w, https:\/\/energis8brasil.byteforce-ai.com\/wp-content\/uploads\/2020\/01\/16012020d-18x12.jpg 18w, https:\/\/energis8brasil.byteforce-ai.com\/wp-content\/uploads\/2020\/01\/16012020d-200x133.jpg 200w\" sizes=\"(max-width: 800px) 100vw, 800px\" \/>\t\t\t\t\t\t<\/div>\n\t\t\t\t\t\t\t\t\t\t\t\t\t<div class=\"premium-blog-thumbnail-overlay\">\n\t\t\t\t\t\t\t\t<a class=\"elementor-icon\" href=\"https:\/\/energis8brasil.byteforce-ai.com\/en\/confraternizacao-de-final-de-ano-energis-8-brasil\/\" target=\"_self\" aria-hidden=\"true\"><span>Confraterniza\u00e7\u00e3o de final de ano Energis 8 Brasil<\/span><\/a>\n\t\t\t\t\t\t\t<\/div>\n\n\t\t\t\t\t\t\t\t\t\t\t\t\t\t\t\t\t\t<\/div>\n\t\t\t\t\t\t\t\t\t\t\t\t<div class=\"premium-blog-content-wrapper\">\n\n\t\t\t\t\t<div class=\"premium-blog-inner-container\">\n\n\t\t\t\t\t\t\t\t\t\t\t\t\t\t<h2 class=\"premium-blog-entry-title\">\n\t\t\t<a href=\"https:\/\/energis8brasil.byteforce-ai.com\/en\/confraternizacao-de-final-de-ano-energis-8-brasil\/\" target=\"_self\">\n\t\t\t\tConfraterniza\u00e7\u00e3o de final de ano Energis 8 Brasil\t\t\t<\/a>\n\t\t<\/h2>\n\t\t\t\t<div class=\"premium-blog-entry-meta\">\n\t\t\t\n\t\t\t\t\t\t\t<span class=\"premium-blog-meta-separator\">\u2022<\/span>\n\t\t\t\t<div class=\"premium-blog-post-time premium-blog-meta-data\">\n\t\t\t\t\t<i class=\"fa fa-calendar-alt\" aria-hidden=\"true\"><\/i>\n\t\t\t\t\t<span>16 de January de 2020<\/span>\n\t\t\t\t<\/div>\n\t\t\t\n\t\t\t\n\t\t\t\t\t<\/div>\n\t\t\n\t\t\t\t\t<\/div>\n\n\t\t\t\t\t\t\t<div class=\"premium-blog-content-inner-wrapper\">\n\t\t<p class=\"premium-blog-post-content\">Ap\u00f3s a doa\u00e7\u00e3o de cestas b\u00e1sicas para a Campanha Natal Solid\u00e1rio da Prefeitura de Mau\u00e1, Grupo Energis 8 Brasil fechou o ano de 2019 com uma bel\u00edssima festa! Toda a equipe se reuniu para comemorar e confraternizar em grande estilo! Foram sorteados pr\u00eamios para os participantes, e o evento contou inclusive com a participa\u00e7\u00e3o dos&hellip;&nbsp;&lt;a \u2026<\/p>\t\t<\/div>\n\t\t\t\t\t\t\t\n\t\t\t\t<\/div>\n\t\t\t<\/div>\n\t\t<\/div>\n\n\t\t\t\t<div class=\"premium-blog-post-outer-container\" data-total=\"3\">\n\t\t\t<div class=\"premium-blog-post-container premium-blog-skin-side\">\n\t\t\t\t\t\t\t\t\t<div class=\"premium-blog-thumb-effect-wrapper\">\n\t\t\t\t\t\t<div class=\"premium-blog-thumbnail-container premium-blog-zoomin-effect\">\n\t\t\t\t\t\t\t<img loading=\"lazy\" decoding=\"async\" width=\"800\" height=\"601\" src=\"https:\/\/energis8brasil.byteforce-ai.com\/wp-content\/uploads\/2023\/12\/12122019b.jpg\" class=\"attachment-full size-full wp-image-1343\" alt=\"\" srcset=\"https:\/\/energis8brasil.byteforce-ai.com\/wp-content\/uploads\/2023\/12\/12122019b.jpg 800w, https:\/\/energis8brasil.byteforce-ai.com\/wp-content\/uploads\/2023\/12\/12122019b-600x451.jpg 600w, https:\/\/energis8brasil.byteforce-ai.com\/wp-content\/uploads\/2023\/12\/12122019b-64x48.jpg 64w, https:\/\/energis8brasil.byteforce-ai.com\/wp-content\/uploads\/2023\/12\/12122019b-300x225.jpg 300w, https:\/\/energis8brasil.byteforce-ai.com\/wp-content\/uploads\/2023\/12\/12122019b-768x577.jpg 768w, https:\/\/energis8brasil.byteforce-ai.com\/wp-content\/uploads\/2023\/12\/12122019b-16x12.jpg 16w, https:\/\/energis8brasil.byteforce-ai.com\/wp-content\/uploads\/2023\/12\/12122019b-200x150.jpg 200w\" sizes=\"(max-width: 800px) 100vw, 800px\" \/>\t\t\t\t\t\t<\/div>\n\t\t\t\t\t\t\t\t\t\t\t\t\t<div class=\"premium-blog-thumbnail-overlay\">\n\t\t\t\t\t\t\t\t<a class=\"elementor-icon\" href=\"https:\/\/energis8brasil.byteforce-ai.com\/en\/grupo-energis-8-brasil-doa-cestas-de-natal\/\" target=\"_self\" aria-hidden=\"true\"><span>Grupo Energis 8 Brasil doa Cestas de Natal<\/span><\/a>\n\t\t\t\t\t\t\t<\/div>\n\n\t\t\t\t\t\t\t\t\t\t\t\t\t\t\t\t\t\t<\/div>\n\t\t\t\t\t\t\t\t\t\t\t\t<div class=\"premium-blog-content-wrapper\">\n\n\t\t\t\t\t<div class=\"premium-blog-inner-container\">\n\n\t\t\t\t\t\t\t\t\t\t\t\t\t\t<h2 class=\"premium-blog-entry-title\">\n\t\t\t<a href=\"https:\/\/energis8brasil.byteforce-ai.com\/en\/grupo-energis-8-brasil-doa-cestas-de-natal\/\" target=\"_self\">\n\t\t\t\tGrupo Energis 8 Brasil doa Cestas de Natal\t\t\t<\/a>\n\t\t<\/h2>\n\t\t\t\t<div class=\"premium-blog-entry-meta\">\n\t\t\t\n\t\t\t\t\t\t\t<span class=\"premium-blog-meta-separator\">\u2022<\/span>\n\t\t\t\t<div class=\"premium-blog-post-time premium-blog-meta-data\">\n\t\t\t\t\t<i class=\"fa fa-calendar-alt\" aria-hidden=\"true\"><\/i>\n\t\t\t\t\t<span>12 de December de 2019<\/span>\n\t\t\t\t<\/div>\n\t\t\t\n\t\t\t\n\t\t\t\t\t<\/div>\n\t\t\n\t\t\t\t\t<\/div>\n\n\t\t\t\t\t\t\t<div class=\"premium-blog-content-inner-wrapper\">\n\t\t<p class=\"premium-blog-post-content\">O Grupo Energis 8 Brasil realizou a doa\u00e7\u00e3o de cestas b\u00e1sicas para a Campanha Natal Solid\u00e1rio, realizada pela Prefeitura de Mau\u00e1. Foram entregues 10 cestas b\u00e1sicas&nbsp;na Secretaria da Promo\u00e7\u00e3o Social, na presen\u00e7a da Srta. Marinete, que certamente trar\u00e3o um final de ano um pouco melhor a algumas fam\u00edlias. O bra\u00e7o social \u00e9 presente no Grupo&hellip;&nbsp;&lt;a \u2026<\/p>\t\t<\/div>\n\t\t\t\t\t\t\t\n\t\t\t\t<\/div>\n\t\t\t<\/div>\n\t\t<\/div>\n\n\t\t\t\t<div class=\"premium-blog-post-outer-container\" data-total=\"3\">\n\t\t\t<div class=\"premium-blog-post-container premium-blog-skin-side\">\n\t\t\t\t\t\t\t\t\t<div class=\"premium-blog-thumb-effect-wrapper\">\n\t\t\t\t\t\t<div class=\"premium-blog-thumbnail-container premium-blog-zoomin-effect\">\n\t\t\t\t\t\t\t<img loading=\"lazy\" decoding=\"async\" width=\"1024\" height=\"767\" src=\"https:\/\/energis8brasil.byteforce-ai.com\/wp-content\/uploads\/2018\/10\/30102018b.jpeg\" class=\"attachment-full size-full wp-image-1336\" alt=\"\" srcset=\"https:\/\/energis8brasil.byteforce-ai.com\/wp-content\/uploads\/2018\/10\/30102018b.jpeg 1024w, https:\/\/energis8brasil.byteforce-ai.com\/wp-content\/uploads\/2018\/10\/30102018b-600x449.jpeg 600w, https:\/\/energis8brasil.byteforce-ai.com\/wp-content\/uploads\/2018\/10\/30102018b-64x48.jpeg 64w, https:\/\/energis8brasil.byteforce-ai.com\/wp-content\/uploads\/2018\/10\/30102018b-300x225.jpeg 300w, https:\/\/energis8brasil.byteforce-ai.com\/wp-content\/uploads\/2018\/10\/30102018b-768x575.jpeg 768w, https:\/\/energis8brasil.byteforce-ai.com\/wp-content\/uploads\/2018\/10\/30102018b-16x12.jpeg 16w, https:\/\/energis8brasil.byteforce-ai.com\/wp-content\/uploads\/2018\/10\/30102018b-200x150.jpeg 200w\" sizes=\"(max-width: 1024px) 100vw, 1024px\" \/>\t\t\t\t\t\t<\/div>\n\t\t\t\t\t\t\t\t\t\t\t\t\t<div class=\"premium-blog-thumbnail-overlay\">\n\t\t\t\t\t\t\t\t<a class=\"elementor-icon\" href=\"https:\/\/energis8brasil.byteforce-ai.com\/en\/energis-8-brasil-presente-nos-encontros-ercom-e-ealub\/\" target=\"_self\" aria-hidden=\"true\"><span>Energis 8 Brasil presente nos encontros ERCOM e EALUB<\/span><\/a>\n\t\t\t\t\t\t\t<\/div>\n\n\t\t\t\t\t\t\t\t\t\t\t\t\t\t\t\t\t\t<\/div>\n\t\t\t\t\t\t\t\t\t\t\t\t<div class=\"premium-blog-content-wrapper\">\n\n\t\t\t\t\t<div class=\"premium-blog-inner-container\">\n\n\t\t\t\t\t\t\t\t\t\t\t\t\t\t<h2 class=\"premium-blog-entry-title\">\n\t\t\t<a href=\"https:\/\/energis8brasil.byteforce-ai.com\/en\/energis-8-brasil-presente-nos-encontros-ercom-e-ealub\/\" target=\"_self\">\n\t\t\t\tEnergis 8 Brasil presente nos encontros ERCOM e EALUB\t\t\t<\/a>\n\t\t<\/h2>\n\t\t\t\t<div class=\"premium-blog-entry-meta\">\n\t\t\t\n\t\t\t\t\t\t\t<span class=\"premium-blog-meta-separator\">\u2022<\/span>\n\t\t\t\t<div class=\"premium-blog-post-time premium-blog-meta-data\">\n\t\t\t\t\t<i class=\"fa fa-calendar-alt\" aria-hidden=\"true\"><\/i>\n\t\t\t\t\t<span>30 de October de 2018<\/span>\n\t\t\t\t<\/div>\n\t\t\t\n\t\t\t\n\t\t\t\t\t<\/div>\n\t\t\n\t\t\t\t\t<\/div>\n\n\t\t\t\t\t\t\t<div class=\"premium-blog-content-inner-wrapper\">\n\t\t<p class=\"premium-blog-post-content\">O Grupo Energis 8 Brasil participou do 4\u00ba ERCOM \u2013 Encontro dos Revendedores de Combust\u00edveis do Sudeste e a 6\u00ba EALUB \u2013 Encontro Nacional dos Revendedores Atacadistas de Lubrificantes, que aconteceu entre os dias 17 e 18 de outubro de 2018, na cidade de Campinas \u2013 SP, no novo Centro de Conven\u00e7\u00f5es Royal Palm Tower.&hellip;&nbsp;&lt;a \u2026<\/p>\t\t<\/div>\n\t\t\t\t\t\t\t\n\t\t\t\t<\/div>\n\t\t\t<\/div>\n\t\t<\/div>\n\n\t\t\t\t<\/div>\n\n\t\t\t\t<div class=\"premium-blog-footer\">\n\t\t\t\t\t\t<nav class=\"premium-blog-pagination-container\" role=\"navigation\" aria-label=\"Pagination\">\n\t\t\t\t<span aria-current=\"page\" class=\"page-numbers current\">1<\/span>\n<a class=\"page-numbers\" href=\"https:\/\/energis8brasil.byteforce-ai.com\/en\/wp-json\/wp\/v2\/pages\/825\/page\/2\/\">2<\/a>\n<a class=\"page-numbers\" href=\"https:\/\/energis8brasil.byteforce-ai.com\/en\/wp-json\/wp\/v2\/pages\/825\/page\/3\/\">3<\/a>\n<a class=\"next page-numbers\" href=\"https:\/\/energis8brasil.byteforce-ai.com\/en\/wp-json\/wp\/v2\/pages\/825\/page\/2\/\">Pr\u00f3ximo \u00bb<\/a>\t\t\t<\/nav>\n\t\t\t\t\t<\/div>\n\t\t\t\t\t<\/div>\n\t\t\t\t<\/div>\n\t\t\t\t\t<\/div>\n\t\t\t\t<\/div>\n\t\t\t\t<\/div>","protected":false},"excerpt":{"rendered":"<p>Not\u00edcias Acompanhe nosso site e fique atualizado com as a\u00e7\u00f5es, feiras e lan\u00e7amentos do Grupo Energis 8 Brasil. Doa\u00e7\u00e3o de itens hospitalares para a rede p\u00fablica de sa\u00fade de Santo Andr\u00e9 Doa\u00e7\u00e3o de itens hospitalares para a rede p\u00fablica de sa\u00fade de Santo Andr\u00e9 \u2022 24 de abril de 2020 O Grupo Energis 8 Brasil&hellip;&nbsp;<a href=\"https:\/\/energis8brasil.byteforce-ai.com\/en\/energis-8-brasil-presente-nos-encontros-ercom-e-ealub\/\" class=\"\" rel=\"bookmark\">Read More &raquo;<span class=\"screen-reader-text\">Energis 8 Brasil presente nos encontros ERCOM e EALUB<\/span><\/a><\/p>","protected":false},"author":1,"featured_media":0,"parent":0,"menu_order":0,"comment_status":"closed","ping_status":"closed","template":"page-templates\/template-pagebuilder-full-width.php","meta":{"neve_meta_sidebar":"","neve_meta_container":"","neve_meta_enable_content_width":"","neve_meta_content_width":0,"neve_meta_title_alignment":"","neve_meta_author_avatar":"","neve_post_elements_order":"","neve_meta_disable_header":"","neve_meta_disable_footer":"","neve_meta_disable_title":"","_mc_calendar":[],"footnotes":""},"class_list":["post-825","page","type-page","status-publish","hentry"],"_links":{"self":[{"href":"https:\/\/energis8brasil.byteforce-ai.com\/en\/wp-json\/wp\/v2\/pages\/825","targetHints":{"allow":["GET"]}}],"collection":[{"href":"https:\/\/energis8brasil.byteforce-ai.com\/en\/wp-json\/wp\/v2\/pages"}],"about":[{"href":"https:\/\/energis8brasil.byteforce-ai.com\/en\/wp-json\/wp\/v2\/types\/page"}],"author":[{"embeddable":true,"href":"https:\/\/energis8brasil.byteforce-ai.com\/en\/wp-json\/wp\/v2\/users\/1"}],"replies":[{"embeddable":true,"href":"https:\/\/energis8brasil.byteforce-ai.com\/en\/wp-json\/wp\/v2\/comments?post=825"}],"version-history":[{"count":37,"href":"https:\/\/energis8brasil.byteforce-ai.com\/en\/wp-json\/wp\/v2\/pages\/825\/revisions"}],"predecessor-version":[{"id":2692,"href":"https:\/\/energis8brasil.byteforce-ai.com\/en\/wp-json\/wp\/v2\/pages\/825\/revisions\/2692"}],"wp:attachment":[{"href":"https:\/\/energis8brasil.byteforce-ai.com\/en\/wp-json\/wp\/v2\/media?parent=825"}],"curies":[{"name":"wp","href":"https:\/\/api.w.org\/{rel}","templated":true}]}}