{"id":618,"date":"2023-11-29T17:04:43","date_gmt":"2023-11-29T20:04:43","guid":{"rendered":"https:\/\/energis8brasil.byteforce-ai.com\/?page_id=618"},"modified":"2025-11-25T15:52:56","modified_gmt":"2025-11-25T18:52:56","slug":"empresas","status":"publish","type":"page","link":"https:\/\/energis8brasil.byteforce-ai.com\/en\/empresas\/","title":{"rendered":"Companies"},"content":{"rendered":"<div data-elementor-type=\"wp-page\" data-elementor-id=\"618\" class=\"elementor elementor-618\">\n\t\t\t\t<div class=\"elementor-element elementor-element-cbb39af e-flex e-con-boxed e-con e-parent\" data-id=\"cbb39af\" data-element_type=\"container\" data-settings=\"{&quot;background_background&quot;:&quot;classic&quot;}\">\n\t\t\t\t\t<div class=\"e-con-inner\">\n\t\t\t\t<div class=\"elementor-element elementor-element-9b081fb animated-slow elementor-invisible elementor-widget elementor-widget-heading\" data-id=\"9b081fb\" data-element_type=\"widget\" data-settings=\"{&quot;_animation&quot;:&quot;fadeInRight&quot;,&quot;_animation_tablet&quot;:&quot;fadeIn&quot;}\" data-widget_type=\"heading.default\">\n\t\t\t\t<div class=\"elementor-widget-container\">\n\t\t\t<style>\/*! elementor - v3.22.0 - 26-06-2024 *\/\n.elementor-heading-title{padding:0;margin:0;line-height:1}.elementor-widget-heading .elementor-heading-title[class*=elementor-size-]>a{color:inherit;font-size:inherit;line-height:inherit}.elementor-widget-heading .elementor-heading-title.elementor-size-small{font-size:15px}.elementor-widget-heading .elementor-heading-title.elementor-size-medium{font-size:19px}.elementor-widget-heading .elementor-heading-title.elementor-size-large{font-size:29px}.elementor-widget-heading .elementor-heading-title.elementor-size-xl{font-size:39px}.elementor-widget-heading .elementor-heading-title.elementor-size-xxl{font-size:59px}<\/style><h2 class=\"elementor-heading-title elementor-size-default\">Companies<\/h2>\t\t<\/div>\n\t\t\t\t<\/div>\n\t\t\t\t\t<\/div>\n\t\t\t\t<\/div>\n\t\t<div class=\"elementor-element elementor-element-2495357 e-flex e-con-boxed e-con e-parent\" data-id=\"2495357\" data-element_type=\"container\" data-settings=\"{&quot;background_background&quot;:&quot;classic&quot;}\">\n\t\t\t\t\t<div class=\"e-con-inner\">\n\t\t\t\t<div class=\"elementor-element elementor-element-574fa23 elementor-widget elementor-widget-text-editor\" data-id=\"574fa23\" data-element_type=\"widget\" data-widget_type=\"text-editor.default\">\n\t\t\t\t<div class=\"elementor-widget-container\">\n\t\t\t<style>\/*! elementor - v3.22.0 - 26-06-2024 *\/\n.elementor-widget-text-editor.elementor-drop-cap-view-stacked .elementor-drop-cap{background-color:#69727d;color:#fff}.elementor-widget-text-editor.elementor-drop-cap-view-framed .elementor-drop-cap{color:#69727d;border:3px solid;background-color:transparent}.elementor-widget-text-editor:not(.elementor-drop-cap-view-default) .elementor-drop-cap{margin-top:8px}.elementor-widget-text-editor:not(.elementor-drop-cap-view-default) .elementor-drop-cap-letter{width:1em;height:1em}.elementor-widget-text-editor .elementor-drop-cap{float:left;text-align:center;line-height:1;font-size:50px}.elementor-widget-text-editor .elementor-drop-cap-letter{display:inline-block}<\/style>\t\t\t\t<p>Conhe\u00e7a e entenda um pouco mais sobre cada empresa do <strong>Grupo Energis 8 Brasil<\/strong>:<\/p>\t\t\t\t\t\t<\/div>\n\t\t\t\t<\/div>\n\t\t<div class=\"elementor-element elementor-element-e2093bb e-con-full e-flex e-con e-child\" data-id=\"e2093bb\" data-element_type=\"container\">\n\t\t<div class=\"elementor-element elementor-element-4d05761 e-con-full e-flex e-con e-child\" data-id=\"4d05761\" data-element_type=\"container\" id=\"emp_agro\">\n\t\t\t\t<div class=\"elementor-element elementor-element-18b86d6 elementor-widget elementor-widget-image\" data-id=\"18b86d6\" data-element_type=\"widget\" data-widget_type=\"image.default\">\n\t\t\t\t<div class=\"elementor-widget-container\">\n\t\t\t<style>\/*! elementor - v3.22.0 - 26-06-2024 *\/\n.elementor-widget-image{text-align:center}.elementor-widget-image a{display:inline-block}.elementor-widget-image a img[src$=\".svg\"]{width:48px}.elementor-widget-image img{vertical-align:middle;display:inline-block}<\/style>\t\t\t\t\t\t\t\t\t\t<img decoding=\"async\" width=\"353\" height=\"110\" src=\"https:\/\/energis8brasil.byteforce-ai.com\/wp-content\/uploads\/2023\/11\/energis8-agroquimica_logo.svg\" class=\"attachment-large size-large wp-image-31\" alt=\"\" \/>\t\t\t\t\t\t\t\t\t\t\t\t\t<\/div>\n\t\t\t\t<\/div>\n\t\t\t\t<\/div>\n\t\t<div class=\"elementor-element elementor-element-387b42e e-con-full e-flex e-con e-child\" data-id=\"387b42e\" data-element_type=\"container\">\n\t\t\t\t<div class=\"elementor-element elementor-element-ab4bb9d elementor-widget elementor-widget-text-editor\" data-id=\"ab4bb9d\" data-element_type=\"widget\" data-widget_type=\"text-editor.default\">\n\t\t\t\t<div class=\"elementor-widget-container\">\n\t\t\t\t\t\t\t<p>Experiente no mercado, a <strong>Energis 8 Agrochemical<\/strong> iniciou sua atividades para suprir a necessidade do mercado de um distribuidor especializado no setor de \u00f3leos lubrificantes automotivos e industriais. Desde a sua funda\u00e7\u00e3o a empresa tem buscado interagir e se integrar a outras redes produtivas dos setores de derivados de petr\u00f3leo e especialidades qu\u00edmicas, para atingir o fortalecimento e desenvolvimento pleno de suas atividades.<\/p><p>A Energis 8 Agroqu\u00edmica oferece uma vasta gama de produtos especializados, entre lubrificantes automotivos, lubrificantes industriais e especialidades qu\u00edmicas. Atua ainda na distribui\u00e7\u00e3o de \u00f3leos minerais b\u00e1sicos, \u00f3leos brancos e \u201cUSP \u2013 United States Pharmacopeia\u201d, nacionais e importados.<\/p><p>The Energis 8 Brazil Group influence promotes more and more the development of company business oportunity, making possible new enterprises and investiments on quality and search and development projects.<\/p><p>Energis 8 Agrochemical it\u2019s estabilished at S\u00e3o Paulo, plus counting with all over state subsidiaries, aside from Paran\u00e1 and Rio de Janeiro. It\u2019s certificated from ISO 9001 and ISO 14001 for the International Organization for Standardization.<\/p>\t\t\t\t\t\t<\/div>\n\t\t\t\t<\/div>\n\t\t\t\t<div class=\"elementor-element elementor-element-9b63443 elementor-widget elementor-widget-button\" data-id=\"9b63443\" data-element_type=\"widget\" data-widget_type=\"button.default\">\n\t\t\t\t<div class=\"elementor-widget-container\">\n\t\t\t\t\t<div class=\"elementor-button-wrapper\">\n\t\t\t<a class=\"elementor-button elementor-button-link elementor-size-sm\" href=\"https:\/\/www.energis8agroquimica.com.br\/\" target=\"_blank\">\n\t\t\t\t\t\t<span class=\"elementor-button-content-wrapper\">\n\t\t\t\t\t\t\t\t\t<span class=\"elementor-button-text\">View website<\/span>\n\t\t\t\t\t<\/span>\n\t\t\t\t\t<\/a>\n\t\t<\/div>\n\t\t\t\t<\/div>\n\t\t\t\t<\/div>\n\t\t\t\t<\/div>\n\t\t\t\t<\/div>\n\t\t<div class=\"elementor-element elementor-element-553aff5 e-con-full e-flex e-con e-child\" data-id=\"553aff5\" data-element_type=\"container\">\n\t\t<div class=\"elementor-element elementor-element-7b218c2 e-con-full elementor-hidden-desktop elementor-hidden-tablet elementor-hidden-mobile e-flex e-con e-child\" data-id=\"7b218c2\" data-element_type=\"container\" id=\"emp_cotrag\">\n\t\t\t\t<div class=\"elementor-element elementor-element-44ccd6d elementor-widget elementor-widget-image\" data-id=\"44ccd6d\" data-element_type=\"widget\" data-widget_type=\"image.default\">\n\t\t\t\t<div class=\"elementor-widget-container\">\n\t\t\t\t\t\t\t\t\t\t\t\t\t<img decoding=\"async\" width=\"300\" height=\"63\" src=\"https:\/\/energis8brasil.byteforce-ai.com\/wp-content\/uploads\/2023\/11\/cotrag_logo.png\" class=\"attachment-large size-large wp-image-646\" alt=\"Cotrag Transportes\" srcset=\"https:\/\/energis8brasil.byteforce-ai.com\/wp-content\/uploads\/2023\/11\/cotrag_logo.png 300w, https:\/\/energis8brasil.byteforce-ai.com\/wp-content\/uploads\/2023\/11\/cotrag_logo-64x13.png 64w, https:\/\/energis8brasil.byteforce-ai.com\/wp-content\/uploads\/2023\/11\/cotrag_logo-18x4.png 18w, https:\/\/energis8brasil.byteforce-ai.com\/wp-content\/uploads\/2023\/11\/cotrag_logo-200x42.png 200w\" sizes=\"(max-width: 300px) 100vw, 300px\" \/>\t\t\t\t\t\t\t\t\t\t\t\t\t<\/div>\n\t\t\t\t<\/div>\n\t\t\t\t<\/div>\n\t\t<div class=\"elementor-element elementor-element-0ff91a6 e-con-full e-flex e-con e-child\" data-id=\"0ff91a6\" data-element_type=\"container\">\n\t\t\t\t<div class=\"elementor-element elementor-element-093eac8 elementor-hidden-desktop elementor-hidden-tablet elementor-hidden-mobile elementor-widget elementor-widget-text-editor\" data-id=\"093eac8\" data-element_type=\"widget\" data-widget_type=\"text-editor.default\">\n\t\t\t\t<div class=\"elementor-widget-container\">\n\t\t\t\t\t\t\t<p>The <strong>Cotrag Transports<\/strong> \u00e9 o bra\u00e7o log\u00edstico do Grupo Energis 8 Brasil.<\/p><p>Another company specialized in the segment, the Cotrag Transports it\u2019s prepared to attend the demand of oil derivates transport with security, agilty and efficiency.<\/p><p>Quality and security vehicles are essential for the services offered by Cotrag. Therefore, the company\u2019s fleet is made up of trucks specially prepared for the transport of these products, with a capacity of 15 to 60 thousand liters.<\/p><p>With closed and fractionade freight and capable of a daily drive of 800 thousand liters and monthly of about 20 milion liters, Cotrag are ready to attend with quality all the steps of the logistic chain of the sector.<\/p>\t\t\t\t\t\t<\/div>\n\t\t\t\t<\/div>\n\t\t\t\t<div class=\"elementor-element elementor-element-2421330 elementor-hidden-desktop elementor-hidden-tablet elementor-hidden-mobile elementor-widget elementor-widget-button\" data-id=\"2421330\" data-element_type=\"widget\" data-widget_type=\"button.default\">\n\t\t\t\t<div class=\"elementor-widget-container\">\n\t\t\t\t\t<div class=\"elementor-button-wrapper\">\n\t\t\t<a class=\"elementor-button elementor-button-link elementor-size-sm\" href=\"https:\/\/www.cotragbrasil.com.br\/\" target=\"_blank\">\n\t\t\t\t\t\t<span class=\"elementor-button-content-wrapper\">\n\t\t\t\t\t\t\t\t\t<span class=\"elementor-button-text\">View website<\/span>\n\t\t\t\t\t<\/span>\n\t\t\t\t\t<\/a>\n\t\t<\/div>\n\t\t\t\t<\/div>\n\t\t\t\t<\/div>\n\t\t\t\t<\/div>\n\t\t\t\t<\/div>\n\t\t\t\t\t<\/div>\n\t\t\t\t<\/div>\n\t\t\t\t<\/div>","protected":false},"excerpt":{"rendered":"<p>Empresas Conhe\u00e7a e entenda um pouco mais sobre cada empresa do Grupo Energis 8 Brasil: Experiente no mercado, a Energis 8 Agroqu\u00edmica iniciou sua atividades para suprir a necessidade do mercado de um distribuidor especializado no setor de \u00f3leos lubrificantes automotivos e industriais. Desde a sua funda\u00e7\u00e3o a empresa tem buscado interagir e se integrar&hellip;&nbsp;<a href=\"https:\/\/energis8brasil.byteforce-ai.com\/en\/empresas\/\" class=\"\" rel=\"bookmark\">Read More &raquo;<span class=\"screen-reader-text\">Companies<\/span><\/a><\/p>","protected":false},"author":1,"featured_media":0,"parent":0,"menu_order":0,"comment_status":"closed","ping_status":"closed","template":"page-templates\/template-pagebuilder-full-width.php","meta":{"neve_meta_sidebar":"","neve_meta_container":"","neve_meta_enable_content_width":"","neve_meta_content_width":0,"neve_meta_title_alignment":"","neve_meta_author_avatar":"","neve_post_elements_order":"","neve_meta_disable_header":"","neve_meta_disable_footer":"","neve_meta_disable_title":"","_mc_calendar":[],"footnotes":""},"class_list":["post-618","page","type-page","status-publish","hentry"],"_links":{"self":[{"href":"https:\/\/energis8brasil.byteforce-ai.com\/en\/wp-json\/wp\/v2\/pages\/618","targetHints":{"allow":["GET"]}}],"collection":[{"href":"https:\/\/energis8brasil.byteforce-ai.com\/en\/wp-json\/wp\/v2\/pages"}],"about":[{"href":"https:\/\/energis8brasil.byteforce-ai.com\/en\/wp-json\/wp\/v2\/types\/page"}],"author":[{"embeddable":true,"href":"https:\/\/energis8brasil.byteforce-ai.com\/en\/wp-json\/wp\/v2\/users\/1"}],"replies":[{"embeddable":true,"href":"https:\/\/energis8brasil.byteforce-ai.com\/en\/wp-json\/wp\/v2\/comments?post=618"}],"version-history":[{"count":82,"href":"https:\/\/energis8brasil.byteforce-ai.com\/en\/wp-json\/wp\/v2\/pages\/618\/revisions"}],"predecessor-version":[{"id":4795,"href":"https:\/\/energis8brasil.byteforce-ai.com\/en\/wp-json\/wp\/v2\/pages\/618\/revisions\/4795"}],"wp:attachment":[{"href":"https:\/\/energis8brasil.byteforce-ai.com\/en\/wp-json\/wp\/v2\/media?parent=618"}],"curies":[{"name":"wp","href":"https:\/\/api.w.org\/{rel}","templated":true}]}}