{"id":404,"date":"2023-11-17T01:29:26","date_gmt":"2023-11-17T04:29:26","guid":{"rendered":"https:\/\/energis8brasil.byteforce-ai.com\/?page_id=404"},"modified":"2025-10-10T11:56:25","modified_gmt":"2025-10-10T14:56:25","slug":"certificacoes","status":"publish","type":"page","link":"https:\/\/energis8brasil.byteforce-ai.com\/en\/certificacoes\/","title":{"rendered":"Certifications"},"content":{"rendered":"<div data-elementor-type=\"wp-page\" data-elementor-id=\"404\" class=\"elementor elementor-404\">\n\t\t\t\t<div class=\"elementor-element elementor-element-cbb39af e-flex e-con-boxed e-con e-parent\" data-id=\"cbb39af\" data-element_type=\"container\" data-settings=\"{&quot;background_background&quot;:&quot;classic&quot;}\">\n\t\t\t\t\t<div class=\"e-con-inner\">\n\t\t\t\t<div class=\"elementor-element elementor-element-9b081fb animated-slow elementor-invisible elementor-widget elementor-widget-heading\" data-id=\"9b081fb\" data-element_type=\"widget\" data-settings=\"{&quot;_animation&quot;:&quot;fadeInRight&quot;,&quot;_animation_tablet&quot;:&quot;fadeIn&quot;}\" data-widget_type=\"heading.default\">\n\t\t\t\t<div class=\"elementor-widget-container\">\n\t\t\t<style>\/*! elementor - v3.22.0 - 26-06-2024 *\/\n.elementor-heading-title{padding:0;margin:0;line-height:1}.elementor-widget-heading .elementor-heading-title[class*=elementor-size-]>a{color:inherit;font-size:inherit;line-height:inherit}.elementor-widget-heading .elementor-heading-title.elementor-size-small{font-size:15px}.elementor-widget-heading .elementor-heading-title.elementor-size-medium{font-size:19px}.elementor-widget-heading .elementor-heading-title.elementor-size-large{font-size:29px}.elementor-widget-heading .elementor-heading-title.elementor-size-xl{font-size:39px}.elementor-widget-heading .elementor-heading-title.elementor-size-xxl{font-size:59px}<\/style><h2 class=\"elementor-heading-title elementor-size-default\">Certifications<\/h2>\t\t<\/div>\n\t\t\t\t<\/div>\n\t\t\t\t\t<\/div>\n\t\t\t\t<\/div>\n\t\t<div class=\"elementor-element elementor-element-2495357 e-flex e-con-boxed e-con e-parent\" data-id=\"2495357\" data-element_type=\"container\" data-settings=\"{&quot;background_background&quot;:&quot;classic&quot;}\">\n\t\t\t\t\t<div class=\"e-con-inner\">\n\t\t<div class=\"elementor-element elementor-element-2f72116 e-con-full e-flex e-con e-child\" data-id=\"2f72116\" data-element_type=\"container\">\n\t\t<div class=\"elementor-element elementor-element-803cbe0 e-con-full e-flex e-con e-child\" data-id=\"803cbe0\" data-element_type=\"container\">\n\t\t\t\t<div class=\"elementor-element elementor-element-46a2e0d elementor-widget elementor-widget-text-editor\" data-id=\"46a2e0d\" data-element_type=\"widget\" data-widget_type=\"text-editor.default\">\n\t\t\t\t<div class=\"elementor-widget-container\">\n\t\t\t<style>\/*! elementor - v3.22.0 - 26-06-2024 *\/\n.elementor-widget-text-editor.elementor-drop-cap-view-stacked .elementor-drop-cap{background-color:#69727d;color:#fff}.elementor-widget-text-editor.elementor-drop-cap-view-framed .elementor-drop-cap{color:#69727d;border:3px solid;background-color:transparent}.elementor-widget-text-editor:not(.elementor-drop-cap-view-default) .elementor-drop-cap{margin-top:8px}.elementor-widget-text-editor:not(.elementor-drop-cap-view-default) .elementor-drop-cap-letter{width:1em;height:1em}.elementor-widget-text-editor .elementor-drop-cap{float:left;text-align:center;line-height:1;font-size:50px}.elementor-widget-text-editor .elementor-drop-cap-letter{display:inline-block}<\/style>\t\t\t\t<p>Commitment to quality, safety and rigor. The Energis 8 Brasil Group has the ISO 14001 and ISO 9001 certifications, thus meeting the highest standards and market requirements. See the certifications below.<\/p>\t\t\t\t\t\t<\/div>\n\t\t\t\t<\/div>\n\t\t<div class=\"elementor-element elementor-element-bc3667d e-con-full e-flex e-con e-child\" data-id=\"bc3667d\" data-element_type=\"container\">\n\t\t\t\t<div class=\"elementor-element elementor-element-152019f elementor-widget elementor-widget-image\" data-id=\"152019f\" data-element_type=\"widget\" data-widget_type=\"image.default\">\n\t\t\t\t<div class=\"elementor-widget-container\">\n\t\t\t<style>\/*! elementor - v3.22.0 - 26-06-2024 *\/\n.elementor-widget-image{text-align:center}.elementor-widget-image a{display:inline-block}.elementor-widget-image a img[src$=\".svg\"]{width:48px}.elementor-widget-image img{vertical-align:middle;display:inline-block}<\/style>\t\t\t\t\t\t\t\t\t\t<img fetchpriority=\"high\" decoding=\"async\" width=\"650\" height=\"650\" src=\"https:\/\/energis8brasil.byteforce-ai.com\/wp-content\/uploads\/2025\/10\/certificado-14001.webp\" class=\"attachment-large size-large wp-image-4750\" alt=\"\" srcset=\"https:\/\/energis8brasil.byteforce-ai.com\/wp-content\/uploads\/2025\/10\/certificado-14001.webp 650w, https:\/\/energis8brasil.byteforce-ai.com\/wp-content\/uploads\/2025\/10\/certificado-14001-300x300.webp 300w, https:\/\/energis8brasil.byteforce-ai.com\/wp-content\/uploads\/2025\/10\/certificado-14001-150x150.webp 150w, https:\/\/energis8brasil.byteforce-ai.com\/wp-content\/uploads\/2025\/10\/certificado-14001-12x12.webp 12w, https:\/\/energis8brasil.byteforce-ai.com\/wp-content\/uploads\/2025\/10\/certificado-14001-200x200.webp 200w, https:\/\/energis8brasil.byteforce-ai.com\/wp-content\/uploads\/2025\/10\/certificado-14001-600x600.webp 600w, https:\/\/energis8brasil.byteforce-ai.com\/wp-content\/uploads\/2025\/10\/certificado-14001-100x100.webp 100w, https:\/\/energis8brasil.byteforce-ai.com\/wp-content\/uploads\/2025\/10\/certificado-14001-64x64.webp 64w\" sizes=\"(max-width: 650px) 100vw, 650px\" \/>\t\t\t\t\t\t\t\t\t\t\t\t\t<\/div>\n\t\t\t\t<\/div>\n\t\t\t\t<div class=\"elementor-element elementor-element-7fca508 elementor-align-center elementor-widget elementor-widget-button\" data-id=\"7fca508\" data-element_type=\"widget\" data-widget_type=\"button.default\">\n\t\t\t\t<div class=\"elementor-widget-container\">\n\t\t\t\t\t<div class=\"elementor-button-wrapper\">\n\t\t\t<a class=\"elementor-button elementor-button-link elementor-size-sm\" href=\"https:\/\/energis8brasil.byteforce-ai.com\/wp-content\/uploads\/2025\/10\/CERTIFICADO-ISO-14001.pdf\" target=\"_blank\">\n\t\t\t\t\t\t<span class=\"elementor-button-content-wrapper\">\n\t\t\t\t\t\t\t\t\t<span class=\"elementor-button-text\">View certification<\/span>\n\t\t\t\t\t<\/span>\n\t\t\t\t\t<\/a>\n\t\t<\/div>\n\t\t\t\t<\/div>\n\t\t\t\t<\/div>\n\t\t\t\t<\/div>\n\t\t<div class=\"elementor-element elementor-element-3548458 e-con-full e-flex e-con e-child\" data-id=\"3548458\" data-element_type=\"container\">\n\t\t\t\t<div class=\"elementor-element elementor-element-c388e43 elementor-widget elementor-widget-image\" data-id=\"c388e43\" data-element_type=\"widget\" data-widget_type=\"image.default\">\n\t\t\t\t<div class=\"elementor-widget-container\">\n\t\t\t\t\t\t\t\t\t\t\t\t\t<img decoding=\"async\" width=\"650\" height=\"650\" src=\"https:\/\/energis8brasil.byteforce-ai.com\/wp-content\/uploads\/2025\/10\/certificado-9001.webp\" class=\"attachment-large size-large wp-image-4754\" alt=\"\" srcset=\"https:\/\/energis8brasil.byteforce-ai.com\/wp-content\/uploads\/2025\/10\/certificado-9001.webp 650w, https:\/\/energis8brasil.byteforce-ai.com\/wp-content\/uploads\/2025\/10\/certificado-9001-300x300.webp 300w, https:\/\/energis8brasil.byteforce-ai.com\/wp-content\/uploads\/2025\/10\/certificado-9001-150x150.webp 150w, https:\/\/energis8brasil.byteforce-ai.com\/wp-content\/uploads\/2025\/10\/certificado-9001-12x12.webp 12w, https:\/\/energis8brasil.byteforce-ai.com\/wp-content\/uploads\/2025\/10\/certificado-9001-200x200.webp 200w, https:\/\/energis8brasil.byteforce-ai.com\/wp-content\/uploads\/2025\/10\/certificado-9001-600x600.webp 600w, https:\/\/energis8brasil.byteforce-ai.com\/wp-content\/uploads\/2025\/10\/certificado-9001-100x100.webp 100w, https:\/\/energis8brasil.byteforce-ai.com\/wp-content\/uploads\/2025\/10\/certificado-9001-64x64.webp 64w\" sizes=\"(max-width: 650px) 100vw, 650px\" \/>\t\t\t\t\t\t\t\t\t\t\t\t\t<\/div>\n\t\t\t\t<\/div>\n\t\t\t\t<div class=\"elementor-element elementor-element-095e20d elementor-align-center elementor-widget elementor-widget-button\" data-id=\"095e20d\" data-element_type=\"widget\" data-widget_type=\"button.default\">\n\t\t\t\t<div class=\"elementor-widget-container\">\n\t\t\t\t\t<div class=\"elementor-button-wrapper\">\n\t\t\t<a class=\"elementor-button elementor-button-link elementor-size-sm\" href=\"https:\/\/energis8brasil.byteforce-ai.com\/wp-content\/uploads\/2025\/10\/CERTIFICADO-ISO-9001.pdf\" target=\"_blank\">\n\t\t\t\t\t\t<span class=\"elementor-button-content-wrapper\">\n\t\t\t\t\t\t\t\t\t<span class=\"elementor-button-text\">View certification<\/span>\n\t\t\t\t\t<\/span>\n\t\t\t\t\t<\/a>\n\t\t<\/div>\n\t\t\t\t<\/div>\n\t\t\t\t<\/div>\n\t\t\t\t<\/div>\n\t\t\t\t<div class=\"elementor-element elementor-element-996b252 elementor-widget elementor-widget-text-editor\" data-id=\"996b252\" data-element_type=\"widget\" data-widget_type=\"text-editor.default\">\n\t\t\t\t<div class=\"elementor-widget-container\">\n\t\t\t\t\t\t\t<p>Energis 8 Brasil has a contract with the company Ambipar Response to respond to chemical and environmental emergencies. The contract has national coverage, and serves within the Energis 8 Agroqu\u00edmica units (where there is production and\/or stock of products), in the transportation and loading and unloading of products.<\/p>\t\t\t\t\t\t<\/div>\n\t\t\t\t<\/div>\n\t\t<div class=\"elementor-element elementor-element-7daf870 e-con-full e-flex e-con e-child\" data-id=\"7daf870\" data-element_type=\"container\">\n\t\t\t\t<div class=\"elementor-element elementor-element-1c7d185 elementor-widget elementor-widget-image\" data-id=\"1c7d185\" data-element_type=\"widget\" data-widget_type=\"image.default\">\n\t\t\t\t<div class=\"elementor-widget-container\">\n\t\t\t\t\t\t\t\t\t\t\t\t\t<img decoding=\"async\" width=\"300\" height=\"207\" src=\"https:\/\/energis8brasil.byteforce-ai.com\/wp-content\/uploads\/2023\/11\/certificado-ambipar.png\" class=\"attachment-large size-large wp-image-770\" alt=\"Certificado Ambipar\" srcset=\"https:\/\/energis8brasil.byteforce-ai.com\/wp-content\/uploads\/2023\/11\/certificado-ambipar.png 300w, https:\/\/energis8brasil.byteforce-ai.com\/wp-content\/uploads\/2023\/11\/certificado-ambipar-64x44.png 64w, https:\/\/energis8brasil.byteforce-ai.com\/wp-content\/uploads\/2023\/11\/certificado-ambipar-18x12.png 18w, https:\/\/energis8brasil.byteforce-ai.com\/wp-content\/uploads\/2023\/11\/certificado-ambipar-200x138.png 200w\" sizes=\"(max-width: 300px) 100vw, 300px\" \/>\t\t\t\t\t\t\t\t\t\t\t\t\t<\/div>\n\t\t\t\t<\/div>\n\t\t\t\t<div class=\"elementor-element elementor-element-9f5fff3 elementor-align-center elementor-widget elementor-widget-button\" data-id=\"9f5fff3\" data-element_type=\"widget\" data-widget_type=\"button.default\">\n\t\t\t\t<div class=\"elementor-widget-container\">\n\t\t\t\t\t<div class=\"elementor-button-wrapper\">\n\t\t\t<a class=\"elementor-button elementor-button-link elementor-size-sm\" href=\"https:\/\/energis8brasil.byteforce-ai.com\/wp-content\/uploads\/2023\/11\/Certificado-Ambipar.pdf\" target=\"_blank\">\n\t\t\t\t\t\t<span class=\"elementor-button-content-wrapper\">\n\t\t\t\t\t\t\t\t\t<span class=\"elementor-button-text\">View certification<\/span>\n\t\t\t\t\t<\/span>\n\t\t\t\t\t<\/a>\n\t\t<\/div>\n\t\t\t\t<\/div>\n\t\t\t\t<\/div>\n\t\t\t\t<\/div>\n\t\t\t\t<\/div>\n\t\t\t\t<\/div>\n\t\t\t\t\t<\/div>\n\t\t\t\t<\/div>\n\t\t\t\t<\/div>","protected":false},"excerpt":{"rendered":"<p>Certifica\u00e7\u00f5es Compromisso com qualidade, seguran\u00e7a e rigores. O Grupo\u00a0Energis 8\u00a0Brasil possui as certifica\u00e7\u00f5es ISO 14001 e ISO 9001, atendendo assim aos mais altos padr\u00f5es e exig\u00eancias do mercado. Veja abaixo as certifica\u00e7\u00f5es. Visualizar certifica\u00e7\u00e3o Visualizar certifica\u00e7\u00e3o A Energis 8 Brasil possui contrato com a empresa Ambipar Response para Atendimento \u00e0 Emerg\u00eancias Qu\u00edmicas e Ambientais. O&hellip;&nbsp;<a href=\"https:\/\/energis8brasil.byteforce-ai.com\/en\/certificacoes\/\" class=\"\" rel=\"bookmark\">Read More &raquo;<span class=\"screen-reader-text\">Certifications<\/span><\/a><\/p>","protected":false},"author":1,"featured_media":0,"parent":0,"menu_order":0,"comment_status":"closed","ping_status":"closed","template":"page-templates\/template-pagebuilder-full-width.php","meta":{"neve_meta_sidebar":"","neve_meta_container":"","neve_meta_enable_content_width":"","neve_meta_content_width":0,"neve_meta_title_alignment":"","neve_meta_author_avatar":"","neve_post_elements_order":"","neve_meta_disable_header":"","neve_meta_disable_footer":"","neve_meta_disable_title":"","_mc_calendar":[],"footnotes":""},"class_list":["post-404","page","type-page","status-publish","hentry"],"_links":{"self":[{"href":"https:\/\/energis8brasil.byteforce-ai.com\/en\/wp-json\/wp\/v2\/pages\/404","targetHints":{"allow":["GET"]}}],"collection":[{"href":"https:\/\/energis8brasil.byteforce-ai.com\/en\/wp-json\/wp\/v2\/pages"}],"about":[{"href":"https:\/\/energis8brasil.byteforce-ai.com\/en\/wp-json\/wp\/v2\/types\/page"}],"author":[{"embeddable":true,"href":"https:\/\/energis8brasil.byteforce-ai.com\/en\/wp-json\/wp\/v2\/users\/1"}],"replies":[{"embeddable":true,"href":"https:\/\/energis8brasil.byteforce-ai.com\/en\/wp-json\/wp\/v2\/comments?post=404"}],"version-history":[{"count":74,"href":"https:\/\/energis8brasil.byteforce-ai.com\/en\/wp-json\/wp\/v2\/pages\/404\/revisions"}],"predecessor-version":[{"id":4757,"href":"https:\/\/energis8brasil.byteforce-ai.com\/en\/wp-json\/wp\/v2\/pages\/404\/revisions\/4757"}],"wp:attachment":[{"href":"https:\/\/energis8brasil.byteforce-ai.com\/en\/wp-json\/wp\/v2\/media?parent=404"}],"curies":[{"name":"wp","href":"https:\/\/api.w.org\/{rel}","templated":true}]}}