{"id":2631,"date":"2024-03-22T13:45:54","date_gmt":"2024-03-22T16:45:54","guid":{"rendered":"https:\/\/energis8brasil.byteforce-ai.com\/?page_id=2631"},"modified":"2024-03-22T13:57:40","modified_gmt":"2024-03-22T16:57:40","slug":"lubrificantes-transmissoes-mecanicas-e-sistemas-diferenciais","status":"publish","type":"page","link":"https:\/\/energis8brasil.byteforce-ai.com\/en\/lubrificantes-transmissoes-mecanicas-e-sistemas-diferenciais\/","title":{"rendered":"Lubrificantes &#8211; Transmiss\u00f5es Mec\u00e2nicas e Sistemas Diferenciais"},"content":{"rendered":"<div data-elementor-type=\"wp-page\" data-elementor-id=\"2631\" class=\"elementor elementor-2631\">\n\t\t\t\t<div class=\"elementor-element elementor-element-cbb39af e-flex e-con-boxed e-con e-parent\" data-id=\"cbb39af\" data-element_type=\"container\" data-settings=\"{&quot;background_background&quot;:&quot;classic&quot;}\">\n\t\t\t\t\t<div class=\"e-con-inner\">\n\t\t\t\t<div class=\"elementor-element elementor-element-9b081fb animated-slow elementor-invisible elementor-widget elementor-widget-heading\" data-id=\"9b081fb\" data-element_type=\"widget\" data-settings=\"{&quot;_animation&quot;:&quot;fadeInRight&quot;,&quot;_animation_tablet&quot;:&quot;fadeIn&quot;}\" data-widget_type=\"heading.default\">\n\t\t\t\t<div class=\"elementor-widget-container\">\n\t\t\t<style>\/*! elementor - v3.22.0 - 26-06-2024 *\/\n.elementor-heading-title{padding:0;margin:0;line-height:1}.elementor-widget-heading .elementor-heading-title[class*=elementor-size-]>a{color:inherit;font-size:inherit;line-height:inherit}.elementor-widget-heading .elementor-heading-title.elementor-size-small{font-size:15px}.elementor-widget-heading .elementor-heading-title.elementor-size-medium{font-size:19px}.elementor-widget-heading .elementor-heading-title.elementor-size-large{font-size:29px}.elementor-widget-heading .elementor-heading-title.elementor-size-xl{font-size:39px}.elementor-widget-heading .elementor-heading-title.elementor-size-xxl{font-size:59px}<\/style><h2 class=\"elementor-heading-title elementor-size-default\">Lubricants<\/h2>\t\t<\/div>\n\t\t\t\t<\/div>\n\t\t\t\t\t<\/div>\n\t\t\t\t<\/div>\n\t\t<div class=\"elementor-element elementor-element-2495357 e-flex e-con-boxed e-con e-parent\" data-id=\"2495357\" data-element_type=\"container\" data-settings=\"{&quot;background_background&quot;:&quot;classic&quot;}\">\n\t\t\t\t\t<div class=\"e-con-inner\">\n\t\t<div class=\"elementor-element elementor-element-8ccce83 e-flex e-con-boxed e-con e-child\" data-id=\"8ccce83\" data-element_type=\"container\">\n\t\t\t\t\t<div class=\"e-con-inner\">\n\t\t<div class=\"elementor-element elementor-element-d3bda2b e-con-full e-flex e-con e-child\" data-id=\"d3bda2b\" data-element_type=\"container\">\n\t\t\t\t<div class=\"elementor-element elementor-element-e5b248b elementor-widget elementor-widget-heading\" data-id=\"e5b248b\" data-element_type=\"widget\" data-widget_type=\"heading.default\">\n\t\t\t\t<div class=\"elementor-widget-container\">\n\t\t\t<h2 class=\"elementor-heading-title elementor-size-default\">Transmiss\u00f5es Mec\u00e2nicas e Sistemas Diferenciais<\/h2>\t\t<\/div>\n\t\t\t\t<\/div>\n\t\t\t\t<div class=\"elementor-element elementor-element-119278a elementor-widget elementor-widget-text-editor\" data-id=\"119278a\" data-element_type=\"widget\" data-widget_type=\"text-editor.default\">\n\t\t\t\t<div class=\"elementor-widget-container\">\n\t\t\t<style>\/*! elementor - v3.22.0 - 26-06-2024 *\/\n.elementor-widget-text-editor.elementor-drop-cap-view-stacked .elementor-drop-cap{background-color:#69727d;color:#fff}.elementor-widget-text-editor.elementor-drop-cap-view-framed .elementor-drop-cap{color:#69727d;border:3px solid;background-color:transparent}.elementor-widget-text-editor:not(.elementor-drop-cap-view-default) .elementor-drop-cap{margin-top:8px}.elementor-widget-text-editor:not(.elementor-drop-cap-view-default) .elementor-drop-cap-letter{width:1em;height:1em}.elementor-widget-text-editor .elementor-drop-cap{float:left;text-align:center;line-height:1;font-size:50px}.elementor-widget-text-editor .elementor-drop-cap-letter{display:inline-block}<\/style>\t\t\t\t<p>Aiming to expand our product line and provide our customers and consumers with the opportunity to purchase and use high quality and excellent performance products, we are launching our line of greases:<\/p><p><strong>Maxi Grease Chassis<\/strong><\/p><p>Calcium soap-based grease.<\/p><p>Recommended for lubricating pins, automotive chassis joints and lubrication points in general.<\/p><p><strong>Maxi Grease MP<\/strong><\/p><p>Lithium soap based\u00a0grease.<\/p><p>Recommended for the lubrication of gears, couplings and plain bearings and bearings, such as those installed in compressors, pumps, electric motors and mechanical equipment in general.<\/p>\t\t\t\t\t\t<\/div>\n\t\t\t\t<\/div>\n\t\t\t\t<\/div>\n\t\t<div class=\"elementor-element elementor-element-38e1df7 e-con-full e-flex e-con e-child\" data-id=\"38e1df7\" data-element_type=\"container\">\n\t\t\t\t<div class=\"elementor-element elementor-element-5f2e97d elementor-widget elementor-widget-image\" data-id=\"5f2e97d\" data-element_type=\"widget\" data-widget_type=\"image.default\">\n\t\t\t\t<div class=\"elementor-widget-container\">\n\t\t\t<style>\/*! elementor - v3.22.0 - 26-06-2024 *\/\n.elementor-widget-image{text-align:center}.elementor-widget-image a{display:inline-block}.elementor-widget-image a img[src$=\".svg\"]{width:48px}.elementor-widget-image img{vertical-align:middle;display:inline-block}<\/style>\t\t\t\t\t\t\t\t\t\t<img fetchpriority=\"high\" decoding=\"async\" width=\"700\" height=\"700\" src=\"https:\/\/energis8brasil.byteforce-ai.com\/wp-content\/uploads\/2024\/02\/transm-meca.jpg\" class=\"attachment-large size-large wp-image-2077\" alt=\"Lubrificantes Energis 8 Brasil\" srcset=\"https:\/\/energis8brasil.byteforce-ai.com\/wp-content\/uploads\/2024\/02\/transm-meca.jpg 700w, https:\/\/energis8brasil.byteforce-ai.com\/wp-content\/uploads\/2024\/02\/transm-meca-300x300.jpg 300w, https:\/\/energis8brasil.byteforce-ai.com\/wp-content\/uploads\/2024\/02\/transm-meca-100x100.jpg 100w, https:\/\/energis8brasil.byteforce-ai.com\/wp-content\/uploads\/2024\/02\/transm-meca-600x600.jpg 600w, https:\/\/energis8brasil.byteforce-ai.com\/wp-content\/uploads\/2024\/02\/transm-meca-64x64.jpg 64w, https:\/\/energis8brasil.byteforce-ai.com\/wp-content\/uploads\/2024\/02\/transm-meca-150x150.jpg 150w, https:\/\/energis8brasil.byteforce-ai.com\/wp-content\/uploads\/2024\/02\/transm-meca-12x12.jpg 12w, https:\/\/energis8brasil.byteforce-ai.com\/wp-content\/uploads\/2024\/02\/transm-meca-200x200.jpg 200w\" sizes=\"(max-width: 700px) 100vw, 700px\" \/>\t\t\t\t\t\t\t\t\t\t\t\t\t<\/div>\n\t\t\t\t<\/div>\n\t\t\t\t<\/div>\n\t\t\t\t\t<\/div>\n\t\t\t\t<\/div>\n\t\t\t\t<div class=\"elementor-element elementor-element-ddb525b elementor-widget elementor-widget-eael-woo-product-list\" data-id=\"ddb525b\" data-element_type=\"widget\" data-widget_type=\"eael-woo-product-list.default\">\n\t\t\t\t<div class=\"elementor-widget-container\">\n\t\t\t\n        <div class=\"eael-product-list-wrapper preset-1\">\n            <div class=\"eael-product-list-body woocommerce\">\n                <div class=\"eael-product-list-container\">\n                    <div class=\"eael-post-appender\">\n                        <div class=\"product post-2601 type-product status-publish has-post-thumbnail product_cat-lubrificantes product_cat-transmissoes-mecanicas-e-sistemas-diferenciais product_tag-engrenagens-automotivas first instock shipping-taxable product-type-simple\">\n    <div class=\"eael-product-list-item\">\n                \n        <div class=\"eael-product-list-image-wrap\">\n                                                    \n            \n                <img decoding=\"async\" width=\"207\" height=\"300\" src=\"https:\/\/energis8brasil.byteforce-ai.com\/wp-content\/uploads\/2024\/03\/Maxi-Gear-GL-5-207x300.jpg\" class=\"attachment-medium size-medium\" alt=\"\" loading=\"eager\" \/>            \n            \n                        <ul class=\"eael-product-list-buttons-on-hover\">\n                                <li class=\"eael-product-list-add-to-cart-button eael-m-0\">\n                    <a href=\"https:\/\/energis8brasil.byteforce-ai.com\/en\/product\/maxi-gear-gl-5\/\" aria-describedby=\"woocommerce_loop_add_to_cart_link_describedby_2601\" data-quantity=\"1\" class=\"button product_type_simple\" data-product_id=\"2601\" data-product_sku=\"\" aria-label=\"Read more about \u201cMaxi Gear GL-5\u201d\" rel=\"nofollow\" data-no-translation=\"\" data-trp-gettext=\"\" data-no-translation-aria-label=\"\">Read more<\/a><span id=\"woocommerce_loop_add_to_cart_link_describedby_2601\" class=\"screen-reader-text\">\n\t<\/span>\n                <\/li>\n                \n                \n                                <li class=\"eael-product-list-link-button eael-m-0\">\n                    <a href=\"https:\/\/energis8brasil.byteforce-ai.com\/en\/product\/maxi-gear-gl-5\/\"><i class=\"fas fa-link\"><\/i><\/a>\n                <\/li>\n                            <\/ul>\n                    <\/div>\n\n        <div class=\"eael-product-list-content-wrap\">\n            \n            <div class=\"eael-product-list-content-header\" >\n                                \n                <div class=\"eael-product-list-notice eael-product-list-notice-shiping-free\">\n                     \n                    <p>\n                        <i class=\"fas fa-box\"><\/i>\n                        Lubricants                    <\/p>\n                                    <\/div>\n            <\/div>\n            <div class=\"eael-product-list-content-body\">\n                            <h2 class=\"eael-product-list-title\">\n                                <a href=\"https:\/\/energis8brasil.byteforce-ai.com\/en\/product\/maxi-gear-gl-5\/\" class=\"woocommerce-LoopProduct-link woocommerce-loop-product__link\" target=\"_blank\">\n                    Maxi Gear GL-5                <\/a>\n                            <\/h2>\n        \n                                <div class=\"eael-product-list-excerpt\">\n                    Desenvolvido para garantir maior prote\u00e7\u00e3o, desempenho e redu\u00e7\u00e3o do desgaste em transmiss\u00f5es automotivas, com excelentes caracter\u00edsticas de resist\u00eancia \u00e0 oxida\u00e7\u00e3o. Recomendado para engrenagens hipoides e aplica\u00e7\u00e3o em caixas de mudan\u00e7as...                <\/div>\n                \n                            <\/div>\n            <div class=\"eael-product-list-content-footer\">\n                \n                                <div class=\"eael-product-list-buttons\">\n                                        <p class=\"eael-product-list-add-to-cart-button eael-m-0\"><a href=\"https:\/\/energis8brasil.byteforce-ai.com\/en\/product\/maxi-gear-gl-5\/\" aria-describedby=\"woocommerce_loop_add_to_cart_link_describedby_2601\" data-quantity=\"1\" class=\"button product_type_simple\" data-product_id=\"2601\" data-product_sku=\"\" aria-label=\"Read more about \u201cMaxi Gear GL-5\u201d\" rel=\"nofollow\" data-no-translation=\"\" data-trp-gettext=\"\" data-no-translation-aria-label=\"\">Read more<\/a><span id=\"woocommerce_loop_add_to_cart_link_describedby_2601\" class=\"screen-reader-text\">\n\t<\/span>\n<\/p>\n                    \n                                    <\/div>\n                            <\/div>\n        <\/div>\n    <\/div>\n<\/div><div class=\"product post-2598 type-product status-publish has-post-thumbnail product_cat-lubrificantes product_cat-transmissoes-mecanicas-e-sistemas-diferenciais product_tag-engrenagens-automotivas  instock shipping-taxable product-type-simple\">\n    <div class=\"eael-product-list-item\">\n                \n        <div class=\"eael-product-list-image-wrap\">\n                                                    \n            \n                <img decoding=\"async\" width=\"207\" height=\"300\" src=\"https:\/\/energis8brasil.byteforce-ai.com\/wp-content\/uploads\/2024\/03\/Maxi-Gear-GL-4-207x300.jpg\" class=\"attachment-medium size-medium\" alt=\"\" loading=\"eager\" \/>            \n            \n                        <ul class=\"eael-product-list-buttons-on-hover\">\n                                <li class=\"eael-product-list-add-to-cart-button eael-m-0\">\n                    <a href=\"https:\/\/energis8brasil.byteforce-ai.com\/en\/product\/maxi-gear-gl-4\/\" aria-describedby=\"woocommerce_loop_add_to_cart_link_describedby_2598\" data-quantity=\"1\" class=\"button product_type_simple\" data-product_id=\"2598\" data-product_sku=\"\" aria-label=\"Read more about \u201cMaxi Gear GL-4\u201d\" rel=\"nofollow\" data-no-translation=\"\" data-trp-gettext=\"\" data-no-translation-aria-label=\"\">Read more<\/a><span id=\"woocommerce_loop_add_to_cart_link_describedby_2598\" class=\"screen-reader-text\">\n\t<\/span>\n                <\/li>\n                \n                \n                                <li class=\"eael-product-list-link-button eael-m-0\">\n                    <a href=\"https:\/\/energis8brasil.byteforce-ai.com\/en\/product\/maxi-gear-gl-4\/\"><i class=\"fas fa-link\"><\/i><\/a>\n                <\/li>\n                            <\/ul>\n                    <\/div>\n\n        <div class=\"eael-product-list-content-wrap\">\n            \n            <div class=\"eael-product-list-content-header\" >\n                                \n                <div class=\"eael-product-list-notice eael-product-list-notice-shiping-free\">\n                     \n                    <p>\n                        <i class=\"fas fa-box\"><\/i>\n                        Lubricants                    <\/p>\n                                    <\/div>\n            <\/div>\n            <div class=\"eael-product-list-content-body\">\n                            <h2 class=\"eael-product-list-title\">\n                                <a href=\"https:\/\/energis8brasil.byteforce-ai.com\/en\/product\/maxi-gear-gl-4\/\" class=\"woocommerce-LoopProduct-link woocommerce-loop-product__link\" target=\"_blank\">\n                    Maxi Gear GL-4                <\/a>\n                            <\/h2>\n        \n                                <div class=\"eael-product-list-excerpt\">\n                    Lubrificante de alta performance para servi\u00e7os de engrenagens, particularmente as do tipo hipoide, garantindo redu\u00e7\u00e3o do desgaste em diferenciais, transmiss\u00f5es automotivas, caixas de dire\u00e7\u00e3o e juntas universais. Utilizado em caixas...                <\/div>\n                \n                            <\/div>\n            <div class=\"eael-product-list-content-footer\">\n                \n                                <div class=\"eael-product-list-buttons\">\n                                        <p class=\"eael-product-list-add-to-cart-button eael-m-0\"><a href=\"https:\/\/energis8brasil.byteforce-ai.com\/en\/product\/maxi-gear-gl-4\/\" aria-describedby=\"woocommerce_loop_add_to_cart_link_describedby_2598\" data-quantity=\"1\" class=\"button product_type_simple\" data-product_id=\"2598\" data-product_sku=\"\" aria-label=\"Read more about \u201cMaxi Gear GL-4\u201d\" rel=\"nofollow\" data-no-translation=\"\" data-trp-gettext=\"\" data-no-translation-aria-label=\"\">Read more<\/a><span id=\"woocommerce_loop_add_to_cart_link_describedby_2598\" class=\"screen-reader-text\">\n\t<\/span>\n<\/p>\n                    \n                                    <\/div>\n                            <\/div>\n        <\/div>\n    <\/div>\n<\/div>                    <\/div>\n\n                    \n                <\/div>\n            <\/div>\n        <\/div>\n\n\t\t\t\t<\/div>\n\t\t\t\t<\/div>\n\t\t\t\t\t<\/div>\n\t\t\t\t<\/div>\n\t\t\t\t<\/div>","protected":false},"excerpt":{"rendered":"<p>Lubrificantes Transmiss\u00f5es Mec\u00e2nicas e Sistemas Diferenciais Visando ampliar nossa linha de produtos e propiciando aos nossos clientes e consumidores a oportunidade de adquirir e utilizar produtos de alta qualidade e excelente performance, estamos lan\u00e7ando a nossa linha de graxas: Maxi Grease Chassis Graxa \u00e0 base de sab\u00e3o de c\u00e1lcio. Recomendada para lubrifica\u00e7\u00e3o de pinos, articula\u00e7\u00f5es&hellip;&nbsp;<a href=\"https:\/\/energis8brasil.byteforce-ai.com\/en\/product\/maxi-gear-gl-4\/\" class=\"\" rel=\"bookmark\">Read More &raquo;<span class=\"screen-reader-text\">Maxi Gear GL-4<\/span><\/a><\/p>","protected":false},"author":1,"featured_media":0,"parent":0,"menu_order":0,"comment_status":"closed","ping_status":"closed","template":"page-templates\/template-pagebuilder-full-width.php","meta":{"neve_meta_sidebar":"","neve_meta_container":"","neve_meta_enable_content_width":"","neve_meta_content_width":0,"neve_meta_title_alignment":"","neve_meta_author_avatar":"","neve_post_elements_order":"","neve_meta_disable_header":"","neve_meta_disable_footer":"","neve_meta_disable_title":"","_mc_calendar":[],"footnotes":""},"class_list":["post-2631","page","type-page","status-publish","hentry"],"_links":{"self":[{"href":"https:\/\/energis8brasil.byteforce-ai.com\/en\/wp-json\/wp\/v2\/pages\/2631","targetHints":{"allow":["GET"]}}],"collection":[{"href":"https:\/\/energis8brasil.byteforce-ai.com\/en\/wp-json\/wp\/v2\/pages"}],"about":[{"href":"https:\/\/energis8brasil.byteforce-ai.com\/en\/wp-json\/wp\/v2\/types\/page"}],"author":[{"embeddable":true,"href":"https:\/\/energis8brasil.byteforce-ai.com\/en\/wp-json\/wp\/v2\/users\/1"}],"replies":[{"embeddable":true,"href":"https:\/\/energis8brasil.byteforce-ai.com\/en\/wp-json\/wp\/v2\/comments?post=2631"}],"version-history":[{"count":7,"href":"https:\/\/energis8brasil.byteforce-ai.com\/en\/wp-json\/wp\/v2\/pages\/2631\/revisions"}],"predecessor-version":[{"id":2650,"href":"https:\/\/energis8brasil.byteforce-ai.com\/en\/wp-json\/wp\/v2\/pages\/2631\/revisions\/2650"}],"wp:attachment":[{"href":"https:\/\/energis8brasil.byteforce-ai.com\/en\/wp-json\/wp\/v2\/media?parent=2631"}],"curies":[{"name":"wp","href":"https:\/\/api.w.org\/{rel}","templated":true}]}}