{"id":2629,"date":"2024-03-22T13:45:31","date_gmt":"2024-03-22T16:45:31","guid":{"rendered":"https:\/\/energis8brasil.byteforce-ai.com\/?page_id=2629"},"modified":"2024-03-22T13:59:47","modified_gmt":"2024-03-22T16:59:47","slug":"lubrificantes-transmissoes-automaticas","status":"publish","type":"page","link":"https:\/\/energis8brasil.byteforce-ai.com\/en\/lubrificantes-transmissoes-automaticas\/","title":{"rendered":"Lubrificantes &#8211; Transmiss\u00f5es Autom\u00e1ticas"},"content":{"rendered":"<div data-elementor-type=\"wp-page\" data-elementor-id=\"2629\" class=\"elementor elementor-2629\">\n\t\t\t\t<div class=\"elementor-element elementor-element-cbb39af e-flex e-con-boxed e-con e-parent\" data-id=\"cbb39af\" data-element_type=\"container\" data-settings=\"{&quot;background_background&quot;:&quot;classic&quot;}\">\n\t\t\t\t\t<div class=\"e-con-inner\">\n\t\t\t\t<div class=\"elementor-element elementor-element-9b081fb animated-slow elementor-invisible elementor-widget elementor-widget-heading\" data-id=\"9b081fb\" data-element_type=\"widget\" data-settings=\"{&quot;_animation&quot;:&quot;fadeInRight&quot;,&quot;_animation_tablet&quot;:&quot;fadeIn&quot;}\" data-widget_type=\"heading.default\">\n\t\t\t\t<div class=\"elementor-widget-container\">\n\t\t\t<style>\/*! elementor - v3.22.0 - 26-06-2024 *\/\n.elementor-heading-title{padding:0;margin:0;line-height:1}.elementor-widget-heading .elementor-heading-title[class*=elementor-size-]>a{color:inherit;font-size:inherit;line-height:inherit}.elementor-widget-heading .elementor-heading-title.elementor-size-small{font-size:15px}.elementor-widget-heading .elementor-heading-title.elementor-size-medium{font-size:19px}.elementor-widget-heading .elementor-heading-title.elementor-size-large{font-size:29px}.elementor-widget-heading .elementor-heading-title.elementor-size-xl{font-size:39px}.elementor-widget-heading .elementor-heading-title.elementor-size-xxl{font-size:59px}<\/style><h2 class=\"elementor-heading-title elementor-size-default\">Lubricants<\/h2>\t\t<\/div>\n\t\t\t\t<\/div>\n\t\t\t\t\t<\/div>\n\t\t\t\t<\/div>\n\t\t<div class=\"elementor-element elementor-element-2495357 e-flex e-con-boxed e-con e-parent\" data-id=\"2495357\" data-element_type=\"container\" data-settings=\"{&quot;background_background&quot;:&quot;classic&quot;}\">\n\t\t\t\t\t<div class=\"e-con-inner\">\n\t\t<div class=\"elementor-element elementor-element-1eb0a08 e-flex e-con-boxed e-con e-child\" data-id=\"1eb0a08\" data-element_type=\"container\">\n\t\t\t\t\t<div class=\"e-con-inner\">\n\t\t<div class=\"elementor-element elementor-element-554d7e4 e-con-full e-flex e-con e-child\" data-id=\"554d7e4\" data-element_type=\"container\">\n\t\t\t\t<div class=\"elementor-element elementor-element-4369801 elementor-widget elementor-widget-heading\" data-id=\"4369801\" data-element_type=\"widget\" data-widget_type=\"heading.default\">\n\t\t\t\t<div class=\"elementor-widget-container\">\n\t\t\t<h2 class=\"elementor-heading-title elementor-size-default\">Transmiss\u00f5es Autom\u00e1ticas<\/h2>\t\t<\/div>\n\t\t\t\t<\/div>\n\t\t\t\t<div class=\"elementor-element elementor-element-a651256 elementor-widget elementor-widget-text-editor\" data-id=\"a651256\" data-element_type=\"widget\" data-widget_type=\"text-editor.default\">\n\t\t\t\t<div class=\"elementor-widget-container\">\n\t\t\t<style>\/*! elementor - v3.22.0 - 26-06-2024 *\/\n.elementor-widget-text-editor.elementor-drop-cap-view-stacked .elementor-drop-cap{background-color:#69727d;color:#fff}.elementor-widget-text-editor.elementor-drop-cap-view-framed .elementor-drop-cap{color:#69727d;border:3px solid;background-color:transparent}.elementor-widget-text-editor:not(.elementor-drop-cap-view-default) .elementor-drop-cap{margin-top:8px}.elementor-widget-text-editor:not(.elementor-drop-cap-view-default) .elementor-drop-cap-letter{width:1em;height:1em}.elementor-widget-text-editor .elementor-drop-cap{float:left;text-align:center;line-height:1;font-size:50px}.elementor-widget-text-editor .elementor-drop-cap-letter{display:inline-block}<\/style>\t\t\t\t<p>Having a line of lubricants for the most diverse industrial applications, used in hydraulic systems, reducers, guides and buses, metal work and for the textile industry, among others. Our products guarantee quality, performance, durability and greater availability of equipment for production.<\/p><p>Industrial line lubricants meet the standards of the world's leading equipment manufacturers.<\/p><p>When you are looking for quality with lower maintenance costs, choose lubricants with the Energis 8 Agroqu\u00edmica brand, a company controlled by Energis 8 Brasil.<\/p><p>\u2013 Always consult the manufacturer\u2019s manual and follow the recommendations indicated.<\/p>\t\t\t\t\t\t<\/div>\n\t\t\t\t<\/div>\n\t\t\t\t<\/div>\n\t\t<div class=\"elementor-element elementor-element-55d0296 e-con-full e-flex e-con e-child\" data-id=\"55d0296\" data-element_type=\"container\">\n\t\t\t\t<div class=\"elementor-element elementor-element-5ce7eb5 elementor-widget elementor-widget-image\" data-id=\"5ce7eb5\" data-element_type=\"widget\" data-widget_type=\"image.default\">\n\t\t\t\t<div class=\"elementor-widget-container\">\n\t\t\t<style>\/*! elementor - v3.22.0 - 26-06-2024 *\/\n.elementor-widget-image{text-align:center}.elementor-widget-image a{display:inline-block}.elementor-widget-image a img[src$=\".svg\"]{width:48px}.elementor-widget-image img{vertical-align:middle;display:inline-block}<\/style>\t\t\t\t\t\t\t\t\t\t<img fetchpriority=\"high\" decoding=\"async\" width=\"700\" height=\"700\" src=\"https:\/\/energis8brasil.byteforce-ai.com\/wp-content\/uploads\/2024\/02\/transm-auto.jpg\" class=\"attachment-large size-large wp-image-2076\" alt=\"Lubrificantes Energis 8 Brasil\" srcset=\"https:\/\/energis8brasil.byteforce-ai.com\/wp-content\/uploads\/2024\/02\/transm-auto.jpg 700w, https:\/\/energis8brasil.byteforce-ai.com\/wp-content\/uploads\/2024\/02\/transm-auto-300x300.jpg 300w, https:\/\/energis8brasil.byteforce-ai.com\/wp-content\/uploads\/2024\/02\/transm-auto-100x100.jpg 100w, https:\/\/energis8brasil.byteforce-ai.com\/wp-content\/uploads\/2024\/02\/transm-auto-600x600.jpg 600w, https:\/\/energis8brasil.byteforce-ai.com\/wp-content\/uploads\/2024\/02\/transm-auto-64x64.jpg 64w, https:\/\/energis8brasil.byteforce-ai.com\/wp-content\/uploads\/2024\/02\/transm-auto-150x150.jpg 150w, https:\/\/energis8brasil.byteforce-ai.com\/wp-content\/uploads\/2024\/02\/transm-auto-12x12.jpg 12w, https:\/\/energis8brasil.byteforce-ai.com\/wp-content\/uploads\/2024\/02\/transm-auto-200x200.jpg 200w\" sizes=\"(max-width: 700px) 100vw, 700px\" \/>\t\t\t\t\t\t\t\t\t\t\t\t\t<\/div>\n\t\t\t\t<\/div>\n\t\t\t\t<\/div>\n\t\t\t\t\t<\/div>\n\t\t\t\t<\/div>\n\t\t\t\t<div class=\"elementor-element elementor-element-ddb525b elementor-widget elementor-widget-eael-woo-product-list\" data-id=\"ddb525b\" data-element_type=\"widget\" data-widget_type=\"eael-woo-product-list.default\">\n\t\t\t\t<div class=\"elementor-widget-container\">\n\t\t\t\n        <div class=\"eael-product-list-wrapper preset-1\">\n            <div class=\"eael-product-list-body woocommerce\">\n                <div class=\"eael-product-list-container\">\n                    <div class=\"eael-post-appender\">\n                        <div class=\"product post-2619 type-product status-publish has-post-thumbnail product_cat-lubrificantes product_cat-transmissoes-automaticas product_tag-industrial first instock shipping-taxable product-type-simple\">\n    <div class=\"eael-product-list-item\">\n                \n        <div class=\"eael-product-list-image-wrap\">\n                                                    \n            \n                <img decoding=\"async\" width=\"207\" height=\"300\" src=\"https:\/\/energis8brasil.byteforce-ai.com\/wp-content\/uploads\/2024\/03\/Hercon-Vaccum-Pump-Oil-207x300.jpg\" class=\"attachment-medium size-medium\" alt=\"\" loading=\"eager\" \/>            \n            \n                        <ul class=\"eael-product-list-buttons-on-hover\">\n                                <li class=\"eael-product-list-add-to-cart-button eael-m-0\">\n                    <a href=\"https:\/\/energis8brasil.byteforce-ai.com\/en\/product\/hercon-vaccum-pump-oil\/\" aria-describedby=\"woocommerce_loop_add_to_cart_link_describedby_2619\" data-quantity=\"1\" class=\"button product_type_simple\" data-product_id=\"2619\" data-product_sku=\"\" aria-label=\"Read more about \u201cHercon Vaccum Pump Oil\u201d\" rel=\"nofollow\" data-no-translation=\"\" data-trp-gettext=\"\" data-no-translation-aria-label=\"\">Read more<\/a><span id=\"woocommerce_loop_add_to_cart_link_describedby_2619\" class=\"screen-reader-text\">\n\t<\/span>\n                <\/li>\n                \n                \n                                <li class=\"eael-product-list-link-button eael-m-0\">\n                    <a href=\"https:\/\/energis8brasil.byteforce-ai.com\/en\/product\/hercon-vaccum-pump-oil\/\"><i class=\"fas fa-link\"><\/i><\/a>\n                <\/li>\n                            <\/ul>\n                    <\/div>\n\n        <div class=\"eael-product-list-content-wrap\">\n            \n            <div class=\"eael-product-list-content-header\" >\n                                \n                <div class=\"eael-product-list-notice eael-product-list-notice-shiping-free\">\n                     \n                    <p>\n                        <i class=\"fas fa-box\"><\/i>\n                        Lubricants                    <\/p>\n                                    <\/div>\n            <\/div>\n            <div class=\"eael-product-list-content-body\">\n                            <h2 class=\"eael-product-list-title\">\n                                <a href=\"https:\/\/energis8brasil.byteforce-ai.com\/en\/product\/hercon-vaccum-pump-oil\/\" class=\"woocommerce-LoopProduct-link woocommerce-loop-product__link\" target=\"_blank\">\n                    Hercon Vaccum Pump Oil                <\/a>\n                            <\/h2>\n        \n                                <div class=\"eael-product-list-excerpt\">\n                    \u00d3leo lubrificante mineral especialmente desenvolvido para utiliza\u00e7\u00e3o em bombas a v\u00e1cuo acopladas em sistemas de ordenhadeiras. Proporciona maior prote\u00e7\u00e3o contra o desgaste, corros\u00e3o e forma\u00e7\u00e3o de espuma, al\u00e9m de garantir...                <\/div>\n                \n                            <\/div>\n            <div class=\"eael-product-list-content-footer\">\n                \n                                <div class=\"eael-product-list-buttons\">\n                                        <p class=\"eael-product-list-add-to-cart-button eael-m-0\"><a href=\"https:\/\/energis8brasil.byteforce-ai.com\/en\/product\/hercon-vaccum-pump-oil\/\" aria-describedby=\"woocommerce_loop_add_to_cart_link_describedby_2619\" data-quantity=\"1\" class=\"button product_type_simple\" data-product_id=\"2619\" data-product_sku=\"\" aria-label=\"Read more about \u201cHercon Vaccum Pump Oil\u201d\" rel=\"nofollow\" data-no-translation=\"\" data-trp-gettext=\"\" data-no-translation-aria-label=\"\">Read more<\/a><span id=\"woocommerce_loop_add_to_cart_link_describedby_2619\" class=\"screen-reader-text\">\n\t<\/span>\n<\/p>\n                    \n                                    <\/div>\n                            <\/div>\n        <\/div>\n    <\/div>\n<\/div><div class=\"product post-2618 type-product status-publish has-post-thumbnail product_cat-lubrificantes product_cat-transmissoes-automaticas product_tag-industrial  instock shipping-taxable product-type-simple\">\n    <div class=\"eael-product-list-item\">\n                \n        <div class=\"eael-product-list-image-wrap\">\n                                                    \n            \n                <img decoding=\"async\" width=\"257\" height=\"300\" src=\"https:\/\/energis8brasil.byteforce-ai.com\/wp-content\/uploads\/2024\/03\/CPSR-III-Series-257x300.jpg\" class=\"attachment-medium size-medium\" alt=\"\" loading=\"eager\" \/>            \n            \n                        <ul class=\"eael-product-list-buttons-on-hover\">\n                                <li class=\"eael-product-list-add-to-cart-button eael-m-0\">\n                    <a href=\"https:\/\/energis8brasil.byteforce-ai.com\/en\/product\/cpsr-iii-series\/\" aria-describedby=\"woocommerce_loop_add_to_cart_link_describedby_2618\" data-quantity=\"1\" class=\"button product_type_simple\" data-product_id=\"2618\" data-product_sku=\"\" aria-label=\"Read more about \u201cCPSR-III Series\u201d\" rel=\"nofollow\" data-no-translation=\"\" data-trp-gettext=\"\" data-no-translation-aria-label=\"\">Read more<\/a><span id=\"woocommerce_loop_add_to_cart_link_describedby_2618\" class=\"screen-reader-text\">\n\t<\/span>\n                <\/li>\n                \n                \n                                <li class=\"eael-product-list-link-button eael-m-0\">\n                    <a href=\"https:\/\/energis8brasil.byteforce-ai.com\/en\/product\/cpsr-iii-series\/\"><i class=\"fas fa-link\"><\/i><\/a>\n                <\/li>\n                            <\/ul>\n                    <\/div>\n\n        <div class=\"eael-product-list-content-wrap\">\n            \n            <div class=\"eael-product-list-content-header\" >\n                                \n                <div class=\"eael-product-list-notice eael-product-list-notice-shiping-free\">\n                     \n                    <p>\n                        <i class=\"fas fa-box\"><\/i>\n                        Lubricants                    <\/p>\n                                    <\/div>\n            <\/div>\n            <div class=\"eael-product-list-content-body\">\n                            <h2 class=\"eael-product-list-title\">\n                                <a href=\"https:\/\/energis8brasil.byteforce-ai.com\/en\/product\/cpsr-iii-series\/\" class=\"woocommerce-LoopProduct-link woocommerce-loop-product__link\" target=\"_blank\">\n                    CPSR-III Series                <\/a>\n                            <\/h2>\n        \n                                <div class=\"eael-product-list-excerpt\">\n                    Lubrificante mineral indicado para redutores industriais, equipamentos de constru\u00e7\u00e3o civil e mineradoras que possuam engrenagens de dentes retos, c\u00f4nicos ou helicoidais, onde seja necessi\u00e1rio um produto que suporte regimes severos...                <\/div>\n                \n                            <\/div>\n            <div class=\"eael-product-list-content-footer\">\n                \n                                <div class=\"eael-product-list-buttons\">\n                                        <p class=\"eael-product-list-add-to-cart-button eael-m-0\"><a href=\"https:\/\/energis8brasil.byteforce-ai.com\/en\/product\/cpsr-iii-series\/\" aria-describedby=\"woocommerce_loop_add_to_cart_link_describedby_2618\" data-quantity=\"1\" class=\"button product_type_simple\" data-product_id=\"2618\" data-product_sku=\"\" aria-label=\"Read more about \u201cCPSR-III Series\u201d\" rel=\"nofollow\" data-no-translation=\"\" data-trp-gettext=\"\" data-no-translation-aria-label=\"\">Read more<\/a><span id=\"woocommerce_loop_add_to_cart_link_describedby_2618\" class=\"screen-reader-text\">\n\t<\/span>\n<\/p>\n                    \n                                    <\/div>\n                            <\/div>\n        <\/div>\n    <\/div>\n<\/div><div class=\"product post-2617 type-product status-publish has-post-thumbnail product_cat-lubrificantes product_cat-transmissoes-automaticas product_tag-industrial  instock shipping-taxable product-type-simple\">\n    <div class=\"eael-product-list-item\">\n                \n        <div class=\"eael-product-list-image-wrap\">\n                                                    \n            \n                <img decoding=\"async\" width=\"257\" height=\"300\" src=\"https:\/\/energis8brasil.byteforce-ai.com\/wp-content\/uploads\/2024\/03\/Emul-Synthetic-257x300.jpg\" class=\"attachment-medium size-medium\" alt=\"\" loading=\"eager\" \/>            \n            \n                        <ul class=\"eael-product-list-buttons-on-hover\">\n                                <li class=\"eael-product-list-add-to-cart-button eael-m-0\">\n                    <a href=\"https:\/\/energis8brasil.byteforce-ai.com\/en\/product\/emul-synthetic\/\" aria-describedby=\"woocommerce_loop_add_to_cart_link_describedby_2617\" data-quantity=\"1\" class=\"button product_type_simple\" data-product_id=\"2617\" data-product_sku=\"\" aria-label=\"Read more about \u201cEmul Synthetic\u201d\" rel=\"nofollow\" data-no-translation=\"\" data-trp-gettext=\"\" data-no-translation-aria-label=\"\">Read more<\/a><span id=\"woocommerce_loop_add_to_cart_link_describedby_2617\" class=\"screen-reader-text\">\n\t<\/span>\n                <\/li>\n                \n                \n                                <li class=\"eael-product-list-link-button eael-m-0\">\n                    <a href=\"https:\/\/energis8brasil.byteforce-ai.com\/en\/product\/emul-synthetic\/\"><i class=\"fas fa-link\"><\/i><\/a>\n                <\/li>\n                            <\/ul>\n                    <\/div>\n\n        <div class=\"eael-product-list-content-wrap\">\n            \n            <div class=\"eael-product-list-content-header\" >\n                                \n                <div class=\"eael-product-list-notice eael-product-list-notice-shiping-free\">\n                     \n                    <p>\n                        <i class=\"fas fa-box\"><\/i>\n                        Lubricants                    <\/p>\n                                    <\/div>\n            <\/div>\n            <div class=\"eael-product-list-content-body\">\n                            <h2 class=\"eael-product-list-title\">\n                                <a href=\"https:\/\/energis8brasil.byteforce-ai.com\/en\/product\/emul-synthetic\/\" class=\"woocommerce-LoopProduct-link woocommerce-loop-product__link\" target=\"_blank\">\n                    Emul Synthetic                <\/a>\n                            <\/h2>\n        \n                                <div class=\"eael-product-list-excerpt\">\n                    \u00d3leo de corte sol\u00favel 100% sint\u00e9tico, desenvolvido com aditivos anticorrosivos, antiespumantes e bactericidas. Produto indicado para opera\u00e7\u00f5es de ret\u00edfica e usinagem de materiais n\u00e3o ferrosos, pois n\u00e3o provoca manchas nas...                <\/div>\n                \n                            <\/div>\n            <div class=\"eael-product-list-content-footer\">\n                \n                                <div class=\"eael-product-list-buttons\">\n                                        <p class=\"eael-product-list-add-to-cart-button eael-m-0\"><a href=\"https:\/\/energis8brasil.byteforce-ai.com\/en\/product\/emul-synthetic\/\" aria-describedby=\"woocommerce_loop_add_to_cart_link_describedby_2617\" data-quantity=\"1\" class=\"button product_type_simple\" data-product_id=\"2617\" data-product_sku=\"\" aria-label=\"Read more about \u201cEmul Synthetic\u201d\" rel=\"nofollow\" data-no-translation=\"\" data-trp-gettext=\"\" data-no-translation-aria-label=\"\">Read more<\/a><span id=\"woocommerce_loop_add_to_cart_link_describedby_2617\" class=\"screen-reader-text\">\n\t<\/span>\n<\/p>\n                    \n                                    <\/div>\n                            <\/div>\n        <\/div>\n    <\/div>\n<\/div><div class=\"product post-2616 type-product status-publish has-post-thumbnail product_cat-lubrificantes product_cat-transmissoes-automaticas product_tag-industrial last instock shipping-taxable product-type-simple\">\n    <div class=\"eael-product-list-item\">\n                \n        <div class=\"eael-product-list-image-wrap\">\n                                                    \n            \n                <img decoding=\"async\" width=\"257\" height=\"300\" src=\"https:\/\/energis8brasil.byteforce-ai.com\/wp-content\/uploads\/2024\/03\/Emul-38-257x300.jpg\" class=\"attachment-medium size-medium\" alt=\"\" loading=\"eager\" \/>            \n            \n                        <ul class=\"eael-product-list-buttons-on-hover\">\n                                <li class=\"eael-product-list-add-to-cart-button eael-m-0\">\n                    <a href=\"https:\/\/energis8brasil.byteforce-ai.com\/en\/product\/emul-38\/\" aria-describedby=\"woocommerce_loop_add_to_cart_link_describedby_2616\" data-quantity=\"1\" class=\"button product_type_simple\" data-product_id=\"2616\" data-product_sku=\"\" aria-label=\"Read more about \u201cEmul 38\u201d\" rel=\"nofollow\" data-no-translation=\"\" data-trp-gettext=\"\" data-no-translation-aria-label=\"\">Read more<\/a><span id=\"woocommerce_loop_add_to_cart_link_describedby_2616\" class=\"screen-reader-text\">\n\t<\/span>\n                <\/li>\n                \n                \n                                <li class=\"eael-product-list-link-button eael-m-0\">\n                    <a href=\"https:\/\/energis8brasil.byteforce-ai.com\/en\/product\/emul-38\/\"><i class=\"fas fa-link\"><\/i><\/a>\n                <\/li>\n                            <\/ul>\n                    <\/div>\n\n        <div class=\"eael-product-list-content-wrap\">\n            \n            <div class=\"eael-product-list-content-header\" >\n                                \n                <div class=\"eael-product-list-notice eael-product-list-notice-shiping-free\">\n                     \n                    <p>\n                        <i class=\"fas fa-box\"><\/i>\n                        Lubricants                    <\/p>\n                                    <\/div>\n            <\/div>\n            <div class=\"eael-product-list-content-body\">\n                            <h2 class=\"eael-product-list-title\">\n                                <a href=\"https:\/\/energis8brasil.byteforce-ai.com\/en\/product\/emul-38\/\" class=\"woocommerce-LoopProduct-link woocommerce-loop-product__link\" target=\"_blank\">\n                    Emul 38                <\/a>\n                            <\/h2>\n        \n                                <div class=\"eael-product-list-excerpt\">\n                    \u00d3leo emulsion\u00e1vel de corte de base mineral, formulado com aditivo anticorrosivo, antiespumante e bactericida. Desenvolvido para opera\u00e7\u00f5es de usinagem em materiais ferrosos e n\u00e3o ferrosos com baixo teor de carbono....                <\/div>\n                \n                            <\/div>\n            <div class=\"eael-product-list-content-footer\">\n                \n                                <div class=\"eael-product-list-buttons\">\n                                        <p class=\"eael-product-list-add-to-cart-button eael-m-0\"><a href=\"https:\/\/energis8brasil.byteforce-ai.com\/en\/product\/emul-38\/\" aria-describedby=\"woocommerce_loop_add_to_cart_link_describedby_2616\" data-quantity=\"1\" class=\"button product_type_simple\" data-product_id=\"2616\" data-product_sku=\"\" aria-label=\"Read more about \u201cEmul 38\u201d\" rel=\"nofollow\" data-no-translation=\"\" data-trp-gettext=\"\" data-no-translation-aria-label=\"\">Read more<\/a><span id=\"woocommerce_loop_add_to_cart_link_describedby_2616\" class=\"screen-reader-text\">\n\t<\/span>\n<\/p>\n                    \n                                    <\/div>\n                            <\/div>\n        <\/div>\n    <\/div>\n<\/div>                    <\/div>\n\n                                <div class=\"eael-load-more-button-wrap\">\n                <button class=\"eael-load-more-button\" id=\"eael-load-more-btn-ddb525b\" data-widget-id=\"ddb525b\" data-widget=\"ddb525b\" data-page-id=\"2629\" data-template=\"{&quot;dir&quot;:&quot;lite&quot;,&quot;file_name&quot;:&quot;preset-1.php&quot;,&quot;name&quot;:&quot;Woo-Product-List&quot;}\" data-class=\"Essential_Addons_Elementor\\Elements\\Woo_Product_List\" data-layout=\"preset-1\" data-page=\"1\" data-args=\"post_type=product&amp;order=desc&amp;post_status%5B0%5D=publish&amp;post_status%5B1%5D=pending&amp;post_status%5B2%5D=future&amp;posts_per_page=4&amp;offset=0&amp;tax_query%5Brelation%5D=AND&amp;tax_query%5B0%5D%5Btaxonomy%5D=product_visibility&amp;tax_query%5B0%5D%5Bfield%5D=name&amp;tax_query%5B0%5D%5Bterms%5D%5B0%5D=exclude-from-search&amp;tax_query%5B0%5D%5Bterms%5D%5B1%5D=exclude-from-catalog&amp;tax_query%5B0%5D%5Boperator%5D=NOT+IN&amp;tax_query%5B1%5D%5Btaxonomy%5D=product_cat&amp;tax_query%5B1%5D%5Bfield%5D=slug&amp;tax_query%5B1%5D%5Bterms%5D%5B0%5D=transmissoes-automaticas&amp;tax_query%5B1%5D%5Boperator%5D=IN&amp;orderby=date&amp;meta_query%5Brelation%5D=AND&amp;total_post=14\" data-max-page=\"4\">\n                    <span class=\"eael-btn-loader button__loader\"><\/span>\n                    <span class=\"eael_load_more_text\">Carregar mais produtos<\/span>\n                <\/button>\n            <\/div>\n            \n                <\/div>\n            <\/div>\n        <\/div>\n\n\t\t\t\t<\/div>\n\t\t\t\t<\/div>\n\t\t\t\t\t<\/div>\n\t\t\t\t<\/div>\n\t\t\t\t<\/div>","protected":false},"excerpt":{"rendered":"<p>Lubrificantes Transmiss\u00f5es Autom\u00e1ticas Tendo uma linha de lubrificantes para as mais diversas aplica\u00e7\u00f5es industrias, utilizados em sistemas hidr\u00e1ulicos, redutores, guias e barramentos, metal work e para ind\u00fastria t\u00eaxtil entre outros. Nosso produtos garantem qualidade, performance, durabilidade, maior disponibilidade do equipamento para produ\u00e7\u00e3o. Os lubrificantes da linha industrial atendem as normas dos principais fabricantes de equipamentos&hellip;&nbsp;<a href=\"https:\/\/energis8brasil.byteforce-ai.com\/en\/product\/emul-38\/\" class=\"\" rel=\"bookmark\">Read More &raquo;<span class=\"screen-reader-text\">Emul 38<\/span><\/a><\/p>","protected":false},"author":1,"featured_media":0,"parent":0,"menu_order":0,"comment_status":"closed","ping_status":"closed","template":"page-templates\/template-pagebuilder-full-width.php","meta":{"neve_meta_sidebar":"","neve_meta_container":"","neve_meta_enable_content_width":"","neve_meta_content_width":0,"neve_meta_title_alignment":"","neve_meta_author_avatar":"","neve_post_elements_order":"","neve_meta_disable_header":"","neve_meta_disable_footer":"","neve_meta_disable_title":"","_mc_calendar":[],"footnotes":""},"class_list":["post-2629","page","type-page","status-publish","hentry"],"_links":{"self":[{"href":"https:\/\/energis8brasil.byteforce-ai.com\/en\/wp-json\/wp\/v2\/pages\/2629","targetHints":{"allow":["GET"]}}],"collection":[{"href":"https:\/\/energis8brasil.byteforce-ai.com\/en\/wp-json\/wp\/v2\/pages"}],"about":[{"href":"https:\/\/energis8brasil.byteforce-ai.com\/en\/wp-json\/wp\/v2\/types\/page"}],"author":[{"embeddable":true,"href":"https:\/\/energis8brasil.byteforce-ai.com\/en\/wp-json\/wp\/v2\/users\/1"}],"replies":[{"embeddable":true,"href":"https:\/\/energis8brasil.byteforce-ai.com\/en\/wp-json\/wp\/v2\/comments?post=2629"}],"version-history":[{"count":4,"href":"https:\/\/energis8brasil.byteforce-ai.com\/en\/wp-json\/wp\/v2\/pages\/2629\/revisions"}],"predecessor-version":[{"id":2653,"href":"https:\/\/energis8brasil.byteforce-ai.com\/en\/wp-json\/wp\/v2\/pages\/2629\/revisions\/2653"}],"wp:attachment":[{"href":"https:\/\/energis8brasil.byteforce-ai.com\/en\/wp-json\/wp\/v2\/media?parent=2629"}],"curies":[{"name":"wp","href":"https:\/\/api.w.org\/{rel}","templated":true}]}}