{"id":2627,"date":"2024-03-22T13:44:59","date_gmt":"2024-03-22T16:44:59","guid":{"rendered":"https:\/\/energis8brasil.byteforce-ai.com\/?page_id=2627"},"modified":"2024-03-22T14:02:02","modified_gmt":"2024-03-22T17:02:02","slug":"lubrificantes-veiculos-pesados","status":"publish","type":"page","link":"https:\/\/energis8brasil.byteforce-ai.com\/en\/lubrificantes-veiculos-pesados\/","title":{"rendered":"Lubrificantes &#8211; Ve\u00edculos Pesados"},"content":{"rendered":"<div data-elementor-type=\"wp-page\" data-elementor-id=\"2627\" class=\"elementor elementor-2627\">\n\t\t\t\t<div class=\"elementor-element elementor-element-cbb39af e-flex e-con-boxed e-con e-parent\" data-id=\"cbb39af\" data-element_type=\"container\" data-settings=\"{&quot;background_background&quot;:&quot;classic&quot;}\">\n\t\t\t\t\t<div class=\"e-con-inner\">\n\t\t\t\t<div class=\"elementor-element elementor-element-9b081fb animated-slow elementor-invisible elementor-widget elementor-widget-heading\" data-id=\"9b081fb\" data-element_type=\"widget\" data-settings=\"{&quot;_animation&quot;:&quot;fadeInRight&quot;,&quot;_animation_tablet&quot;:&quot;fadeIn&quot;}\" data-widget_type=\"heading.default\">\n\t\t\t\t<div class=\"elementor-widget-container\">\n\t\t\t<style>\/*! elementor - v3.22.0 - 26-06-2024 *\/\n.elementor-heading-title{padding:0;margin:0;line-height:1}.elementor-widget-heading .elementor-heading-title[class*=elementor-size-]>a{color:inherit;font-size:inherit;line-height:inherit}.elementor-widget-heading .elementor-heading-title.elementor-size-small{font-size:15px}.elementor-widget-heading .elementor-heading-title.elementor-size-medium{font-size:19px}.elementor-widget-heading .elementor-heading-title.elementor-size-large{font-size:29px}.elementor-widget-heading .elementor-heading-title.elementor-size-xl{font-size:39px}.elementor-widget-heading .elementor-heading-title.elementor-size-xxl{font-size:59px}<\/style><h2 class=\"elementor-heading-title elementor-size-default\">Lubricants<\/h2>\t\t<\/div>\n\t\t\t\t<\/div>\n\t\t\t\t\t<\/div>\n\t\t\t\t<\/div>\n\t\t<div class=\"elementor-element elementor-element-2495357 e-flex e-con-boxed e-con e-parent\" data-id=\"2495357\" data-element_type=\"container\" data-settings=\"{&quot;background_background&quot;:&quot;classic&quot;}\">\n\t\t\t\t\t<div class=\"e-con-inner\">\n\t\t<div class=\"elementor-element elementor-element-9c92690 e-flex e-con-boxed e-con e-child\" data-id=\"9c92690\" data-element_type=\"container\">\n\t\t\t\t\t<div class=\"e-con-inner\">\n\t\t<div class=\"elementor-element elementor-element-bbffabb e-con-full e-flex e-con e-child\" data-id=\"bbffabb\" data-element_type=\"container\">\n\t\t\t\t<div class=\"elementor-element elementor-element-f5349fa elementor-widget elementor-widget-heading\" data-id=\"f5349fa\" data-element_type=\"widget\" data-widget_type=\"heading.default\">\n\t\t\t\t<div class=\"elementor-widget-container\">\n\t\t\t<h2 class=\"elementor-heading-title elementor-size-default\">Ve\u00edculos Pesados<\/h2>\t\t<\/div>\n\t\t\t\t<\/div>\n\t\t\t\t<div class=\"elementor-element elementor-element-3750caf elementor-widget elementor-widget-text-editor\" data-id=\"3750caf\" data-element_type=\"widget\" data-widget_type=\"text-editor.default\">\n\t\t\t\t<div class=\"elementor-widget-container\">\n\t\t\t<style>\/*! elementor - v3.22.0 - 26-06-2024 *\/\n.elementor-widget-text-editor.elementor-drop-cap-view-stacked .elementor-drop-cap{background-color:#69727d;color:#fff}.elementor-widget-text-editor.elementor-drop-cap-view-framed .elementor-drop-cap{color:#69727d;border:3px solid;background-color:transparent}.elementor-widget-text-editor:not(.elementor-drop-cap-view-default) .elementor-drop-cap{margin-top:8px}.elementor-widget-text-editor:not(.elementor-drop-cap-view-default) .elementor-drop-cap-letter{width:1em;height:1em}.elementor-widget-text-editor .elementor-drop-cap{float:left;text-align:center;line-height:1;font-size:50px}.elementor-widget-text-editor .elementor-drop-cap-letter{display:inline-block}<\/style>\t\t\t\t<p>With a line of lubricants for diesel-powered vehicles that combines technology, performance and performance, longer intervals between changes, longer engine life, lower consumption of diesel oil and better control of gases generated in combustion, our products meet the most stringent and demanding manufacturer standards for diesel engines.<\/p><p>When you need to purchase a diesel lubricant for your truck, bus, off-road equipment, check out our product line. Purchase the one best suited to your vehicle and\/or equipment, count on a line that will provide you with reliability and lower maintenance costs!<\/p><p><em><strong>\u201cThe strength and performance your truck needs\u201d<\/strong><\/em><\/p><p>\u2013 Always consult the manufacturer\u2019s manual and follow the recommendations indicated.<\/p>\t\t\t\t\t\t<\/div>\n\t\t\t\t<\/div>\n\t\t\t\t<\/div>\n\t\t<div class=\"elementor-element elementor-element-cf2b601 e-con-full e-flex e-con e-child\" data-id=\"cf2b601\" data-element_type=\"container\">\n\t\t\t\t<div class=\"elementor-element elementor-element-9f920ec elementor-widget elementor-widget-image\" data-id=\"9f920ec\" data-element_type=\"widget\" data-widget_type=\"image.default\">\n\t\t\t\t<div class=\"elementor-widget-container\">\n\t\t\t<style>\/*! elementor - v3.22.0 - 26-06-2024 *\/\n.elementor-widget-image{text-align:center}.elementor-widget-image a{display:inline-block}.elementor-widget-image a img[src$=\".svg\"]{width:48px}.elementor-widget-image img{vertical-align:middle;display:inline-block}<\/style>\t\t\t\t\t\t\t\t\t\t<img fetchpriority=\"high\" decoding=\"async\" width=\"700\" height=\"700\" src=\"https:\/\/energis8brasil.byteforce-ai.com\/wp-content\/uploads\/2024\/02\/pesados3.jpg\" class=\"attachment-large size-large wp-image-2068\" alt=\"Lubrificantes Energis 8 Brasil\" srcset=\"https:\/\/energis8brasil.byteforce-ai.com\/wp-content\/uploads\/2024\/02\/pesados3.jpg 700w, https:\/\/energis8brasil.byteforce-ai.com\/wp-content\/uploads\/2024\/02\/pesados3-300x300.jpg 300w, https:\/\/energis8brasil.byteforce-ai.com\/wp-content\/uploads\/2024\/02\/pesados3-100x100.jpg 100w, https:\/\/energis8brasil.byteforce-ai.com\/wp-content\/uploads\/2024\/02\/pesados3-600x600.jpg 600w, https:\/\/energis8brasil.byteforce-ai.com\/wp-content\/uploads\/2024\/02\/pesados3-64x64.jpg 64w, https:\/\/energis8brasil.byteforce-ai.com\/wp-content\/uploads\/2024\/02\/pesados3-150x150.jpg 150w, https:\/\/energis8brasil.byteforce-ai.com\/wp-content\/uploads\/2024\/02\/pesados3-12x12.jpg 12w, https:\/\/energis8brasil.byteforce-ai.com\/wp-content\/uploads\/2024\/02\/pesados3-200x200.jpg 200w\" sizes=\"(max-width: 700px) 100vw, 700px\" \/>\t\t\t\t\t\t\t\t\t\t\t\t\t<\/div>\n\t\t\t\t<\/div>\n\t\t\t\t<\/div>\n\t\t\t\t\t<\/div>\n\t\t\t\t<\/div>\n\t\t\t\t<div class=\"elementor-element elementor-element-ddb525b elementor-widget elementor-widget-eael-woo-product-list\" data-id=\"ddb525b\" data-element_type=\"widget\" data-widget_type=\"eael-woo-product-list.default\">\n\t\t\t\t<div class=\"elementor-widget-container\">\n\t\t\t\n        <div class=\"eael-product-list-wrapper preset-1\">\n            <div class=\"eael-product-list-body woocommerce\">\n                <div class=\"eael-product-list-container\">\n                    <div class=\"eael-post-appender\">\n                        <div class=\"product post-2590 type-product status-publish has-post-thumbnail product_cat-lubrificantes product_cat-veiculos-pesados first instock shipping-taxable product-type-simple\">\n    <div class=\"eael-product-list-item\">\n                \n        <div class=\"eael-product-list-image-wrap\">\n                                                    \n            \n                <img decoding=\"async\" width=\"257\" height=\"300\" src=\"https:\/\/energis8brasil.byteforce-ai.com\/wp-content\/uploads\/2024\/03\/Maxi-Turbo-Top-Plus-CJ-4-257x300.jpg\" class=\"attachment-medium size-medium\" alt=\"\" loading=\"eager\" \/>            \n            \n                        <ul class=\"eael-product-list-buttons-on-hover\">\n                                <li class=\"eael-product-list-add-to-cart-button eael-m-0\">\n                    <a href=\"https:\/\/energis8brasil.byteforce-ai.com\/en\/product\/maxi-turbo-top-plus-cj-4\/\" aria-describedby=\"woocommerce_loop_add_to_cart_link_describedby_2590\" data-quantity=\"1\" class=\"button product_type_simple\" data-product_id=\"2590\" data-product_sku=\"\" aria-label=\"Read more about \u201cMaxi Turbo Top Plus CJ-4\u201d\" rel=\"nofollow\" data-no-translation=\"\" data-trp-gettext=\"\" data-no-translation-aria-label=\"\">Read more<\/a><span id=\"woocommerce_loop_add_to_cart_link_describedby_2590\" class=\"screen-reader-text\">\n\t<\/span>\n                <\/li>\n                \n                \n                                <li class=\"eael-product-list-link-button eael-m-0\">\n                    <a href=\"https:\/\/energis8brasil.byteforce-ai.com\/en\/product\/maxi-turbo-top-plus-cj-4\/\"><i class=\"fas fa-link\"><\/i><\/a>\n                <\/li>\n                            <\/ul>\n                    <\/div>\n\n        <div class=\"eael-product-list-content-wrap\">\n            \n            <div class=\"eael-product-list-content-header\" >\n                                \n                <div class=\"eael-product-list-notice eael-product-list-notice-shiping-free\">\n                     \n                    <p>\n                        <i class=\"fas fa-box\"><\/i>\n                        Lubricants                    <\/p>\n                                    <\/div>\n            <\/div>\n            <div class=\"eael-product-list-content-body\">\n                            <h2 class=\"eael-product-list-title\">\n                                <a href=\"https:\/\/energis8brasil.byteforce-ai.com\/en\/product\/maxi-turbo-top-plus-cj-4\/\" class=\"woocommerce-LoopProduct-link woocommerce-loop-product__link\" target=\"_blank\">\n                    Maxi Turbo Top Plus CJ-4                <\/a>\n                            <\/h2>\n        \n                                <div class=\"eael-product-list-excerpt\">\n                    \u00d3leo lubrificante multiviscoso a base de \u00f3leos minerais hidroprocessados de alt\u00edssimo desempenho, projetado para cumprir com os requisitos mais exigentes dos motores a diesel turbinados de baixa emiss\u00e3o que operem...                <\/div>\n                \n                            <\/div>\n            <div class=\"eael-product-list-content-footer\">\n                \n                                <div class=\"eael-product-list-buttons\">\n                                        <p class=\"eael-product-list-add-to-cart-button eael-m-0\"><a href=\"https:\/\/energis8brasil.byteforce-ai.com\/en\/product\/maxi-turbo-top-plus-cj-4\/\" aria-describedby=\"woocommerce_loop_add_to_cart_link_describedby_2590\" data-quantity=\"1\" class=\"button product_type_simple\" data-product_id=\"2590\" data-product_sku=\"\" aria-label=\"Read more about \u201cMaxi Turbo Top Plus CJ-4\u201d\" rel=\"nofollow\" data-no-translation=\"\" data-trp-gettext=\"\" data-no-translation-aria-label=\"\">Read more<\/a><span id=\"woocommerce_loop_add_to_cart_link_describedby_2590\" class=\"screen-reader-text\">\n\t<\/span>\n<\/p>\n                    \n                                    <\/div>\n                            <\/div>\n        <\/div>\n    <\/div>\n<\/div><div class=\"product post-2588 type-product status-publish has-post-thumbnail product_cat-lubrificantes product_cat-veiculos-pesados  instock shipping-taxable product-type-simple\">\n    <div class=\"eael-product-list-item\">\n                \n        <div class=\"eael-product-list-image-wrap\">\n                                                    \n            \n                <img decoding=\"async\" width=\"257\" height=\"300\" src=\"https:\/\/energis8brasil.byteforce-ai.com\/wp-content\/uploads\/2024\/03\/Maxi-Turbo-CI-4-257x300.jpg\" class=\"attachment-medium size-medium\" alt=\"\" loading=\"eager\" \/>            \n            \n                        <ul class=\"eael-product-list-buttons-on-hover\">\n                                <li class=\"eael-product-list-add-to-cart-button eael-m-0\">\n                    <a href=\"https:\/\/energis8brasil.byteforce-ai.com\/en\/product\/maxi-turbo-ci-4\/\" aria-describedby=\"woocommerce_loop_add_to_cart_link_describedby_2588\" data-quantity=\"1\" class=\"button product_type_simple\" data-product_id=\"2588\" data-product_sku=\"\" aria-label=\"Read more about \u201cMaxi Turbo CI-4\u201d\" rel=\"nofollow\" data-no-translation=\"\" data-trp-gettext=\"\" data-no-translation-aria-label=\"\">Read more<\/a><span id=\"woocommerce_loop_add_to_cart_link_describedby_2588\" class=\"screen-reader-text\">\n\t<\/span>\n                <\/li>\n                \n                \n                                <li class=\"eael-product-list-link-button eael-m-0\">\n                    <a href=\"https:\/\/energis8brasil.byteforce-ai.com\/en\/product\/maxi-turbo-ci-4\/\"><i class=\"fas fa-link\"><\/i><\/a>\n                <\/li>\n                            <\/ul>\n                    <\/div>\n\n        <div class=\"eael-product-list-content-wrap\">\n            \n            <div class=\"eael-product-list-content-header\" >\n                                \n                <div class=\"eael-product-list-notice eael-product-list-notice-shiping-free\">\n                     \n                    <p>\n                        <i class=\"fas fa-box\"><\/i>\n                        Lubricants                    <\/p>\n                                    <\/div>\n            <\/div>\n            <div class=\"eael-product-list-content-body\">\n                            <h2 class=\"eael-product-list-title\">\n                                <a href=\"https:\/\/energis8brasil.byteforce-ai.com\/en\/product\/maxi-turbo-ci-4\/\" class=\"woocommerce-LoopProduct-link woocommerce-loop-product__link\" target=\"_blank\">\n                    Maxi Turbo CI-4                <\/a>\n                            <\/h2>\n        \n                                <div class=\"eael-product-list-excerpt\">\n                    \u00d3leo multiviscoso formulado para atender as especifica\u00e7\u00f5es de motores ciclo diesel de \u00faltima gera\u00e7\u00e3o, turboalimentados ou aspirados de alta pot\u00eancia, utilizados em diversos tipos de servi\u00e7os. Este produto possui composi\u00e7\u00e3o...                <\/div>\n                \n                            <\/div>\n            <div class=\"eael-product-list-content-footer\">\n                \n                                <div class=\"eael-product-list-buttons\">\n                                        <p class=\"eael-product-list-add-to-cart-button eael-m-0\"><a href=\"https:\/\/energis8brasil.byteforce-ai.com\/en\/product\/maxi-turbo-ci-4\/\" aria-describedby=\"woocommerce_loop_add_to_cart_link_describedby_2588\" data-quantity=\"1\" class=\"button product_type_simple\" data-product_id=\"2588\" data-product_sku=\"\" aria-label=\"Read more about \u201cMaxi Turbo CI-4\u201d\" rel=\"nofollow\" data-no-translation=\"\" data-trp-gettext=\"\" data-no-translation-aria-label=\"\">Read more<\/a><span id=\"woocommerce_loop_add_to_cart_link_describedby_2588\" class=\"screen-reader-text\">\n\t<\/span>\n<\/p>\n                    \n                                    <\/div>\n                            <\/div>\n        <\/div>\n    <\/div>\n<\/div>                    <\/div>\n\n                    \n                <\/div>\n            <\/div>\n        <\/div>\n\n\t\t\t\t<\/div>\n\t\t\t\t<\/div>\n\t\t\t\t\t<\/div>\n\t\t\t\t<\/div>\n\t\t\t\t<\/div>","protected":false},"excerpt":{"rendered":"<p>Lubrificantes Ve\u00edculos Pesados Com uma linha de lubrificantes para ve\u00edculos movidos a diesel que alia tecnologia, desempenho e performance, maiores intervalos entre trocas, maior vida \u00fatil do motor, menor consumo de \u00f3leo diesel e melhor controle dos gases gerados na combust\u00e3o,nossos produtos atendem as mais rigorosas e exigentes normas dos fabricantes para motores diesel. Quando&hellip;&nbsp;<a href=\"https:\/\/energis8brasil.byteforce-ai.com\/en\/product\/maxi-turbo-ci-4\/\" class=\"\" rel=\"bookmark\">Read More &raquo;<span class=\"screen-reader-text\">Maxi Turbo CI-4<\/span><\/a><\/p>","protected":false},"author":1,"featured_media":0,"parent":0,"menu_order":0,"comment_status":"closed","ping_status":"closed","template":"page-templates\/template-pagebuilder-full-width.php","meta":{"neve_meta_sidebar":"","neve_meta_container":"","neve_meta_enable_content_width":"","neve_meta_content_width":0,"neve_meta_title_alignment":"","neve_meta_author_avatar":"","neve_post_elements_order":"","neve_meta_disable_header":"","neve_meta_disable_footer":"","neve_meta_disable_title":"","_mc_calendar":[],"footnotes":""},"class_list":["post-2627","page","type-page","status-publish","hentry"],"_links":{"self":[{"href":"https:\/\/energis8brasil.byteforce-ai.com\/en\/wp-json\/wp\/v2\/pages\/2627","targetHints":{"allow":["GET"]}}],"collection":[{"href":"https:\/\/energis8brasil.byteforce-ai.com\/en\/wp-json\/wp\/v2\/pages"}],"about":[{"href":"https:\/\/energis8brasil.byteforce-ai.com\/en\/wp-json\/wp\/v2\/types\/page"}],"author":[{"embeddable":true,"href":"https:\/\/energis8brasil.byteforce-ai.com\/en\/wp-json\/wp\/v2\/users\/1"}],"replies":[{"embeddable":true,"href":"https:\/\/energis8brasil.byteforce-ai.com\/en\/wp-json\/wp\/v2\/comments?post=2627"}],"version-history":[{"count":4,"href":"https:\/\/energis8brasil.byteforce-ai.com\/en\/wp-json\/wp\/v2\/pages\/2627\/revisions"}],"predecessor-version":[{"id":2656,"href":"https:\/\/energis8brasil.byteforce-ai.com\/en\/wp-json\/wp\/v2\/pages\/2627\/revisions\/2656"}],"wp:attachment":[{"href":"https:\/\/energis8brasil.byteforce-ai.com\/en\/wp-json\/wp\/v2\/media?parent=2627"}],"curies":[{"name":"wp","href":"https:\/\/api.w.org\/{rel}","templated":true}]}}