{"id":2625,"date":"2024-03-22T13:43:26","date_gmt":"2024-03-22T16:43:26","guid":{"rendered":"https:\/\/energis8brasil.byteforce-ai.com\/?page_id=2625"},"modified":"2024-03-22T13:52:45","modified_gmt":"2024-03-22T16:52:45","slug":"lubrificantes-motos","status":"publish","type":"page","link":"https:\/\/energis8brasil.byteforce-ai.com\/en\/lubrificantes-motos\/","title":{"rendered":"Lubrificantes &#8211; Motos"},"content":{"rendered":"<div data-elementor-type=\"wp-page\" data-elementor-id=\"2625\" class=\"elementor elementor-2625\">\n\t\t\t\t<div class=\"elementor-element elementor-element-cbb39af e-flex e-con-boxed e-con e-parent\" data-id=\"cbb39af\" data-element_type=\"container\" data-settings=\"{&quot;background_background&quot;:&quot;classic&quot;}\">\n\t\t\t\t\t<div class=\"e-con-inner\">\n\t\t\t\t<div class=\"elementor-element elementor-element-9b081fb animated-slow elementor-invisible elementor-widget elementor-widget-heading\" data-id=\"9b081fb\" data-element_type=\"widget\" data-settings=\"{&quot;_animation&quot;:&quot;fadeInRight&quot;,&quot;_animation_tablet&quot;:&quot;fadeIn&quot;}\" data-widget_type=\"heading.default\">\n\t\t\t\t<div class=\"elementor-widget-container\">\n\t\t\t<style>\/*! elementor - v3.22.0 - 26-06-2024 *\/\n.elementor-heading-title{padding:0;margin:0;line-height:1}.elementor-widget-heading .elementor-heading-title[class*=elementor-size-]>a{color:inherit;font-size:inherit;line-height:inherit}.elementor-widget-heading .elementor-heading-title.elementor-size-small{font-size:15px}.elementor-widget-heading .elementor-heading-title.elementor-size-medium{font-size:19px}.elementor-widget-heading .elementor-heading-title.elementor-size-large{font-size:29px}.elementor-widget-heading .elementor-heading-title.elementor-size-xl{font-size:39px}.elementor-widget-heading .elementor-heading-title.elementor-size-xxl{font-size:59px}<\/style><h2 class=\"elementor-heading-title elementor-size-default\">Lubricants<\/h2>\t\t<\/div>\n\t\t\t\t<\/div>\n\t\t\t\t\t<\/div>\n\t\t\t\t<\/div>\n\t\t<div class=\"elementor-element elementor-element-2495357 e-flex e-con-boxed e-con e-parent\" data-id=\"2495357\" data-element_type=\"container\" data-settings=\"{&quot;background_background&quot;:&quot;classic&quot;}\">\n\t\t\t\t\t<div class=\"e-con-inner\">\n\t\t<div class=\"elementor-element elementor-element-0ec50ed e-flex e-con-boxed e-con e-child\" data-id=\"0ec50ed\" data-element_type=\"container\">\n\t\t\t\t\t<div class=\"e-con-inner\">\n\t\t<div class=\"elementor-element elementor-element-c77872f e-con-full e-flex e-con e-child\" data-id=\"c77872f\" data-element_type=\"container\">\n\t\t\t\t<div class=\"elementor-element elementor-element-e5b248b elementor-widget elementor-widget-heading\" data-id=\"e5b248b\" data-element_type=\"widget\" data-widget_type=\"heading.default\">\n\t\t\t\t<div class=\"elementor-widget-container\">\n\t\t\t<h2 class=\"elementor-heading-title elementor-size-default\">Motos<\/h2>\t\t<\/div>\n\t\t\t\t<\/div>\n\t\t\t\t<div class=\"elementor-element elementor-element-119278a elementor-widget elementor-widget-text-editor\" data-id=\"119278a\" data-element_type=\"widget\" data-widget_type=\"text-editor.default\">\n\t\t\t\t<div class=\"elementor-widget-container\">\n\t\t\t<style>\/*! elementor - v3.22.0 - 26-06-2024 *\/\n.elementor-widget-text-editor.elementor-drop-cap-view-stacked .elementor-drop-cap{background-color:#69727d;color:#fff}.elementor-widget-text-editor.elementor-drop-cap-view-framed .elementor-drop-cap{color:#69727d;border:3px solid;background-color:transparent}.elementor-widget-text-editor:not(.elementor-drop-cap-view-default) .elementor-drop-cap{margin-top:8px}.elementor-widget-text-editor:not(.elementor-drop-cap-view-default) .elementor-drop-cap-letter{width:1em;height:1em}.elementor-widget-text-editor .elementor-drop-cap{float:left;text-align:center;line-height:1;font-size:50px}.elementor-widget-text-editor .elementor-drop-cap-letter{display:inline-block}<\/style>\t\t\t\t<p>The line of lubricants for motorcycles serves the most varied categories of use and performance, such as: sport, scooter, street, trail, custom, tricycles and quadricycles. We provide users with a line of products that provide performance, savings and a longer useful life for your motorcycle.<\/p><p>The lubricants in the motorcycle line meet the main standards established by manufacturers for this segment.<\/p><p>We also offer a unique product for this market, Maxi Fork Oil, a fluid specially developed for motorcycle forks.<\/p><p>\u2013 Always consult the manufacturer\u2019s manual and follow the recommendations indicated.<\/p>\t\t\t\t\t\t<\/div>\n\t\t\t\t<\/div>\n\t\t\t\t<\/div>\n\t\t<div class=\"elementor-element elementor-element-bffea51 e-con-full e-flex e-con e-child\" data-id=\"bffea51\" data-element_type=\"container\">\n\t\t\t\t<div class=\"elementor-element elementor-element-3dc4bd4 elementor-widget elementor-widget-image\" data-id=\"3dc4bd4\" data-element_type=\"widget\" data-widget_type=\"image.default\">\n\t\t\t\t<div class=\"elementor-widget-container\">\n\t\t\t<style>\/*! elementor - v3.22.0 - 26-06-2024 *\/\n.elementor-widget-image{text-align:center}.elementor-widget-image a{display:inline-block}.elementor-widget-image a img[src$=\".svg\"]{width:48px}.elementor-widget-image img{vertical-align:middle;display:inline-block}<\/style>\t\t\t\t\t\t\t\t\t\t<img fetchpriority=\"high\" decoding=\"async\" width=\"700\" height=\"700\" src=\"https:\/\/energis8brasil.byteforce-ai.com\/wp-content\/uploads\/2024\/02\/motos2.jpg\" class=\"attachment-large size-large wp-image-2067\" alt=\"Lubrificantes Energis 8 Brasil\" srcset=\"https:\/\/energis8brasil.byteforce-ai.com\/wp-content\/uploads\/2024\/02\/motos2.jpg 700w, https:\/\/energis8brasil.byteforce-ai.com\/wp-content\/uploads\/2024\/02\/motos2-300x300.jpg 300w, https:\/\/energis8brasil.byteforce-ai.com\/wp-content\/uploads\/2024\/02\/motos2-100x100.jpg 100w, https:\/\/energis8brasil.byteforce-ai.com\/wp-content\/uploads\/2024\/02\/motos2-600x600.jpg 600w, https:\/\/energis8brasil.byteforce-ai.com\/wp-content\/uploads\/2024\/02\/motos2-64x64.jpg 64w, https:\/\/energis8brasil.byteforce-ai.com\/wp-content\/uploads\/2024\/02\/motos2-150x150.jpg 150w, https:\/\/energis8brasil.byteforce-ai.com\/wp-content\/uploads\/2024\/02\/motos2-12x12.jpg 12w, https:\/\/energis8brasil.byteforce-ai.com\/wp-content\/uploads\/2024\/02\/motos2-200x200.jpg 200w\" sizes=\"(max-width: 700px) 100vw, 700px\" \/>\t\t\t\t\t\t\t\t\t\t\t\t\t<\/div>\n\t\t\t\t<\/div>\n\t\t\t\t<\/div>\n\t\t\t\t\t<\/div>\n\t\t\t\t<\/div>\n\t\t\t\t<div class=\"elementor-element elementor-element-ddb525b elementor-widget elementor-widget-eael-woo-product-list\" data-id=\"ddb525b\" data-element_type=\"widget\" data-widget_type=\"eael-woo-product-list.default\">\n\t\t\t\t<div class=\"elementor-widget-container\">\n\t\t\t\n        <div class=\"eael-product-list-wrapper preset-1\">\n            <div class=\"eael-product-list-body woocommerce\">\n                <div class=\"eael-product-list-container\">\n                    <div class=\"eael-post-appender\">\n                        <div class=\"product post-2586 type-product status-publish has-post-thumbnail product_cat-lubrificantes product_cat-motos first instock shipping-taxable product-type-simple\">\n    <div class=\"eael-product-list-item\">\n                \n        <div class=\"eael-product-list-image-wrap\">\n                                                    \n            \n                <img decoding=\"async\" width=\"207\" height=\"300\" src=\"https:\/\/energis8brasil.byteforce-ai.com\/wp-content\/uploads\/2024\/03\/Vorax-Moto-Racing-207x300.jpg\" class=\"attachment-medium size-medium\" alt=\"\" loading=\"eager\" \/>            \n            \n                        <ul class=\"eael-product-list-buttons-on-hover\">\n                                <li class=\"eael-product-list-add-to-cart-button eael-m-0\">\n                    <a href=\"https:\/\/energis8brasil.byteforce-ai.com\/en\/product\/vorax-moto-racing\/\" aria-describedby=\"woocommerce_loop_add_to_cart_link_describedby_2586\" data-quantity=\"1\" class=\"button product_type_simple\" data-product_id=\"2586\" data-product_sku=\"\" aria-label=\"Read more about \u201cVorax Moto Racing\u201d\" rel=\"nofollow\" data-no-translation=\"\" data-trp-gettext=\"\" data-no-translation-aria-label=\"\">Read more<\/a><span id=\"woocommerce_loop_add_to_cart_link_describedby_2586\" class=\"screen-reader-text\">\n\t<\/span>\n                <\/li>\n                \n                \n                                <li class=\"eael-product-list-link-button eael-m-0\">\n                    <a href=\"https:\/\/energis8brasil.byteforce-ai.com\/en\/product\/vorax-moto-racing\/\"><i class=\"fas fa-link\"><\/i><\/a>\n                <\/li>\n                            <\/ul>\n                    <\/div>\n\n        <div class=\"eael-product-list-content-wrap\">\n            \n            <div class=\"eael-product-list-content-header\" >\n                                \n                <div class=\"eael-product-list-notice eael-product-list-notice-shiping-free\">\n                     \n                    <p>\n                        <i class=\"fas fa-box\"><\/i>\n                        Lubricants                    <\/p>\n                                    <\/div>\n            <\/div>\n            <div class=\"eael-product-list-content-body\">\n                            <h2 class=\"eael-product-list-title\">\n                                <a href=\"https:\/\/energis8brasil.byteforce-ai.com\/en\/product\/vorax-moto-racing\/\" class=\"woocommerce-LoopProduct-link woocommerce-loop-product__link\" target=\"_blank\">\n                    Vorax Moto Racing                <\/a>\n                            <\/h2>\n        \n                                <div class=\"eael-product-list-excerpt\">\n                    Lubrificante semissint\u00e9tico indicado para motocicletas com motores 4 tempos que operam em condi\u00e7\u00f5es extremas e temperatura elevadas. Utilizando uma combina\u00e7\u00e3o perfeita entre b\u00e1sicos minerais e sint\u00e9ticos e um avan\u00e7ado pacote...                <\/div>\n                \n                            <\/div>\n            <div class=\"eael-product-list-content-footer\">\n                \n                                <div class=\"eael-product-list-buttons\">\n                                        <p class=\"eael-product-list-add-to-cart-button eael-m-0\"><a href=\"https:\/\/energis8brasil.byteforce-ai.com\/en\/product\/vorax-moto-racing\/\" aria-describedby=\"woocommerce_loop_add_to_cart_link_describedby_2586\" data-quantity=\"1\" class=\"button product_type_simple\" data-product_id=\"2586\" data-product_sku=\"\" aria-label=\"Read more about \u201cVorax Moto Racing\u201d\" rel=\"nofollow\" data-no-translation=\"\" data-trp-gettext=\"\" data-no-translation-aria-label=\"\">Read more<\/a><span id=\"woocommerce_loop_add_to_cart_link_describedby_2586\" class=\"screen-reader-text\">\n\t<\/span>\n<\/p>\n                    \n                                    <\/div>\n                            <\/div>\n        <\/div>\n    <\/div>\n<\/div><div class=\"product post-2584 type-product status-publish has-post-thumbnail product_cat-lubrificantes product_cat-motos  instock shipping-taxable product-type-simple\">\n    <div class=\"eael-product-list-item\">\n                \n        <div class=\"eael-product-list-image-wrap\">\n                                                    \n            \n                <img decoding=\"async\" width=\"207\" height=\"300\" src=\"https:\/\/energis8brasil.byteforce-ai.com\/wp-content\/uploads\/2024\/03\/Vorax-4T-Special-SL-207x300.jpg\" class=\"attachment-medium size-medium\" alt=\"\" loading=\"eager\" \/>            \n            \n                        <ul class=\"eael-product-list-buttons-on-hover\">\n                                <li class=\"eael-product-list-add-to-cart-button eael-m-0\">\n                    <a href=\"https:\/\/energis8brasil.byteforce-ai.com\/en\/product\/vorax-4t-special-sl\/\" aria-describedby=\"woocommerce_loop_add_to_cart_link_describedby_2584\" data-quantity=\"1\" class=\"button product_type_simple\" data-product_id=\"2584\" data-product_sku=\"\" aria-label=\"Read more about \u201cVorax 4T Special SL\u201d\" rel=\"nofollow\" data-no-translation=\"\" data-trp-gettext=\"\" data-no-translation-aria-label=\"\">Read more<\/a><span id=\"woocommerce_loop_add_to_cart_link_describedby_2584\" class=\"screen-reader-text\">\n\t<\/span>\n                <\/li>\n                \n                \n                                <li class=\"eael-product-list-link-button eael-m-0\">\n                    <a href=\"https:\/\/energis8brasil.byteforce-ai.com\/en\/product\/vorax-4t-special-sl\/\"><i class=\"fas fa-link\"><\/i><\/a>\n                <\/li>\n                            <\/ul>\n                    <\/div>\n\n        <div class=\"eael-product-list-content-wrap\">\n            \n            <div class=\"eael-product-list-content-header\" >\n                                \n                <div class=\"eael-product-list-notice eael-product-list-notice-shiping-free\">\n                     \n                    <p>\n                        <i class=\"fas fa-box\"><\/i>\n                        Lubricants                    <\/p>\n                                    <\/div>\n            <\/div>\n            <div class=\"eael-product-list-content-body\">\n                            <h2 class=\"eael-product-list-title\">\n                                <a href=\"https:\/\/energis8brasil.byteforce-ai.com\/en\/product\/vorax-4t-special-sl\/\" class=\"woocommerce-LoopProduct-link woocommerce-loop-product__link\" target=\"_blank\">\n                    Vorax 4T Special SL                <\/a>\n                            <\/h2>\n        \n                                <div class=\"eael-product-list-excerpt\">\n                    Lubrificante mineral multiviscoso de alta performance para motocicletas equipadas com motores 4 tempos. Especialmente desenvolvido para todos os tipos de motocicletas que necessitam de um \u00f3leo com essas caracter\u00edsticas. Formulado...                <\/div>\n                \n                            <\/div>\n            <div class=\"eael-product-list-content-footer\">\n                \n                                <div class=\"eael-product-list-buttons\">\n                                        <p class=\"eael-product-list-add-to-cart-button eael-m-0\"><a href=\"https:\/\/energis8brasil.byteforce-ai.com\/en\/product\/vorax-4t-special-sl\/\" aria-describedby=\"woocommerce_loop_add_to_cart_link_describedby_2584\" data-quantity=\"1\" class=\"button product_type_simple\" data-product_id=\"2584\" data-product_sku=\"\" aria-label=\"Read more about \u201cVorax 4T Special SL\u201d\" rel=\"nofollow\" data-no-translation=\"\" data-trp-gettext=\"\" data-no-translation-aria-label=\"\">Read more<\/a><span id=\"woocommerce_loop_add_to_cart_link_describedby_2584\" class=\"screen-reader-text\">\n\t<\/span>\n<\/p>\n                    \n                                    <\/div>\n                            <\/div>\n        <\/div>\n    <\/div>\n<\/div>                    <\/div>\n\n                    \n                <\/div>\n            <\/div>\n        <\/div>\n\n\t\t\t\t<\/div>\n\t\t\t\t<\/div>\n\t\t\t\t\t<\/div>\n\t\t\t\t<\/div>\n\t\t\t\t<\/div>","protected":false},"excerpt":{"rendered":"<p>Lubrificantes Motos A linha de lubrificantes para motocicletas atende as mais variadas categorias de uso e performance, tais como: sport, scooter, street, trail, custom, triciclos e quadriciclos. Disponibilizamos aos usu\u00e1rios, uma linha de produtos que propicia desempenho, economia e maior vida \u00fatil para sua motocicleta. Os lubrificantes da linha para motocicletas atendem as principais normas&hellip;&nbsp;<a href=\"https:\/\/energis8brasil.byteforce-ai.com\/en\/product\/vorax-4t-special-sl\/\" class=\"\" rel=\"bookmark\">Read More &raquo;<span class=\"screen-reader-text\">Vorax 4T Special SL<\/span><\/a><\/p>","protected":false},"author":1,"featured_media":0,"parent":0,"menu_order":0,"comment_status":"closed","ping_status":"closed","template":"page-templates\/template-pagebuilder-full-width.php","meta":{"neve_meta_sidebar":"","neve_meta_container":"","neve_meta_enable_content_width":"","neve_meta_content_width":0,"neve_meta_title_alignment":"","neve_meta_author_avatar":"","neve_post_elements_order":"","neve_meta_disable_header":"","neve_meta_disable_footer":"","neve_meta_disable_title":"","_mc_calendar":[],"footnotes":""},"class_list":["post-2625","page","type-page","status-publish","hentry"],"_links":{"self":[{"href":"https:\/\/energis8brasil.byteforce-ai.com\/en\/wp-json\/wp\/v2\/pages\/2625","targetHints":{"allow":["GET"]}}],"collection":[{"href":"https:\/\/energis8brasil.byteforce-ai.com\/en\/wp-json\/wp\/v2\/pages"}],"about":[{"href":"https:\/\/energis8brasil.byteforce-ai.com\/en\/wp-json\/wp\/v2\/types\/page"}],"author":[{"embeddable":true,"href":"https:\/\/energis8brasil.byteforce-ai.com\/en\/wp-json\/wp\/v2\/users\/1"}],"replies":[{"embeddable":true,"href":"https:\/\/energis8brasil.byteforce-ai.com\/en\/wp-json\/wp\/v2\/comments?post=2625"}],"version-history":[{"count":10,"href":"https:\/\/energis8brasil.byteforce-ai.com\/en\/wp-json\/wp\/v2\/pages\/2625\/revisions"}],"predecessor-version":[{"id":2641,"href":"https:\/\/energis8brasil.byteforce-ai.com\/en\/wp-json\/wp\/v2\/pages\/2625\/revisions\/2641"}],"wp:attachment":[{"href":"https:\/\/energis8brasil.byteforce-ai.com\/en\/wp-json\/wp\/v2\/media?parent=2625"}],"curies":[{"name":"wp","href":"https:\/\/api.w.org\/{rel}","templated":true}]}}