{"id":2344,"date":"2024-03-05T22:16:51","date_gmt":"2024-03-06T01:16:51","guid":{"rendered":"https:\/\/energis8brasil.byteforce-ai.com\/?page_id=2344"},"modified":"2024-03-22T13:55:59","modified_gmt":"2024-03-22T16:55:59","slug":"lubrificantes-veiculos-leves","status":"publish","type":"page","link":"https:\/\/energis8brasil.byteforce-ai.com\/en\/lubrificantes-veiculos-leves\/","title":{"rendered":"Lubrificantes &#8211; Ve\u00edculos Leves"},"content":{"rendered":"<div data-elementor-type=\"wp-page\" data-elementor-id=\"2344\" class=\"elementor elementor-2344\">\n\t\t\t\t<div class=\"elementor-element elementor-element-cbb39af e-flex e-con-boxed e-con e-parent\" data-id=\"cbb39af\" data-element_type=\"container\" data-settings=\"{&quot;background_background&quot;:&quot;classic&quot;}\">\n\t\t\t\t\t<div class=\"e-con-inner\">\n\t\t\t\t<div class=\"elementor-element elementor-element-9b081fb animated-slow elementor-invisible elementor-widget elementor-widget-heading\" data-id=\"9b081fb\" data-element_type=\"widget\" data-settings=\"{&quot;_animation&quot;:&quot;fadeInRight&quot;,&quot;_animation_tablet&quot;:&quot;fadeIn&quot;}\" data-widget_type=\"heading.default\">\n\t\t\t\t<div class=\"elementor-widget-container\">\n\t\t\t<style>\/*! elementor - v3.22.0 - 26-06-2024 *\/\n.elementor-heading-title{padding:0;margin:0;line-height:1}.elementor-widget-heading .elementor-heading-title[class*=elementor-size-]>a{color:inherit;font-size:inherit;line-height:inherit}.elementor-widget-heading .elementor-heading-title.elementor-size-small{font-size:15px}.elementor-widget-heading .elementor-heading-title.elementor-size-medium{font-size:19px}.elementor-widget-heading .elementor-heading-title.elementor-size-large{font-size:29px}.elementor-widget-heading .elementor-heading-title.elementor-size-xl{font-size:39px}.elementor-widget-heading .elementor-heading-title.elementor-size-xxl{font-size:59px}<\/style><h2 class=\"elementor-heading-title elementor-size-default\">Lubricants<\/h2>\t\t<\/div>\n\t\t\t\t<\/div>\n\t\t\t\t\t<\/div>\n\t\t\t\t<\/div>\n\t\t<div class=\"elementor-element elementor-element-2495357 e-flex e-con-boxed e-con e-parent\" data-id=\"2495357\" data-element_type=\"container\" data-settings=\"{&quot;background_background&quot;:&quot;classic&quot;}\">\n\t\t\t\t\t<div class=\"e-con-inner\">\n\t\t<div class=\"elementor-element elementor-element-04d447d e-flex e-con-boxed e-con e-child\" data-id=\"04d447d\" data-element_type=\"container\">\n\t\t\t\t\t<div class=\"e-con-inner\">\n\t\t<div class=\"elementor-element elementor-element-a7c11a2 e-con-full e-flex e-con e-child\" data-id=\"a7c11a2\" data-element_type=\"container\">\n\t\t\t\t<div class=\"elementor-element elementor-element-a7180e0 elementor-widget elementor-widget-heading\" data-id=\"a7180e0\" data-element_type=\"widget\" data-widget_type=\"heading.default\">\n\t\t\t\t<div class=\"elementor-widget-container\">\n\t\t\t<h2 class=\"elementor-heading-title elementor-size-default\">Ve\u00edculos Leves<\/h2>\t\t<\/div>\n\t\t\t\t<\/div>\n\t\t\t\t<div class=\"elementor-element elementor-element-0e82041 elementor-widget elementor-widget-text-editor\" data-id=\"0e82041\" data-element_type=\"widget\" data-widget_type=\"text-editor.default\">\n\t\t\t\t<div class=\"elementor-widget-container\">\n\t\t\t<style>\/*! elementor - v3.22.0 - 26-06-2024 *\/\n.elementor-widget-text-editor.elementor-drop-cap-view-stacked .elementor-drop-cap{background-color:#69727d;color:#fff}.elementor-widget-text-editor.elementor-drop-cap-view-framed .elementor-drop-cap{color:#69727d;border:3px solid;background-color:transparent}.elementor-widget-text-editor:not(.elementor-drop-cap-view-default) .elementor-drop-cap{margin-top:8px}.elementor-widget-text-editor:not(.elementor-drop-cap-view-default) .elementor-drop-cap-letter{width:1em;height:1em}.elementor-widget-text-editor .elementor-drop-cap{float:left;text-align:center;line-height:1;font-size:50px}.elementor-widget-text-editor .elementor-drop-cap-letter{display:inline-block}<\/style>\t\t\t\t<p>The subsidiary Energis 8 Agroqu\u00edmica of the Energis 8 Brasil group sells a line of lubricants for all types of national and\/or imported passenger vehicles, powered by gasoline, alcohol, flex, diesel and CNG. Complying with the most rigorous quality standards of the manufacturers of these vehicles.<\/p><p>The performance of lubricants for the passenger vehicle line is attested through rigorous quality control that carries out 65 stages of laboratory analysis until the product reaches the consumer.<\/p><p>It is with this rigor and control in the manufacturing of our lubricants that we guarantee you, the consumer, a product with excellent performance.<\/p><p><strong><em>\u201cOur VORAX Brand will surprise you\u201d<\/em><\/strong><\/p><p>\u2013 Always consult the manufacturer\u2019s manual and follow the recommendations indicated.<\/p>\t\t\t\t\t\t<\/div>\n\t\t\t\t<\/div>\n\t\t\t\t<\/div>\n\t\t<div class=\"elementor-element elementor-element-d0c2faf e-con-full e-flex e-con e-child\" data-id=\"d0c2faf\" data-element_type=\"container\">\n\t\t\t\t<div class=\"elementor-element elementor-element-ec6b446 elementor-widget elementor-widget-image\" data-id=\"ec6b446\" data-element_type=\"widget\" data-widget_type=\"image.default\">\n\t\t\t\t<div class=\"elementor-widget-container\">\n\t\t\t<style>\/*! elementor - v3.22.0 - 26-06-2024 *\/\n.elementor-widget-image{text-align:center}.elementor-widget-image a{display:inline-block}.elementor-widget-image a img[src$=\".svg\"]{width:48px}.elementor-widget-image img{vertical-align:middle;display:inline-block}<\/style>\t\t\t\t\t\t\t\t\t\t<img fetchpriority=\"high\" decoding=\"async\" width=\"700\" height=\"700\" src=\"https:\/\/energis8brasil.byteforce-ai.com\/wp-content\/uploads\/2024\/02\/veiculos-leves2.jpg\" class=\"attachment-large size-large wp-image-2069\" alt=\"Lubrificantes Energis 8 Brasil\" srcset=\"https:\/\/energis8brasil.byteforce-ai.com\/wp-content\/uploads\/2024\/02\/veiculos-leves2.jpg 700w, https:\/\/energis8brasil.byteforce-ai.com\/wp-content\/uploads\/2024\/02\/veiculos-leves2-300x300.jpg 300w, https:\/\/energis8brasil.byteforce-ai.com\/wp-content\/uploads\/2024\/02\/veiculos-leves2-100x100.jpg 100w, https:\/\/energis8brasil.byteforce-ai.com\/wp-content\/uploads\/2024\/02\/veiculos-leves2-600x600.jpg 600w, https:\/\/energis8brasil.byteforce-ai.com\/wp-content\/uploads\/2024\/02\/veiculos-leves2-64x64.jpg 64w, https:\/\/energis8brasil.byteforce-ai.com\/wp-content\/uploads\/2024\/02\/veiculos-leves2-150x150.jpg 150w, https:\/\/energis8brasil.byteforce-ai.com\/wp-content\/uploads\/2024\/02\/veiculos-leves2-12x12.jpg 12w, https:\/\/energis8brasil.byteforce-ai.com\/wp-content\/uploads\/2024\/02\/veiculos-leves2-200x200.jpg 200w\" sizes=\"(max-width: 700px) 100vw, 700px\" \/>\t\t\t\t\t\t\t\t\t\t\t\t\t<\/div>\n\t\t\t\t<\/div>\n\t\t\t\t<\/div>\n\t\t\t\t\t<\/div>\n\t\t\t\t<\/div>\n\t\t\t\t<div class=\"elementor-element elementor-element-ddb525b elementor-widget elementor-widget-eael-woo-product-list\" data-id=\"ddb525b\" data-element_type=\"widget\" data-widget_type=\"eael-woo-product-list.default\">\n\t\t\t\t<div class=\"elementor-widget-container\">\n\t\t\t\n        <div class=\"eael-product-list-wrapper preset-1\">\n            <div class=\"eael-product-list-body woocommerce\">\n                <div class=\"eael-product-list-container\">\n                    <div class=\"eael-post-appender\">\n                        <div class=\"product post-2326 type-product status-publish has-post-thumbnail product_cat-lubrificantes product_cat-veiculos-leves product_tag-sinteticos first instock shipping-taxable product-type-simple\">\n    <div class=\"eael-product-list-item\">\n                \n        <div class=\"eael-product-list-image-wrap\">\n                                                    \n            \n                <img decoding=\"async\" width=\"207\" height=\"300\" src=\"https:\/\/energis8brasil.byteforce-ai.com\/wp-content\/uploads\/2024\/03\/Vorax-Synthetic-DX2-s-207x300.jpg\" class=\"attachment-medium size-medium\" alt=\"\" loading=\"eager\" \/>            \n            \n                        <ul class=\"eael-product-list-buttons-on-hover\">\n                                <li class=\"eael-product-list-add-to-cart-button eael-m-0\">\n                    <a href=\"https:\/\/energis8brasil.byteforce-ai.com\/en\/product\/vorax-synthetic-dx2\/\" aria-describedby=\"woocommerce_loop_add_to_cart_link_describedby_2326\" data-quantity=\"1\" class=\"button product_type_simple\" data-product_id=\"2326\" data-product_sku=\"\" aria-label=\"Read more about \u201cVorax Synthetic DX2\u201d\" rel=\"nofollow\" data-no-translation=\"\" data-trp-gettext=\"\" data-no-translation-aria-label=\"\">Read more<\/a><span id=\"woocommerce_loop_add_to_cart_link_describedby_2326\" class=\"screen-reader-text\">\n\t<\/span>\n                <\/li>\n                \n                \n                                <li class=\"eael-product-list-link-button eael-m-0\">\n                    <a href=\"https:\/\/energis8brasil.byteforce-ai.com\/en\/product\/vorax-synthetic-dx2\/\"><i class=\"fas fa-link\"><\/i><\/a>\n                <\/li>\n                            <\/ul>\n                    <\/div>\n\n        <div class=\"eael-product-list-content-wrap\">\n            \n            <div class=\"eael-product-list-content-header\" >\n                                \n                <div class=\"eael-product-list-notice eael-product-list-notice-shiping-free\">\n                     \n                    <p>\n                        <i class=\"fas fa-box\"><\/i>\n                        Lubricants                    <\/p>\n                                    <\/div>\n            <\/div>\n            <div class=\"eael-product-list-content-body\">\n                            <h2 class=\"eael-product-list-title\">\n                                <a href=\"https:\/\/energis8brasil.byteforce-ai.com\/en\/product\/vorax-synthetic-dx2\/\" class=\"woocommerce-LoopProduct-link woocommerce-loop-product__link\" target=\"_blank\">\n                    Vorax Synthetic DX2                <\/a>\n                            <\/h2>\n        \n                                <div class=\"eael-product-list-excerpt\">\n                    Linha de lubrificantes multiviscosos constitu\u00edda por bases semisint\u00e9ticas de elevado desempenho. Especialmente desenvolvido para todos os tipos de ve\u00edculos nacionais ou importados que necessitem de um lubrificante com essas caracter\u00edsticas....                <\/div>\n                \n                            <\/div>\n            <div class=\"eael-product-list-content-footer\">\n                \n                                <div class=\"eael-product-list-buttons\">\n                                        <p class=\"eael-product-list-add-to-cart-button eael-m-0\"><a href=\"https:\/\/energis8brasil.byteforce-ai.com\/en\/product\/vorax-synthetic-dx2\/\" aria-describedby=\"woocommerce_loop_add_to_cart_link_describedby_2326\" data-quantity=\"1\" class=\"button product_type_simple\" data-product_id=\"2326\" data-product_sku=\"\" aria-label=\"Read more about \u201cVorax Synthetic DX2\u201d\" rel=\"nofollow\" data-no-translation=\"\" data-trp-gettext=\"\" data-no-translation-aria-label=\"\">Read more<\/a><span id=\"woocommerce_loop_add_to_cart_link_describedby_2326\" class=\"screen-reader-text\">\n\t<\/span>\n<\/p>\n                    \n                                    <\/div>\n                            <\/div>\n        <\/div>\n    <\/div>\n<\/div><div class=\"product post-2325 type-product status-publish has-post-thumbnail product_cat-lubrificantes product_cat-veiculos-leves product_tag-sinteticos  instock shipping-taxable product-type-simple\">\n    <div class=\"eael-product-list-item\">\n                \n        <div class=\"eael-product-list-image-wrap\">\n                                                    \n            \n                <img decoding=\"async\" width=\"207\" height=\"300\" src=\"https:\/\/energis8brasil.byteforce-ai.com\/wp-content\/uploads\/2024\/03\/Vorax-Synthetic-DX1-s-207x300.jpg\" class=\"attachment-medium size-medium\" alt=\"\" loading=\"eager\" \/>            \n            \n                        <ul class=\"eael-product-list-buttons-on-hover\">\n                                <li class=\"eael-product-list-add-to-cart-button eael-m-0\">\n                    <a href=\"https:\/\/energis8brasil.byteforce-ai.com\/en\/product\/vorax-synthetic-dx1\/\" aria-describedby=\"woocommerce_loop_add_to_cart_link_describedby_2325\" data-quantity=\"1\" class=\"button product_type_simple\" data-product_id=\"2325\" data-product_sku=\"\" aria-label=\"Read more about \u201cVorax Synthetic DX1\u201d\" rel=\"nofollow\" data-no-translation=\"\" data-trp-gettext=\"\" data-no-translation-aria-label=\"\">Read more<\/a><span id=\"woocommerce_loop_add_to_cart_link_describedby_2325\" class=\"screen-reader-text\">\n\t<\/span>\n                <\/li>\n                \n                \n                                <li class=\"eael-product-list-link-button eael-m-0\">\n                    <a href=\"https:\/\/energis8brasil.byteforce-ai.com\/en\/product\/vorax-synthetic-dx1\/\"><i class=\"fas fa-link\"><\/i><\/a>\n                <\/li>\n                            <\/ul>\n                    <\/div>\n\n        <div class=\"eael-product-list-content-wrap\">\n            \n            <div class=\"eael-product-list-content-header\" >\n                                \n                <div class=\"eael-product-list-notice eael-product-list-notice-shiping-free\">\n                     \n                    <p>\n                        <i class=\"fas fa-box\"><\/i>\n                        Lubricants                    <\/p>\n                                    <\/div>\n            <\/div>\n            <div class=\"eael-product-list-content-body\">\n                            <h2 class=\"eael-product-list-title\">\n                                <a href=\"https:\/\/energis8brasil.byteforce-ai.com\/en\/product\/vorax-synthetic-dx1\/\" class=\"woocommerce-LoopProduct-link woocommerce-loop-product__link\" target=\"_blank\">\n                    Vorax Synthetic DX1                <\/a>\n                            <\/h2>\n        \n                                <div class=\"eael-product-list-excerpt\">\n                    Lubrificante 100% sint\u00e9tico, especialmente desenvolvido para atender aos mais modernos motores movidos a gasolina, etanol, biocombust\u00edvel e GNV. Sua formula\u00e7\u00e3o sint\u00e9tica altamente balanceada proporciona maior efici\u00eancia energ\u00e9tica \u201cFuel Economy\u201d, reduzindo...                <\/div>\n                \n                            <\/div>\n            <div class=\"eael-product-list-content-footer\">\n                \n                                <div class=\"eael-product-list-buttons\">\n                                        <p class=\"eael-product-list-add-to-cart-button eael-m-0\"><a href=\"https:\/\/energis8brasil.byteforce-ai.com\/en\/product\/vorax-synthetic-dx1\/\" aria-describedby=\"woocommerce_loop_add_to_cart_link_describedby_2325\" data-quantity=\"1\" class=\"button product_type_simple\" data-product_id=\"2325\" data-product_sku=\"\" aria-label=\"Read more about \u201cVorax Synthetic DX1\u201d\" rel=\"nofollow\" data-no-translation=\"\" data-trp-gettext=\"\" data-no-translation-aria-label=\"\">Read more<\/a><span id=\"woocommerce_loop_add_to_cart_link_describedby_2325\" class=\"screen-reader-text\">\n\t<\/span>\n<\/p>\n                    \n                                    <\/div>\n                            <\/div>\n        <\/div>\n    <\/div>\n<\/div><div class=\"product post-2324 type-product status-publish has-post-thumbnail product_cat-lubrificantes product_cat-veiculos-leves product_tag-sinteticos  instock shipping-taxable product-type-simple\">\n    <div class=\"eael-product-list-item\">\n                \n        <div class=\"eael-product-list-image-wrap\">\n                                                    \n            \n                <img decoding=\"async\" width=\"207\" height=\"300\" src=\"https:\/\/energis8brasil.byteforce-ai.com\/wp-content\/uploads\/2024\/03\/Vorax-Synthetic-SN-s-207x300.jpg\" class=\"attachment-medium size-medium\" alt=\"\" loading=\"eager\" \/>            \n            \n                        <ul class=\"eael-product-list-buttons-on-hover\">\n                                <li class=\"eael-product-list-add-to-cart-button eael-m-0\">\n                    <a href=\"https:\/\/energis8brasil.byteforce-ai.com\/en\/product\/vorax-synthetic-sn\/\" aria-describedby=\"woocommerce_loop_add_to_cart_link_describedby_2324\" data-quantity=\"1\" class=\"button product_type_simple\" data-product_id=\"2324\" data-product_sku=\"\" aria-label=\"Read more about \u201cVorax Synthetic SN\u201d\" rel=\"nofollow\" data-no-translation=\"\" data-trp-gettext=\"\" data-no-translation-aria-label=\"\">Read more<\/a><span id=\"woocommerce_loop_add_to_cart_link_describedby_2324\" class=\"screen-reader-text\">\n\t<\/span>\n                <\/li>\n                \n                \n                                <li class=\"eael-product-list-link-button eael-m-0\">\n                    <a href=\"https:\/\/energis8brasil.byteforce-ai.com\/en\/product\/vorax-synthetic-sn\/\"><i class=\"fas fa-link\"><\/i><\/a>\n                <\/li>\n                            <\/ul>\n                    <\/div>\n\n        <div class=\"eael-product-list-content-wrap\">\n            \n            <div class=\"eael-product-list-content-header\" >\n                                \n                <div class=\"eael-product-list-notice eael-product-list-notice-shiping-free\">\n                     \n                    <p>\n                        <i class=\"fas fa-box\"><\/i>\n                        Lubricants                    <\/p>\n                                    <\/div>\n            <\/div>\n            <div class=\"eael-product-list-content-body\">\n                            <h2 class=\"eael-product-list-title\">\n                                <a href=\"https:\/\/energis8brasil.byteforce-ai.com\/en\/product\/vorax-synthetic-sn\/\" class=\"woocommerce-LoopProduct-link woocommerce-loop-product__link\" target=\"_blank\">\n                    Vorax Synthetic SN                <\/a>\n                            <\/h2>\n        \n                                <div class=\"eael-product-list-excerpt\">\n                    Lubrificante de \u00faltima gera\u00e7\u00e3o 100% sint\u00e9tico especialmente desenvolvido para os modernos motores movidos a Gasolina, Etanol, GNV, Flex e Diesel tais como comerciais leves, autom\u00f3veis, SUVs e pick-ups. Sua f\u00f3rmula...                <\/div>\n                \n                            <\/div>\n            <div class=\"eael-product-list-content-footer\">\n                \n                                <div class=\"eael-product-list-buttons\">\n                                        <p class=\"eael-product-list-add-to-cart-button eael-m-0\"><a href=\"https:\/\/energis8brasil.byteforce-ai.com\/en\/product\/vorax-synthetic-sn\/\" aria-describedby=\"woocommerce_loop_add_to_cart_link_describedby_2324\" data-quantity=\"1\" class=\"button product_type_simple\" data-product_id=\"2324\" data-product_sku=\"\" aria-label=\"Read more about \u201cVorax Synthetic SN\u201d\" rel=\"nofollow\" data-no-translation=\"\" data-trp-gettext=\"\" data-no-translation-aria-label=\"\">Read more<\/a><span id=\"woocommerce_loop_add_to_cart_link_describedby_2324\" class=\"screen-reader-text\">\n\t<\/span>\n<\/p>\n                    \n                                    <\/div>\n                            <\/div>\n        <\/div>\n    <\/div>\n<\/div><div class=\"product post-2323 type-product status-publish has-post-thumbnail product_cat-lubrificantes product_cat-veiculos-leves product_tag-sinteticos last instock shipping-taxable product-type-simple\">\n    <div class=\"eael-product-list-item\">\n                \n        <div class=\"eael-product-list-image-wrap\">\n                                                    \n            \n                <img decoding=\"async\" width=\"207\" height=\"300\" src=\"https:\/\/energis8brasil.byteforce-ai.com\/wp-content\/uploads\/2024\/03\/Vorax-Synthetic-SM-s-207x300.jpg\" class=\"attachment-medium size-medium\" alt=\"\" loading=\"eager\" \/>            \n            \n                        <ul class=\"eael-product-list-buttons-on-hover\">\n                                <li class=\"eael-product-list-add-to-cart-button eael-m-0\">\n                    <a href=\"https:\/\/energis8brasil.byteforce-ai.com\/en\/product\/vorax-synthetic-sm\/\" aria-describedby=\"woocommerce_loop_add_to_cart_link_describedby_2323\" data-quantity=\"1\" class=\"button product_type_simple\" data-product_id=\"2323\" data-product_sku=\"\" aria-label=\"Read more about \u201cVorax Synthetic SM\u201d\" rel=\"nofollow\" data-no-translation=\"\" data-trp-gettext=\"\" data-no-translation-aria-label=\"\">Read more<\/a><span id=\"woocommerce_loop_add_to_cart_link_describedby_2323\" class=\"screen-reader-text\">\n\t<\/span>\n                <\/li>\n                \n                \n                                <li class=\"eael-product-list-link-button eael-m-0\">\n                    <a href=\"https:\/\/energis8brasil.byteforce-ai.com\/en\/product\/vorax-synthetic-sm\/\"><i class=\"fas fa-link\"><\/i><\/a>\n                <\/li>\n                            <\/ul>\n                    <\/div>\n\n        <div class=\"eael-product-list-content-wrap\">\n            \n            <div class=\"eael-product-list-content-header\" >\n                                \n                <div class=\"eael-product-list-notice eael-product-list-notice-shiping-free\">\n                     \n                    <p>\n                        <i class=\"fas fa-box\"><\/i>\n                        Lubricants                    <\/p>\n                                    <\/div>\n            <\/div>\n            <div class=\"eael-product-list-content-body\">\n                            <h2 class=\"eael-product-list-title\">\n                                <a href=\"https:\/\/energis8brasil.byteforce-ai.com\/en\/product\/vorax-synthetic-sm\/\" class=\"woocommerce-LoopProduct-link woocommerce-loop-product__link\" target=\"_blank\">\n                    Vorax Synthetic SM                <\/a>\n                            <\/h2>\n        \n                                <div class=\"eael-product-list-excerpt\">\n                    Lubrificante de base 100% sint\u00e9tica de alta tecnologia e \u00faltima gera\u00e7\u00e3o, desenvolvido para motores de alta performance, aspirados, com inje\u00e7\u00e3o multiponto, catalisadores, multiv\u00e1lvulas ou turbinados, o que garante melhor desempenho...                <\/div>\n                \n                            <\/div>\n            <div class=\"eael-product-list-content-footer\">\n                \n                                <div class=\"eael-product-list-buttons\">\n                                        <p class=\"eael-product-list-add-to-cart-button eael-m-0\"><a href=\"https:\/\/energis8brasil.byteforce-ai.com\/en\/product\/vorax-synthetic-sm\/\" aria-describedby=\"woocommerce_loop_add_to_cart_link_describedby_2323\" data-quantity=\"1\" class=\"button product_type_simple\" data-product_id=\"2323\" data-product_sku=\"\" aria-label=\"Read more about \u201cVorax Synthetic SM\u201d\" rel=\"nofollow\" data-no-translation=\"\" data-trp-gettext=\"\" data-no-translation-aria-label=\"\">Read more<\/a><span id=\"woocommerce_loop_add_to_cart_link_describedby_2323\" class=\"screen-reader-text\">\n\t<\/span>\n<\/p>\n                    \n                                    <\/div>\n                            <\/div>\n        <\/div>\n    <\/div>\n<\/div>                    <\/div>\n\n                                <div class=\"eael-load-more-button-wrap\">\n                <button class=\"eael-load-more-button\" id=\"eael-load-more-btn-ddb525b\" data-widget-id=\"ddb525b\" data-widget=\"ddb525b\" data-page-id=\"2344\" data-template=\"{&quot;dir&quot;:&quot;lite&quot;,&quot;file_name&quot;:&quot;preset-1.php&quot;,&quot;name&quot;:&quot;Woo-Product-List&quot;}\" data-class=\"Essential_Addons_Elementor\\Elements\\Woo_Product_List\" data-layout=\"preset-1\" data-page=\"1\" data-args=\"post_type=product&amp;order=desc&amp;post_status%5B0%5D=publish&amp;post_status%5B1%5D=pending&amp;post_status%5B2%5D=future&amp;posts_per_page=4&amp;offset=0&amp;tax_query%5Brelation%5D=AND&amp;tax_query%5B0%5D%5Btaxonomy%5D=product_visibility&amp;tax_query%5B0%5D%5Bfield%5D=name&amp;tax_query%5B0%5D%5Bterms%5D%5B0%5D=exclude-from-search&amp;tax_query%5B0%5D%5Bterms%5D%5B1%5D=exclude-from-catalog&amp;tax_query%5B0%5D%5Boperator%5D=NOT+IN&amp;tax_query%5B1%5D%5Btaxonomy%5D=product_cat&amp;tax_query%5B1%5D%5Bfield%5D=slug&amp;tax_query%5B1%5D%5Bterms%5D%5B0%5D=veiculos-leves&amp;tax_query%5B1%5D%5Boperator%5D=IN&amp;orderby=date&amp;meta_query%5Brelation%5D=AND&amp;total_post=8\" data-max-page=\"2\">\n                    <span class=\"eael-btn-loader button__loader\"><\/span>\n                    <span class=\"eael_load_more_text\">Carregar mais produtos<\/span>\n                <\/button>\n            <\/div>\n            \n                <\/div>\n            <\/div>\n        <\/div>\n\n\t\t\t\t<\/div>\n\t\t\t\t<\/div>\n\t\t\t\t\t<\/div>\n\t\t\t\t<\/div>\n\t\t\t\t<\/div>","protected":false},"excerpt":{"rendered":"<p>Lubrificantes Ve\u00edculos Leves A controlada Energis 8 Agroqu\u00edmica do grupo Energis 8 Brasil comercializa uma linha de lubrificantes para todo tipo de veiculo de passeio nacional e\/ou importado, movidos a gasolina, \u00e1lcool, flex , diesel e GNV. Cumprindo com os mais rigorosos padr\u00f5es de qualidade dos fabricantes destes ve\u00edculos. A performance dos lubrificantes para linha&hellip;&nbsp;<a href=\"https:\/\/energis8brasil.byteforce-ai.com\/en\/product\/vorax-synthetic-sm\/\" class=\"\" rel=\"bookmark\">Read More &raquo;<span class=\"screen-reader-text\">Vorax Synthetic SM<\/span><\/a><\/p>","protected":false},"author":1,"featured_media":0,"parent":0,"menu_order":0,"comment_status":"closed","ping_status":"closed","template":"page-templates\/template-pagebuilder-full-width.php","meta":{"neve_meta_sidebar":"","neve_meta_container":"","neve_meta_enable_content_width":"","neve_meta_content_width":0,"neve_meta_title_alignment":"","neve_meta_author_avatar":"","neve_post_elements_order":"","neve_meta_disable_header":"","neve_meta_disable_footer":"","neve_meta_disable_title":"","_mc_calendar":[],"footnotes":""},"class_list":["post-2344","page","type-page","status-publish","hentry"],"_links":{"self":[{"href":"https:\/\/energis8brasil.byteforce-ai.com\/en\/wp-json\/wp\/v2\/pages\/2344","targetHints":{"allow":["GET"]}}],"collection":[{"href":"https:\/\/energis8brasil.byteforce-ai.com\/en\/wp-json\/wp\/v2\/pages"}],"about":[{"href":"https:\/\/energis8brasil.byteforce-ai.com\/en\/wp-json\/wp\/v2\/types\/page"}],"author":[{"embeddable":true,"href":"https:\/\/energis8brasil.byteforce-ai.com\/en\/wp-json\/wp\/v2\/users\/1"}],"replies":[{"embeddable":true,"href":"https:\/\/energis8brasil.byteforce-ai.com\/en\/wp-json\/wp\/v2\/comments?post=2344"}],"version-history":[{"count":34,"href":"https:\/\/energis8brasil.byteforce-ai.com\/en\/wp-json\/wp\/v2\/pages\/2344\/revisions"}],"predecessor-version":[{"id":2647,"href":"https:\/\/energis8brasil.byteforce-ai.com\/en\/wp-json\/wp\/v2\/pages\/2344\/revisions\/2647"}],"wp:attachment":[{"href":"https:\/\/energis8brasil.byteforce-ai.com\/en\/wp-json\/wp\/v2\/media?parent=2344"}],"curies":[{"name":"wp","href":"https:\/\/api.w.org\/{rel}","templated":true}]}}