{"id":1176,"date":"2023-12-01T12:23:28","date_gmt":"2023-12-01T15:23:28","guid":{"rendered":"https:\/\/energis8brasil.byteforce-ai.com\/?page_id=1176"},"modified":"2024-03-28T10:30:48","modified_gmt":"2024-03-28T13:30:48","slug":"transportes","status":"publish","type":"page","link":"https:\/\/energis8brasil.byteforce-ai.com\/en\/transportes\/","title":{"rendered":"Transports"},"content":{"rendered":"<div data-elementor-type=\"wp-page\" data-elementor-id=\"1176\" class=\"elementor elementor-1176\">\n\t\t\t\t<div class=\"elementor-element elementor-element-cbb39af e-flex e-con-boxed e-con e-parent\" data-id=\"cbb39af\" data-element_type=\"container\" data-settings=\"{&quot;background_background&quot;:&quot;classic&quot;}\">\n\t\t\t\t\t<div class=\"e-con-inner\">\n\t\t\t\t<div class=\"elementor-element elementor-element-9b081fb animated-slow elementor-invisible elementor-widget elementor-widget-heading\" data-id=\"9b081fb\" data-element_type=\"widget\" data-settings=\"{&quot;_animation&quot;:&quot;fadeInRight&quot;,&quot;_animation_tablet&quot;:&quot;fadeIn&quot;}\" data-widget_type=\"heading.default\">\n\t\t\t\t<div class=\"elementor-widget-container\">\n\t\t\t<style>\/*! elementor - v3.22.0 - 26-06-2024 *\/\n.elementor-heading-title{padding:0;margin:0;line-height:1}.elementor-widget-heading .elementor-heading-title[class*=elementor-size-]>a{color:inherit;font-size:inherit;line-height:inherit}.elementor-widget-heading .elementor-heading-title.elementor-size-small{font-size:15px}.elementor-widget-heading .elementor-heading-title.elementor-size-medium{font-size:19px}.elementor-widget-heading .elementor-heading-title.elementor-size-large{font-size:29px}.elementor-widget-heading .elementor-heading-title.elementor-size-xl{font-size:39px}.elementor-widget-heading .elementor-heading-title.elementor-size-xxl{font-size:59px}<\/style><h2 class=\"elementor-heading-title elementor-size-default\">Transports<\/h2>\t\t<\/div>\n\t\t\t\t<\/div>\n\t\t\t\t\t<\/div>\n\t\t\t\t<\/div>\n\t\t<div class=\"elementor-element elementor-element-2495357 e-flex e-con-boxed e-con e-parent\" data-id=\"2495357\" data-element_type=\"container\" data-settings=\"{&quot;background_background&quot;:&quot;classic&quot;}\">\n\t\t\t\t\t<div class=\"e-con-inner\">\n\t\t\t\t<div class=\"elementor-element elementor-element-574fa23 elementor-widget elementor-widget-text-editor\" data-id=\"574fa23\" data-element_type=\"widget\" data-widget_type=\"text-editor.default\">\n\t\t\t\t<div class=\"elementor-widget-container\">\n\t\t\t<style>\/*! elementor - v3.22.0 - 26-06-2024 *\/\n.elementor-widget-text-editor.elementor-drop-cap-view-stacked .elementor-drop-cap{background-color:#69727d;color:#fff}.elementor-widget-text-editor.elementor-drop-cap-view-framed .elementor-drop-cap{color:#69727d;border:3px solid;background-color:transparent}.elementor-widget-text-editor:not(.elementor-drop-cap-view-default) .elementor-drop-cap{margin-top:8px}.elementor-widget-text-editor:not(.elementor-drop-cap-view-default) .elementor-drop-cap-letter{width:1em;height:1em}.elementor-widget-text-editor .elementor-drop-cap{float:left;text-align:center;line-height:1;font-size:50px}.elementor-widget-text-editor .elementor-drop-cap-letter{display:inline-block}<\/style>\t\t\t\t<p>Para oferecer o melhor servi\u00e7o de transporte para um determinado tipo de produto, \u00e9 necess\u00e1rio conhece-lo bem. Atrav\u00e9s da <a href=\"https:\/\/www.cotragbrasil.com.br\/\" target=\"_blank\" rel=\"noopener\"><strong>COTRAG TRANSPORTES<\/strong><\/a>, o Grupo Energis 8 Brasil une a experi\u00eancia de quem conhece o produto, com a efici\u00eancia de quem sabe o que o mercado precisa.<\/p>\t\t\t\t\t\t<\/div>\n\t\t\t\t<\/div>\n\t\t\t\t<div class=\"elementor-element elementor-element-437d9a6 elementor-widget elementor-widget-image\" data-id=\"437d9a6\" data-element_type=\"widget\" data-widget_type=\"image.default\">\n\t\t\t\t<div class=\"elementor-widget-container\">\n\t\t\t<style>\/*! elementor - v3.22.0 - 26-06-2024 *\/\n.elementor-widget-image{text-align:center}.elementor-widget-image a{display:inline-block}.elementor-widget-image a img[src$=\".svg\"]{width:48px}.elementor-widget-image img{vertical-align:middle;display:inline-block}<\/style>\t\t\t\t\t\t\t\t\t\t\t<a href=\"https:\/\/www.cotragbrasil.com.br\/\" target=\"_blank\">\n\t\t\t\t\t\t\t<img fetchpriority=\"high\" decoding=\"async\" width=\"1200\" height=\"406\" src=\"https:\/\/energis8brasil.byteforce-ai.com\/wp-content\/uploads\/2023\/12\/baner-cotrag-transportes.jpg\" class=\"attachment-full size-full wp-image-1184\" alt=\"Energis 8 Brasil - Cotrag Transporte\" srcset=\"https:\/\/energis8brasil.byteforce-ai.com\/wp-content\/uploads\/2023\/12\/baner-cotrag-transportes.jpg 1200w, https:\/\/energis8brasil.byteforce-ai.com\/wp-content\/uploads\/2023\/12\/baner-cotrag-transportes-600x203.jpg 600w, https:\/\/energis8brasil.byteforce-ai.com\/wp-content\/uploads\/2023\/12\/baner-cotrag-transportes-64x22.jpg 64w, https:\/\/energis8brasil.byteforce-ai.com\/wp-content\/uploads\/2023\/12\/baner-cotrag-transportes-300x102.jpg 300w, https:\/\/energis8brasil.byteforce-ai.com\/wp-content\/uploads\/2023\/12\/baner-cotrag-transportes-1024x346.jpg 1024w, https:\/\/energis8brasil.byteforce-ai.com\/wp-content\/uploads\/2023\/12\/baner-cotrag-transportes-768x260.jpg 768w, https:\/\/energis8brasil.byteforce-ai.com\/wp-content\/uploads\/2023\/12\/baner-cotrag-transportes-18x6.jpg 18w, https:\/\/energis8brasil.byteforce-ai.com\/wp-content\/uploads\/2023\/12\/baner-cotrag-transportes-200x68.jpg 200w\" sizes=\"(max-width: 1200px) 100vw, 1200px\" \/>\t\t\t\t\t\t\t\t<\/a>\n\t\t\t\t\t\t\t\t\t\t\t\t\t<\/div>\n\t\t\t\t<\/div>\n\t\t\t\t<div class=\"elementor-element elementor-element-d5cf977 elementor-widget elementor-widget-text-editor\" data-id=\"d5cf977\" data-element_type=\"widget\" data-widget_type=\"text-editor.default\">\n\t\t\t\t<div class=\"elementor-widget-container\">\n\t\t\t\t\t\t\t<p>With a daily movement capacity of 800 thousand liters and monthly of about 20 milions liters,\u00a0<a href=\"https:\/\/www.cotragbrasil.com.br\/\" target=\"_blank\" rel=\"noopener\"><strong>COTRAG TRANSPORTS<\/strong><\/a> is able to quickly and efficiently meet the demand for transportation of petroleum products at any stage of the logistics chain.<\/p><p>With a fleet made up of new carbon steel and stainless steel trucks, with compartments ranging from 15, 30 and 60 thousand liters, the company also offers fractional freight with delivery of dry cargo with platforms in drums, containers, drums and buckets of products. chemicals.<\/p>\t\t\t\t\t\t<\/div>\n\t\t\t\t<\/div>\n\t\t\t\t<div class=\"elementor-element elementor-element-a0ce63f elementor-widget elementor-widget-toggle\" data-id=\"a0ce63f\" data-element_type=\"widget\" data-widget_type=\"toggle.default\">\n\t\t\t\t<div class=\"elementor-widget-container\">\n\t\t\t<style>\/*! elementor - v3.22.0 - 26-06-2024 *\/\n.elementor-toggle{text-align:start}.elementor-toggle .elementor-tab-title{font-weight:700;line-height:1;margin:0;padding:15px;border-bottom:1px solid #d5d8dc;cursor:pointer;outline:none}.elementor-toggle .elementor-tab-title .elementor-toggle-icon{display:inline-block;width:1em}.elementor-toggle .elementor-tab-title .elementor-toggle-icon svg{margin-inline-start:-5px;width:1em;height:1em}.elementor-toggle .elementor-tab-title .elementor-toggle-icon.elementor-toggle-icon-right{float:right;text-align:right}.elementor-toggle .elementor-tab-title .elementor-toggle-icon.elementor-toggle-icon-left{float:left;text-align:left}.elementor-toggle .elementor-tab-title .elementor-toggle-icon .elementor-toggle-icon-closed{display:block}.elementor-toggle .elementor-tab-title .elementor-toggle-icon .elementor-toggle-icon-opened{display:none}.elementor-toggle .elementor-tab-title.elementor-active{border-bottom:none}.elementor-toggle .elementor-tab-title.elementor-active .elementor-toggle-icon-closed{display:none}.elementor-toggle .elementor-tab-title.elementor-active .elementor-toggle-icon-opened{display:block}.elementor-toggle .elementor-tab-content{padding:15px;border-bottom:1px solid #d5d8dc;display:none}@media (max-width:767px){.elementor-toggle .elementor-tab-title{padding:12px}.elementor-toggle .elementor-tab-content{padding:12px 10px}}.e-con-inner>.elementor-widget-toggle,.e-con>.elementor-widget-toggle{width:var(--container-widget-width);--flex-grow:var(--container-widget-flex-grow)}<\/style>\t\t<div class=\"elementor-toggle\">\n\t\t\t\t\t\t\t<div class=\"elementor-toggle-item\">\n\t\t\t\t\t<div id=\"elementor-tab-title-1681\" class=\"elementor-tab-title\" data-tab=\"1\" role=\"button\" aria-controls=\"elementor-tab-content-1681\" aria-expanded=\"false\">\n\t\t\t\t\t\t\t\t\t\t\t\t<span class=\"elementor-toggle-icon elementor-toggle-icon-left\" aria-hidden=\"true\">\n\t\t\t\t\t\t\t\t\t\t\t\t\t\t\t<span class=\"elementor-toggle-icon-closed\"><svg xmlns=\"http:\/\/www.w3.org\/2000\/svg\" xml:space=\"preserve\" width=\"110\" height=\"110\" style=\"shape-rendering:geometricPrecision;text-rendering:geometricPrecision;image-rendering:optimizeQuality;fill-rule:evenodd;clip-rule:evenodd\" viewbox=\"0 0 2910 2910\"><path d=\"M1455 0c804 0 1455 652 1455 1455 0 804-651 1455-1455 1455C652 2910 0 2259 0 1455 0 652 652 0 1455 0zm-270 1513c-311 180-623 353-935 463-201-541 14-1342 843-1601 360-113 1075-7 745 670-207 171-446 297-653 468zm540-115c312-181 623-354 935-463 201 541-13 1342-842 1601-360 112-1075 6-745-671 207-170 445-297 652-467z\" style=\"fill:#585856\"><\/path><path d=\"M2462 405c212 203 363 470 421 771-333 459-860 376-1467 663-590 278-617 665-377 1011-390-116-712-392-889-751 43-421 186-757 661-930 700-255 1615-261 1651-764z\" style=\"fill:#ef7f05\"><\/path><\/svg><\/span>\n\t\t\t\t\t\t\t\t<span class=\"elementor-toggle-icon-opened\"><svg xmlns=\"http:\/\/www.w3.org\/2000\/svg\" xml:space=\"preserve\" width=\"110\" height=\"110\" style=\"shape-rendering:geometricPrecision;text-rendering:geometricPrecision;image-rendering:optimizeQuality;fill-rule:evenodd;clip-rule:evenodd\" viewbox=\"0 0 2910 2910\"><path d=\"M1455 0c804 0 1455 652 1455 1455 0 804-651 1455-1455 1455C652 2910 0 2259 0 1455 0 652 652 0 1455 0zm-270 1513c-311 180-623 353-935 463-201-541 14-1342 843-1601 360-113 1075-7 745 670-207 171-446 297-653 468zm540-115c312-181 623-354 935-463 201 541-13 1342-842 1601-360 112-1075 6-745-671 207-170 445-297 652-467z\" style=\"fill:#585856\"><\/path><path d=\"M2462 405c212 203 363 470 421 771-333 459-860 376-1467 663-590 278-617 665-377 1011-390-116-712-392-889-751 43-421 186-757 661-930 700-255 1615-261 1651-764z\" style=\"fill:#ef7f05\"><\/path><\/svg><\/span>\n\t\t\t\t\t\t\t\t\t\t\t\t\t<\/span>\n\t\t\t\t\t\t\t\t\t\t\t\t<a class=\"elementor-toggle-title\" tabindex=\"0\">Oil Derivates<\/a>\n\t\t\t\t\t<\/div>\n\n\t\t\t\t\t<div id=\"elementor-tab-content-1681\" class=\"elementor-tab-content elementor-clearfix\" data-tab=\"1\" role=\"region\" aria-labelledby=\"elementor-tab-title-1681\"><p>\u2013 There are 800 thousand liters per day and approximately 20 million liters per month of handling capacity.<\/p><p>\u2013 New fully prepared vehicles, made of carbon and stainless steel, with cargo compartments that vary in capacity between 15, 30 and 60 thousand liters.<\/p><p>\u2013 Closed or fractional freight, with platforms in drums, containers, drums and buckets of chemical products.<\/p><p>COTRAG Transportes offers safe, agile and specialized transportation of the most diverse chemical products and petroleum derivatives.<\/p><\/div>\n\t\t\t\t<\/div>\n\t\t\t\t\t\t\t\t<\/div>\n\t\t\t\t<\/div>\n\t\t\t\t<\/div>\n\t\t\t\t\t<\/div>\n\t\t\t\t<\/div>\n\t\t\t\t<\/div>","protected":false},"excerpt":{"rendered":"<p>Transportes Para oferecer o melhor servi\u00e7o de transporte para um determinado tipo de produto, \u00e9 necess\u00e1rio conhece-lo bem. Atrav\u00e9s da COTRAG TRANSPORTES, o Grupo Energis 8 Brasil une a experi\u00eancia de quem conhece o produto, com a efici\u00eancia de quem sabe o que o mercado precisa. Com a capacidade de movimenta\u00e7\u00e3o di\u00e1ria de 800 mil&hellip;&nbsp;<a href=\"https:\/\/energis8brasil.byteforce-ai.com\/en\/transportes\/\" class=\"\" rel=\"bookmark\">Read More &raquo;<span class=\"screen-reader-text\">Transports<\/span><\/a><\/p>","protected":false},"author":1,"featured_media":0,"parent":0,"menu_order":0,"comment_status":"closed","ping_status":"closed","template":"page-templates\/template-pagebuilder-full-width.php","meta":{"neve_meta_sidebar":"","neve_meta_container":"","neve_meta_enable_content_width":"","neve_meta_content_width":0,"neve_meta_title_alignment":"","neve_meta_author_avatar":"","neve_post_elements_order":"","neve_meta_disable_header":"","neve_meta_disable_footer":"","neve_meta_disable_title":"","_mc_calendar":[],"footnotes":""},"class_list":["post-1176","page","type-page","status-publish","hentry"],"_links":{"self":[{"href":"https:\/\/energis8brasil.byteforce-ai.com\/en\/wp-json\/wp\/v2\/pages\/1176","targetHints":{"allow":["GET"]}}],"collection":[{"href":"https:\/\/energis8brasil.byteforce-ai.com\/en\/wp-json\/wp\/v2\/pages"}],"about":[{"href":"https:\/\/energis8brasil.byteforce-ai.com\/en\/wp-json\/wp\/v2\/types\/page"}],"author":[{"embeddable":true,"href":"https:\/\/energis8brasil.byteforce-ai.com\/en\/wp-json\/wp\/v2\/users\/1"}],"replies":[{"embeddable":true,"href":"https:\/\/energis8brasil.byteforce-ai.com\/en\/wp-json\/wp\/v2\/comments?post=1176"}],"version-history":[{"count":28,"href":"https:\/\/energis8brasil.byteforce-ai.com\/en\/wp-json\/wp\/v2\/pages\/1176\/revisions"}],"predecessor-version":[{"id":2695,"href":"https:\/\/energis8brasil.byteforce-ai.com\/en\/wp-json\/wp\/v2\/pages\/1176\/revisions\/2695"}],"wp:attachment":[{"href":"https:\/\/energis8brasil.byteforce-ai.com\/en\/wp-json\/wp\/v2\/media?parent=1176"}],"curies":[{"name":"wp","href":"https:\/\/api.w.org\/{rel}","templated":true}]}}