{"id":1013,"date":"2023-12-01T10:59:00","date_gmt":"2023-12-01T13:59:00","guid":{"rendered":"https:\/\/energis8brasil.byteforce-ai.com\/?page_id=1013"},"modified":"2024-02-26T01:33:55","modified_gmt":"2024-02-26T04:33:55","slug":"quimicos","status":"publish","type":"page","link":"https:\/\/energis8brasil.byteforce-ai.com\/en\/quimicos\/","title":{"rendered":"Chemicals"},"content":{"rendered":"<div data-elementor-type=\"wp-page\" data-elementor-id=\"1013\" class=\"elementor elementor-1013\">\n\t\t\t\t<div class=\"elementor-element elementor-element-cbb39af e-flex e-con-boxed e-con e-parent\" data-id=\"cbb39af\" data-element_type=\"container\" data-settings=\"{&quot;background_background&quot;:&quot;classic&quot;}\">\n\t\t\t\t\t<div class=\"e-con-inner\">\n\t\t\t\t<div class=\"elementor-element elementor-element-9b081fb animated-slow elementor-invisible elementor-widget elementor-widget-heading\" data-id=\"9b081fb\" data-element_type=\"widget\" data-settings=\"{&quot;_animation&quot;:&quot;fadeInRight&quot;,&quot;_animation_tablet&quot;:&quot;fadeIn&quot;}\" data-widget_type=\"heading.default\">\n\t\t\t\t<div class=\"elementor-widget-container\">\n\t\t\t<style>\/*! elementor - v3.22.0 - 26-06-2024 *\/\n.elementor-heading-title{padding:0;margin:0;line-height:1}.elementor-widget-heading .elementor-heading-title[class*=elementor-size-]>a{color:inherit;font-size:inherit;line-height:inherit}.elementor-widget-heading .elementor-heading-title.elementor-size-small{font-size:15px}.elementor-widget-heading .elementor-heading-title.elementor-size-medium{font-size:19px}.elementor-widget-heading .elementor-heading-title.elementor-size-large{font-size:29px}.elementor-widget-heading .elementor-heading-title.elementor-size-xl{font-size:39px}.elementor-widget-heading .elementor-heading-title.elementor-size-xxl{font-size:59px}<\/style><h2 class=\"elementor-heading-title elementor-size-default\">Chemicals<\/h2>\t\t<\/div>\n\t\t\t\t<\/div>\n\t\t\t\t\t<\/div>\n\t\t\t\t<\/div>\n\t\t<div class=\"elementor-element elementor-element-2495357 e-flex e-con-boxed e-con e-parent\" data-id=\"2495357\" data-element_type=\"container\" data-settings=\"{&quot;background_background&quot;:&quot;classic&quot;}\">\n\t\t\t\t\t<div class=\"e-con-inner\">\n\t\t\t\t<div class=\"elementor-element elementor-element-574fa23 elementor-widget elementor-widget-text-editor\" data-id=\"574fa23\" data-element_type=\"widget\" data-widget_type=\"text-editor.default\">\n\t\t\t\t<div class=\"elementor-widget-container\">\n\t\t\t<style>\/*! elementor - v3.22.0 - 26-06-2024 *\/\n.elementor-widget-text-editor.elementor-drop-cap-view-stacked .elementor-drop-cap{background-color:#69727d;color:#fff}.elementor-widget-text-editor.elementor-drop-cap-view-framed .elementor-drop-cap{color:#69727d;border:3px solid;background-color:transparent}.elementor-widget-text-editor:not(.elementor-drop-cap-view-default) .elementor-drop-cap{margin-top:8px}.elementor-widget-text-editor:not(.elementor-drop-cap-view-default) .elementor-drop-cap-letter{width:1em;height:1em}.elementor-widget-text-editor .elementor-drop-cap{float:left;text-align:center;line-height:1;font-size:50px}.elementor-widget-text-editor .elementor-drop-cap-letter{display:inline-block}<\/style>\t\t\t\t<p>With an innovative profile, the Energis 8 Brasil Group has since 2015 included products for the chemical specialty segments in its business portfolio, serving our customers in a functional way with high quality raw materials and cutting-edge technology to serve the most diverse segments of the industry. transformation and processing.<\/p>\n<p>Al\u00e9m dos produtos que j\u00e1 comercializamos atualmente, tais como: \u00d3leos Minerais Paraf\u00ednicos, Naft\u00eanicos , Arom\u00e1ticos, \u00d3leos Brancos Graus T\u00e9cnicos e USP, Vaselinas Liquidas e S\u00f3lidas.<\/p>\t\t\t\t\t\t<\/div>\n\t\t\t\t<\/div>\n\t\t\t\t<div class=\"elementor-element elementor-element-437d9a6 elementor-widget elementor-widget-image\" data-id=\"437d9a6\" data-element_type=\"widget\" data-widget_type=\"image.default\">\n\t\t\t\t<div class=\"elementor-widget-container\">\n\t\t\t<style>\/*! elementor - v3.22.0 - 26-06-2024 *\/\n.elementor-widget-image{text-align:center}.elementor-widget-image a{display:inline-block}.elementor-widget-image a img[src$=\".svg\"]{width:48px}.elementor-widget-image img{vertical-align:middle;display:inline-block}<\/style>\t\t\t\t\t\t\t\t\t\t<img fetchpriority=\"high\" decoding=\"async\" width=\"1200\" height=\"673\" src=\"https:\/\/energis8brasil.byteforce-ai.com\/wp-content\/uploads\/2024\/02\/quimicos1.jpg\" class=\"attachment-full size-full wp-image-2115\" alt=\"Energis 8 Quimicos\" srcset=\"https:\/\/energis8brasil.byteforce-ai.com\/wp-content\/uploads\/2024\/02\/quimicos1.jpg 1200w, https:\/\/energis8brasil.byteforce-ai.com\/wp-content\/uploads\/2024\/02\/quimicos1-600x337.jpg 600w, https:\/\/energis8brasil.byteforce-ai.com\/wp-content\/uploads\/2024\/02\/quimicos1-64x36.jpg 64w, https:\/\/energis8brasil.byteforce-ai.com\/wp-content\/uploads\/2024\/02\/quimicos1-300x168.jpg 300w, https:\/\/energis8brasil.byteforce-ai.com\/wp-content\/uploads\/2024\/02\/quimicos1-1024x574.jpg 1024w, https:\/\/energis8brasil.byteforce-ai.com\/wp-content\/uploads\/2024\/02\/quimicos1-768x431.jpg 768w, https:\/\/energis8brasil.byteforce-ai.com\/wp-content\/uploads\/2024\/02\/quimicos1-18x10.jpg 18w, https:\/\/energis8brasil.byteforce-ai.com\/wp-content\/uploads\/2024\/02\/quimicos1-200x112.jpg 200w\" sizes=\"(max-width: 1200px) 100vw, 1200px\" \/>\t\t\t\t\t\t\t\t\t\t\t\t\t<\/div>\n\t\t\t\t<\/div>\n\t\t<div class=\"elementor-element elementor-element-bbf2b72 e-flex e-con-boxed e-con e-child\" data-id=\"bbf2b72\" data-element_type=\"container\" id=\"qui_minerais\">\n\t\t\t\t\t<div class=\"e-con-inner\">\n\t\t<div class=\"elementor-element elementor-element-5d5b16c e-con-full e-flex elementor-invisible e-con e-child\" data-id=\"5d5b16c\" data-element_type=\"container\" data-settings=\"{&quot;animation&quot;:&quot;fadeInLeft&quot;}\">\n\t\t\t\t<div class=\"elementor-element elementor-element-8cec58d elementor-widget elementor-widget-heading\" data-id=\"8cec58d\" data-element_type=\"widget\" data-widget_type=\"heading.default\">\n\t\t\t\t<div class=\"elementor-widget-container\">\n\t\t\t<h2 class=\"elementor-heading-title elementor-size-default\">Mineral Basics Oil<\/h2>\t\t<\/div>\n\t\t\t\t<\/div>\n\t\t\t\t<div class=\"elementor-element elementor-element-2c94a1f elementor-widget elementor-widget-text-editor\" data-id=\"2c94a1f\" data-element_type=\"widget\" data-widget_type=\"text-editor.default\">\n\t\t\t\t<div class=\"elementor-widget-container\">\n\t\t\t\t\t\t\t<p>To meet market demand, we provide our customers with Basic Mineral Oils, which are obtained by distilling petroleum, followed by paraffin extraction and hydrotreatment.<\/p><p>They can be classified as: Paraffinic, Groups I, II and III, Naphthenic and Aromatic of Group V, in the most diverse specifications.<\/p><p>Apresentam uma ampla gama de aplica\u00e7\u00f5es na Ind\u00fastria de Lubrificantes Automotivos e Industriais, Borracha, Pneum\u00e1ticos, \u00d3leos de Processo, Plastificantes, Isolantes, Antiespumantes, Desmoldantes, Tintas e Vernizes, Industrias de Pl\u00e1sticos e Ind\u00fastrias Qu\u00edmicas.<\/p><p>Products from the Oil Industry with highly qualified local and global suppliers.<\/p>\t\t\t\t\t\t<\/div>\n\t\t\t\t<\/div>\n\t\t\t\t<div class=\"elementor-element elementor-element-b0dff62 elementor-widget elementor-widget-button\" data-id=\"b0dff62\" data-element_type=\"widget\" data-widget_type=\"button.default\">\n\t\t\t\t<div class=\"elementor-widget-container\">\n\t\t\t\t\t<div class=\"elementor-button-wrapper\">\n\t\t\t<a class=\"elementor-button elementor-button-link elementor-size-sm\" href=\"#\">\n\t\t\t\t\t\t<span class=\"elementor-button-content-wrapper\">\n\t\t\t\t\t\t\t\t\t<span class=\"elementor-button-text\">Conhe\u00e7a os produtos desta linha<\/span>\n\t\t\t\t\t<\/span>\n\t\t\t\t\t<\/a>\n\t\t<\/div>\n\t\t\t\t<\/div>\n\t\t\t\t<\/div>\n\t\t\t\t<\/div>\n\t\t<div class=\"elementor-element elementor-element-51af4b9 e-con-full e-flex elementor-invisible e-con e-child\" data-id=\"51af4b9\" data-element_type=\"container\" data-settings=\"{&quot;animation&quot;:&quot;fadeInRight&quot;}\">\n\t\t\t\t<div class=\"elementor-element elementor-element-ba252cb elementor-widget elementor-widget-image\" data-id=\"ba252cb\" data-element_type=\"widget\" data-widget_type=\"image.default\">\n\t\t\t\t<div class=\"elementor-widget-container\">\n\t\t\t\t\t\t\t\t\t\t\t\t\t<img decoding=\"async\" width=\"750\" height=\"750\" src=\"https:\/\/energis8brasil.byteforce-ai.com\/wp-content\/uploads\/2024\/02\/quimicos2.jpg\" class=\"attachment-large size-large wp-image-2123\" alt=\"Energis 8 Quimicos\" srcset=\"https:\/\/energis8brasil.byteforce-ai.com\/wp-content\/uploads\/2024\/02\/quimicos2.jpg 750w, https:\/\/energis8brasil.byteforce-ai.com\/wp-content\/uploads\/2024\/02\/quimicos2-300x300.jpg 300w, https:\/\/energis8brasil.byteforce-ai.com\/wp-content\/uploads\/2024\/02\/quimicos2-100x100.jpg 100w, https:\/\/energis8brasil.byteforce-ai.com\/wp-content\/uploads\/2024\/02\/quimicos2-600x600.jpg 600w, https:\/\/energis8brasil.byteforce-ai.com\/wp-content\/uploads\/2024\/02\/quimicos2-64x64.jpg 64w, https:\/\/energis8brasil.byteforce-ai.com\/wp-content\/uploads\/2024\/02\/quimicos2-150x150.jpg 150w, https:\/\/energis8brasil.byteforce-ai.com\/wp-content\/uploads\/2024\/02\/quimicos2-12x12.jpg 12w, https:\/\/energis8brasil.byteforce-ai.com\/wp-content\/uploads\/2024\/02\/quimicos2-200x200.jpg 200w\" sizes=\"(max-width: 750px) 100vw, 750px\" \/>\t\t\t\t\t\t\t\t\t\t\t\t\t<\/div>\n\t\t\t\t<\/div>\n\t\t\t\t<\/div>\n\t\t\t\t\t<\/div>\n\t\t\t\t<\/div>\n\t\t<div class=\"elementor-element elementor-element-4638e24 e-flex e-con-boxed e-con e-child\" data-id=\"4638e24\" data-element_type=\"container\" id=\"qui_brancos\">\n\t\t\t\t\t<div class=\"e-con-inner\">\n\t\t<div class=\"elementor-element elementor-element-cb31dba e-con-full e-flex elementor-invisible e-con e-child\" data-id=\"cb31dba\" data-element_type=\"container\" data-settings=\"{&quot;animation&quot;:&quot;fadeInLeft&quot;}\">\n\t\t\t\t<div class=\"elementor-element elementor-element-cb824a8 elementor-widget elementor-widget-image\" data-id=\"cb824a8\" data-element_type=\"widget\" data-widget_type=\"image.default\">\n\t\t\t\t<div class=\"elementor-widget-container\">\n\t\t\t\t\t\t\t\t\t\t\t\t\t<img decoding=\"async\" width=\"750\" height=\"750\" src=\"https:\/\/energis8brasil.byteforce-ai.com\/wp-content\/uploads\/2024\/02\/quimicos4.jpg\" class=\"attachment-large size-large wp-image-2125\" alt=\"Energis 8 Quimicos\" srcset=\"https:\/\/energis8brasil.byteforce-ai.com\/wp-content\/uploads\/2024\/02\/quimicos4.jpg 750w, https:\/\/energis8brasil.byteforce-ai.com\/wp-content\/uploads\/2024\/02\/quimicos4-300x300.jpg 300w, https:\/\/energis8brasil.byteforce-ai.com\/wp-content\/uploads\/2024\/02\/quimicos4-100x100.jpg 100w, https:\/\/energis8brasil.byteforce-ai.com\/wp-content\/uploads\/2024\/02\/quimicos4-600x600.jpg 600w, https:\/\/energis8brasil.byteforce-ai.com\/wp-content\/uploads\/2024\/02\/quimicos4-64x64.jpg 64w, https:\/\/energis8brasil.byteforce-ai.com\/wp-content\/uploads\/2024\/02\/quimicos4-150x150.jpg 150w, https:\/\/energis8brasil.byteforce-ai.com\/wp-content\/uploads\/2024\/02\/quimicos4-12x12.jpg 12w, https:\/\/energis8brasil.byteforce-ai.com\/wp-content\/uploads\/2024\/02\/quimicos4-200x200.jpg 200w\" sizes=\"(max-width: 750px) 100vw, 750px\" \/>\t\t\t\t\t\t\t\t\t\t\t\t\t<\/div>\n\t\t\t\t<\/div>\n\t\t\t\t<\/div>\n\t\t<div class=\"elementor-element elementor-element-8506430 e-con-full e-flex elementor-invisible e-con e-child\" data-id=\"8506430\" data-element_type=\"container\" data-settings=\"{&quot;animation&quot;:&quot;fadeInRight&quot;}\">\n\t\t\t\t<div class=\"elementor-element elementor-element-62d2b85 elementor-widget elementor-widget-heading\" data-id=\"62d2b85\" data-element_type=\"widget\" data-widget_type=\"heading.default\">\n\t\t\t\t<div class=\"elementor-widget-container\">\n\t\t\t<h2 class=\"elementor-heading-title elementor-size-default\">White Oils and USP<\/h2>\t\t<\/div>\n\t\t\t\t<\/div>\n\t\t\t\t<div class=\"elementor-element elementor-element-68dd331 elementor-widget elementor-widget-text-editor\" data-id=\"68dd331\" data-element_type=\"widget\" data-widget_type=\"text-editor.default\">\n\t\t\t\t<div class=\"elementor-widget-container\">\n\t\t\t\t\t\t\t<p>To meet market demand, we offer a complete line with the main Technical and USP Grade White Mineral Oils, which are obtained through the hydrotreatment process to remove organic compounds considered as impurities and which are present in petroleum derivatives, as well as complying with current legislation.<\/p><p>Our USP Grade White Mineral Oils follow the standards of international pharmacopoeias and can be used in the Lubricant, Pharmaceutical, Cosmetic, Food, Packaging, Resin, Textile, Masterbacht and Adhesive Paint Industries.<\/p>\t\t\t\t\t\t<\/div>\n\t\t\t\t<\/div>\n\t\t\t\t<div class=\"elementor-element elementor-element-fedf53e elementor-widget elementor-widget-button\" data-id=\"fedf53e\" data-element_type=\"widget\" data-widget_type=\"button.default\">\n\t\t\t\t<div class=\"elementor-widget-container\">\n\t\t\t\t\t<div class=\"elementor-button-wrapper\">\n\t\t\t<a class=\"elementor-button elementor-button-link elementor-size-sm\" href=\"#\">\n\t\t\t\t\t\t<span class=\"elementor-button-content-wrapper\">\n\t\t\t\t\t\t\t\t\t<span class=\"elementor-button-text\">Conhe\u00e7a os produtos desta linha<\/span>\n\t\t\t\t\t<\/span>\n\t\t\t\t\t<\/a>\n\t\t<\/div>\n\t\t\t\t<\/div>\n\t\t\t\t<\/div>\n\t\t\t\t<\/div>\n\t\t\t\t\t<\/div>\n\t\t\t\t<\/div>\n\t\t\t\t\t<\/div>\n\t\t\t\t<\/div>\n\t\t\t\t<\/div>","protected":false},"excerpt":{"rendered":"<p>Qu\u00edmicos Com perfil inovador o Grupo Energis 8 Brasil inseriu a partir de 2015 em seu portf\u00f3lio de neg\u00f3cios produtos para os segmentos de Especialidades qu\u00edmicas atendendo de forma funcional aos nossos clientes com mat\u00e9rias primas de alta qualidade e tecnologia de ponta para atender aos mais diversos segmentos da industria de transforma\u00e7\u00e3o e processamento.&hellip;&nbsp;<a href=\"https:\/\/energis8brasil.byteforce-ai.com\/en\/quimicos\/\" class=\"\" rel=\"bookmark\">Read More &raquo;<span class=\"screen-reader-text\">Chemicals<\/span><\/a><\/p>","protected":false},"author":1,"featured_media":0,"parent":0,"menu_order":0,"comment_status":"closed","ping_status":"closed","template":"page-templates\/template-pagebuilder-full-width.php","meta":{"neve_meta_sidebar":"","neve_meta_container":"","neve_meta_enable_content_width":"","neve_meta_content_width":0,"neve_meta_title_alignment":"","neve_meta_author_avatar":"","neve_post_elements_order":"","neve_meta_disable_header":"","neve_meta_disable_footer":"","neve_meta_disable_title":"","_mc_calendar":[],"footnotes":""},"class_list":["post-1013","page","type-page","status-publish","hentry"],"_links":{"self":[{"href":"https:\/\/energis8brasil.byteforce-ai.com\/en\/wp-json\/wp\/v2\/pages\/1013","targetHints":{"allow":["GET"]}}],"collection":[{"href":"https:\/\/energis8brasil.byteforce-ai.com\/en\/wp-json\/wp\/v2\/pages"}],"about":[{"href":"https:\/\/energis8brasil.byteforce-ai.com\/en\/wp-json\/wp\/v2\/types\/page"}],"author":[{"embeddable":true,"href":"https:\/\/energis8brasil.byteforce-ai.com\/en\/wp-json\/wp\/v2\/users\/1"}],"replies":[{"embeddable":true,"href":"https:\/\/energis8brasil.byteforce-ai.com\/en\/wp-json\/wp\/v2\/comments?post=1013"}],"version-history":[{"count":56,"href":"https:\/\/energis8brasil.byteforce-ai.com\/en\/wp-json\/wp\/v2\/pages\/1013\/revisions"}],"predecessor-version":[{"id":2134,"href":"https:\/\/energis8brasil.byteforce-ai.com\/en\/wp-json\/wp\/v2\/pages\/1013\/revisions\/2134"}],"wp:attachment":[{"href":"https:\/\/energis8brasil.byteforce-ai.com\/en\/wp-json\/wp\/v2\/media?parent=1013"}],"curies":[{"name":"wp","href":"https:\/\/api.w.org\/{rel}","templated":true}]}}